{"id":730,"date":"2017-05-19T14:58:52","date_gmt":"2017-05-19T14:58:52","guid":{"rendered":"http:\/\/www.wellcode.de\/home\/?page_id=730"},"modified":"2021-06-27T19:47:37","modified_gmt":"2021-06-27T19:47:37","slug":"wello-container-management-de","status":"publish","type":"page","link":"https:\/\/wellcode.de\/home\/index.php\/de\/wello-container-management-de\/","title":{"rendered":"Wello Container Management  (de)"},"content":{"rendered":"<h1><img loading=\"lazy\" decoding=\"async\" class=\"wp-image-888 alignright\" src=\"\/home\/wp-content\/uploads\/CONTAINERS@2x.png\" sizes=\"auto, (max-width: 130px) 100vw, 130px\" srcset=\"\/home\/wp-content\/uploads\/CONTAINERS@2x.png 1600w, \/home\/wp-content\/uploads\/CONTAINERS@2x-300x250.png 300w, \/home\/wp-content\/uploads\/CONTAINERS@2x-768x640.png 768w, \/home\/wp-content\/uploads\/CONTAINERS@2x-1024x854.png 1024w\" alt=\"\" width=\"130\" height=\"108\" \/>Mulden- &amp; Containerverwaltung<\/h1>\n<h2>Vorwort<\/h2>\n<p>Gemeint sind die Mietmulden &amp; -container im Umlauf. D. h. sie werden beim Kunden hingestellt und sp\u00e4ter abgeholt.<\/p>\n<p>Die Muldenverwaltung verfolgt folgende Ziele:<\/p>\n<ul>\n<li>Wo befinden sich aktuell alle Mulden\/Container \u2013 mit GEO-Karte-?<\/li>\n<li>Einfache Handhabung f\u00fcr den Fahrer<\/li>\n<li>Selbstkorrigierendes Mechanismus, sollte einmal die Mulde nicht richtig erfasst sein.<\/li>\n<li>Automatische Erkennung, ob die Touren Mulden\/Container stellen oder abholen<\/li>\n<li>Automatische Erstellung von Positionen in den Touren f\u00fcr Mulden-\/Containertransport.<\/li>\n<li>Automatische Buchung in der Lagerverwaltung<\/li>\n<\/ul>\n<h1>Verallgemeinerung<\/h1>\n<p>Die Muldenverwaltung kann auf jedes Equipment angewendet werden, der transportiert wird, selbst Wieg-Materialien, wie Erde, Bauschutt und des Gleichen.<\/p>\n<p>Werden Wieg-Materialien mit den Touren gepflegt, so k\u00f6nnen sp\u00e4ter Statistiken ausgef\u00fchrt werden, z. B. wie h\u00e4ufig aus welchem Ort ein Material transportiert wird. Ebenfalls k\u00f6nnen aus den Touren Rechnungen erstellt werden.<\/p>\n<h1>Stammdaten<\/h1>\n<p>Die Muldenverwaltung an sich ist Teil der Lagerverwaltung, erweitert um einige Funktionen.<\/p>\n<p>Alle Mulden werden als Artikel im Artikelstamm aufgenommen, wobei sie einer Artikelgruppe mit der <strong>Nummer 130<\/strong> untergeordnet sein m\u00fcssen.<\/p>\n<h2>Artikelgruppe<\/h2>\n<p>Alle Mulden &amp; Container m\u00fcssen einer Artikelgruppe mit der Nummer 130 untergeordnet sein. Daf\u00fcr wird eine solche Artikelgruppe in den Stammdaten aufgenommen.<\/p>\n<p>Die Flagge GEO-Verfolgung markiert, dass die Artikel mit GEO-Daten zu versehen sind, damit sie sp\u00e4ter auf einer Weltkarte angezeigt werden k\u00f6nnen.<\/p>\n<p><img loading=\"lazy\" decoding=\"async\" class=\"size-full wp-image-731 alignnone\" src=\"\/home\/wp-content\/uploads\/image001.png\" alt=\"\" width=\"622\" height=\"496\" srcset=\"https:\/\/wellcode.de\/home\/wp-content\/uploads\/image001.png 622w, https:\/\/wellcode.de\/home\/wp-content\/uploads\/image001-300x239.png 300w\" sizes=\"auto, (max-width: 622px) 100vw, 622px\" \/><\/p>\n<h2>Artikelstamm<\/h2>\n<p>Da die Mulden &amp; Container Individuen sind, m\u00fcssen sie alle einzeln im Artikelstamm aufgenommen werden.<\/p>\n<p>Dabei muss jede Mulde oder Container eine eindeutige Nummer bekommen. Hier empfiehlt sich eine <strong>vierstellige Nummer<\/strong> f\u00fcr die Mulden beginnend <strong>mit 1000<\/strong> zu vergeben. Dies vereinfacht das Eintippen der transportierten Mulden f\u00fcr den Fahrer und mit vier Stellen k\u00f6nnen sie in den Suchfeldern eindeutig aufgelistet werden.<\/p>\n<p>Die vergebenen Nummern m\u00fcssen logischerweise an jeder Mulde aufgeschrieben werden. Dies kann mit einer Spray-Dose aufgedruckt werden oder ein stabiles Schild wird mit der Nummer an der Mulde angebracht.<\/p>\n<p>Ebenfalls k\u00f6nnen die Mulden &amp; Container \u00fcber aufgebrachte <strong>Barcodes<\/strong> oder <strong>QR-Codes<\/strong> selektiert werden. Daf\u00fcr muss im Barcode-Feld die entsprechende ID eingetragen werden. Das Auslesen eines angebrachten\u00a0<strong>RFID Chips<\/strong>\u00a0wird unterst\u00fctzt, soweit Ihr Handy RFID-f\u00e4hig ist.<\/p>\n<p><img loading=\"lazy\" decoding=\"async\" class=\"alignnone size-full wp-image-734\" src=\"\/home\/wp-content\/uploads\/image003.png\" alt=\"\" width=\"619\" height=\"621\" srcset=\"https:\/\/wellcode.de\/home\/wp-content\/uploads\/image003.png 619w, https:\/\/wellcode.de\/home\/wp-content\/uploads\/image003-150x150.png 150w, https:\/\/wellcode.de\/home\/wp-content\/uploads\/image003-300x300.png 300w\" sizes=\"auto, (max-width: 619px) 100vw, 619px\" \/><\/p>\n<p>Im Artikelstamm empfiehlt es sich ein Logo anhand der Gr\u00f6\u00dfe der Mulden zu vergeben, damit sie optisch unterschieden werden k\u00f6nnen.<\/p>\n<p>Im Wello sind folgende Logos vordefiniert, jeweils in den Farben <span style=\"color: #339966;\">Gr\u00fcn<\/span>, <span style=\"color: #ffcc00;\">Gelb <\/span>und <span style=\"color: #ff0000;\">Rot<\/span>:<\/p>\n<p>Der Name bildet sich wie folgt: \u201eMulde.Gr\u00f6\u00dfe.Farbe\u201c.<\/p>\n<table>\n<tbody>\n<tr>\n<td><strong>Bild<\/strong><\/td>\n<td><strong>Name<\/strong><\/td>\n<td><strong>Beschreibung<\/strong><\/td>\n<\/tr>\n<tr>\n<td><\/td>\n<td>Mulde.Mini.Green<\/p>\n<p>Mulde.Mini.Yellow<\/p>\n<p>Mulde.Mini.Red<\/td>\n<td>Darstellung der kleinsten Mulde<\/td>\n<\/tr>\n<tr>\n<td><\/td>\n<td>Mulde.Small.Green<\/p>\n<p>Mulde.Small.Yellow<\/p>\n<p>Mulde.Small.Red<\/td>\n<td>Darstellung kleinerer Mulden<\/td>\n<\/tr>\n<tr>\n<td><\/td>\n<td>Mulde.Middle.Green<\/p>\n<p>Mulde.Middle.Yellow<\/p>\n<p>Mulde.Middle.Red<\/td>\n<td>Mittelgro\u00dfe Mulden<\/td>\n<\/tr>\n<tr>\n<td><\/td>\n<td>Mulde.Big.Green<\/p>\n<p>Mulde.Big.Yellow<\/p>\n<p>Mulde.Big.Red<\/td>\n<td>Gr\u00f6\u00dfere Mulden oder Container<\/td>\n<\/tr>\n<\/tbody>\n<\/table>\n<p>Ansicht eines Auszugs aus dem Artikelstamm mit einigen Mulden &amp; Containern:<\/p>\n<p><img loading=\"lazy\" decoding=\"async\" class=\"alignnone size-full wp-image-736\" src=\"\/home\/wp-content\/uploads\/image013.png\" alt=\"\" width=\"943\" height=\"814\" srcset=\"https:\/\/wellcode.de\/home\/wp-content\/uploads\/image013.png 943w, https:\/\/wellcode.de\/home\/wp-content\/uploads\/image013-300x259.png 300w, https:\/\/wellcode.de\/home\/wp-content\/uploads\/image013-768x663.png 768w\" sizes=\"auto, (max-width: 943px) 100vw, 943px\" \/><\/p>\n<p>Die Artikel (mit GEO-Daten) werden in der Auflistung in den Farben \u201egr\u00fcn\u201c, \u201egelb\u201c oder \u201erot\u201c bzw. mit Farbverlauf dargestellt:<\/p>\n<table>\n<tbody>\n<tr>\n<td style=\"background-color: green;\" width=\"56\">Gr\u00fcn<\/td>\n<td width=\"180\">Artikel ist verf\u00fcgbar<\/td>\n<\/tr>\n<tr>\n<td style=\"background-color: yellow;\" width=\"56\">Geld<\/td>\n<td width=\"180\">Artikel im Einsatz<\/td>\n<\/tr>\n<tr>\n<td style=\"background-color: red;\" width=\"56\">Rot<\/td>\n<td width=\"180\">Artikel \u00fcber l\u00e4ngere Zeit nicht aktiv.<\/td>\n<\/tr>\n<\/tbody>\n<\/table>\n<h2>Artikelpreislisten<\/h2>\n<p>Es wird empfohlen, zu jeder Mulde oder Container einen Eintrag in der Preisliste des Artikels zu erfassen. Dies wird sp\u00e4ter im automatischen Prozess genutzt, um die Einheiten festzulegen.<\/p>\n<p><img loading=\"lazy\" decoding=\"async\" class=\"alignnone size-full wp-image-738\" src=\"\/home\/wp-content\/uploads\/image015.png\" alt=\"\" width=\"694\" height=\"263\" srcset=\"https:\/\/wellcode.de\/home\/wp-content\/uploads\/image015.png 694w, https:\/\/wellcode.de\/home\/wp-content\/uploads\/image015-300x114.png 300w\" sizes=\"auto, (max-width: 694px) 100vw, 694px\" \/><\/p>\n<h2>Standorte<\/h2>\n<p>Bevor der Mulden- &amp; Containerbestand erfasst wird, m\u00fcssen die Standorte in der Lagerverwaltung erfasst sein. Das sind die Orte, wo die verf\u00fcgbaren Mulden &amp; Container abgestellt sein k\u00f6nnen.<\/p>\n<p>Wird eine Mulde oder Container transportiert, die keinem Standort zugeordnet ist, so wird der n\u00e4chst gelegene Standort der aktuellen Position in der Lagerverwaltung herangezogen und eine Aufnahme erstellt.<\/p>\n<p><img loading=\"lazy\" decoding=\"async\" class=\"alignnone size-full wp-image-740\" src=\"\/home\/wp-content\/uploads\/image017.png\" alt=\"\" width=\"1044\" height=\"445\" srcset=\"https:\/\/wellcode.de\/home\/wp-content\/uploads\/image017.png 1044w, https:\/\/wellcode.de\/home\/wp-content\/uploads\/image017-300x128.png 300w, https:\/\/wellcode.de\/home\/wp-content\/uploads\/image017-768x327.png 768w, https:\/\/wellcode.de\/home\/wp-content\/uploads\/image017-1024x436.png 1024w\" sizes=\"auto, (max-width: 1044px) 100vw, 1044px\" \/><\/p>\n<h2>Artikelbestand<\/h2>\n<p>Der Muldenbestand, insbesondere wenn mehrere Standorte existieren, sollte in der Lagerverwaltung aufgenommen werden.<\/p>\n<p>Existiert kein Lagerbestand f\u00fcr eine Mulde oder Container so wird der n\u00e4chst gelegene Standort ermittelt und automatisch dort eine Aufnahme gemacht.<\/p>\n<p><img loading=\"lazy\" decoding=\"async\" class=\"alignnone size-full wp-image-741\" src=\"\/home\/wp-content\/uploads\/image019.png\" alt=\"\" width=\"820\" height=\"400\" srcset=\"https:\/\/wellcode.de\/home\/wp-content\/uploads\/image019.png 820w, https:\/\/wellcode.de\/home\/wp-content\/uploads\/image019-300x146.png 300w, https:\/\/wellcode.de\/home\/wp-content\/uploads\/image019-768x375.png 768w\" sizes=\"auto, (max-width: 820px) 100vw, 820px\" \/><\/p>\n<h2>Lagerbestand<\/h2>\n<p>Im Lagerbestand k\u00f6nnen die Best\u00e4nde aller Mulden &amp; Container angesehen werden. Dabei variiert der Lagerbestand zwischen 0 und 1, da die Mulden im Umlauf sind. Eine \u201e0\u201c bedeutet, die Mulde ist im Umlauf und ist gerade belegt. Eine \u201e1\u201c bedeutet sinnvollerweise, dass die Mulde verf\u00fcgbar ist.<\/p>\n<p>Zu Anfang der Anwendung der Mulden &amp; Containerverwaltung k\u00f6nnen die Zahlen gr\u00f6\u00dfer oder kleiner \u201e0\u201c sein, hier muss eine h\u00e4ndische Korrektur gemacht werden.<\/p>\n<p><img loading=\"lazy\" decoding=\"async\" class=\"alignnone size-full wp-image-744\" src=\"\/home\/wp-content\/uploads\/image021.png\" alt=\"\" width=\"1044\" height=\"706\" srcset=\"https:\/\/wellcode.de\/home\/wp-content\/uploads\/image021.png 1044w, https:\/\/wellcode.de\/home\/wp-content\/uploads\/image021-300x203.png 300w, https:\/\/wellcode.de\/home\/wp-content\/uploads\/image021-768x519.png 768w, https:\/\/wellcode.de\/home\/wp-content\/uploads\/image021-1024x692.png 1024w\" sizes=\"auto, (max-width: 1044px) 100vw, 1044px\" \/><\/p>\n<h1>Mulden- &amp; Containerpositionen<\/h1>\n<p>Die Positionen aller Artikel, die GEO-Daten haben -hier Mulden &amp; Container-, k\u00f6nnen auf einer Weltkarte angeschaut werden.<\/p>\n<p>In der Artikelsuchmaske ist ein Button namens \u201eKarte\u201c anklickbar. Wird der Button angeklickt, so werden die Positionen der Artikel aus der Selektion auf einer <strong><em>Google Maps\u00a9<\/em><\/strong> Karte angezeigt<\/p>\n<p><img loading=\"lazy\" decoding=\"async\" class=\"alignnone size-full wp-image-746\" src=\"\/home\/wp-content\/uploads\/image023.png\" alt=\"\" width=\"747\" height=\"510\" srcset=\"https:\/\/wellcode.de\/home\/wp-content\/uploads\/image023.png 747w, https:\/\/wellcode.de\/home\/wp-content\/uploads\/image023-300x205.png 300w\" sizes=\"auto, (max-width: 747px) 100vw, 747px\" \/><\/p>\n<p>Die Anzeige ist in einer gespickten Form, es wird nur der Name des Artikels mit seiner Nummer angezeigt. Geht man mit der Maus auf einen entsprechenden Eintrag, so werden weitere Details des fokusierten Eintrags angezeigt.<\/p>\n<h1>Mulden- &amp; Containerverfolgung<\/h1>\n<p>Da die Positionen der Mulden sowohl beim Stellen und beim Abholen protokolliert werden, k\u00f6nnen die Spuren der Mulden &amp; Container (wie bei Fahrzeugen) gesucht und in Form einer Weltkarte oder als Auflistung angezeigt werden.<\/p>\n<p><img loading=\"lazy\" decoding=\"async\" class=\"alignnone size-full wp-image-747\" src=\"\/home\/wp-content\/uploads\/image025.png\" alt=\"\" width=\"988\" height=\"597\" srcset=\"https:\/\/wellcode.de\/home\/wp-content\/uploads\/image025.png 988w, https:\/\/wellcode.de\/home\/wp-content\/uploads\/image025-300x181.png 300w, https:\/\/wellcode.de\/home\/wp-content\/uploads\/image025-768x464.png 768w\" sizes=\"auto, (max-width: 988px) 100vw, 988px\" \/><\/p>\n<h1>\u00a0Touren<\/h1>\n<p>Mit der Aktivierung der Containerverwaltung in der Anwendung werden die Touren \u00fcberwacht:<\/p>\n<ul>\n<li>Wird eine Tour erfasst, wo eine Mulde oder Container auf einer Baustelle gestellt werden soll, so wird automatisch eine Tourenposition f\u00fcr \u201eStellen\u201c in der Tour aufgenommen.<\/li>\n<li>Analog f\u00fcr das \u201eAbholen\u201c wird eine Tourenposition f\u00fcr das \u201eAbholen\u201c in der Tour aufgenommen.<\/li>\n<li>Steht in einer Tour \u201eTauschen\u201c so werden zwei Tourenpositionen f\u00fcr Abholen und Stellen erstellt.<\/li>\n<\/ul>\n<p>Hat die Tour einen anderen Zweck als Mulden- oder Containertransport, so werden keine weiteren Aktionen ausgel\u00f6st.<\/p>\n<h2>Tourenpositionen<\/h2>\n<p>In der Regel steht die Aufgabe einer Tour in den Feldern und Notizen der Tour selbst. Damit aber die Mulden pro Tour protokolliert werden k\u00f6nnen, ist die Erstellung einer Tourenposition vorgesehen.<\/p>\n<p>Z. B. Ist in der Tour die Aktion \u201eMulde tauschen\u201c eingetragen, so werden zwei Tourenpositionen (<strong>Automatik<\/strong>) erstellt:<\/p>\n<ul>\n<li>1. Position zum Stellen einer neuen Mulde<\/li>\n<li>1. Position zum Abholen der bisherigen Mulde beim Kunden<\/li>\n<\/ul>\n<p>Jeder Tourenposition kann ein Artikel (hier Mulde oder Container) zugeordnet werden. Zu diesem Zeitpunkt sind die Mulden aber nicht bekannt, welche bei der Ausf\u00fchrung der Tour transportiert werden. Daher steht zun\u00e4chst in der Tourenposition der Text \u201e!!Container ausw\u00e4hlen!!\u201c.<\/p>\n<p>Welche Mulde, wann transportiert werden soll, das notiert der Fahrer (Siehe Fahreransicht) beim Start &amp; Ende der Tour.<\/p>\n<p>Beispiel einer Tour mit zwei Positionen f\u00fcr Mulden Lieferern &amp; Abholen:<\/p>\n<p><img loading=\"lazy\" decoding=\"async\" class=\"alignnone size-full wp-image-748\" src=\"\/home\/wp-content\/uploads\/image027.png\" alt=\"\" width=\"1128\" height=\"201\" srcset=\"https:\/\/wellcode.de\/home\/wp-content\/uploads\/image027.png 1128w, https:\/\/wellcode.de\/home\/wp-content\/uploads\/image027-300x53.png 300w, https:\/\/wellcode.de\/home\/wp-content\/uploads\/image027-768x137.png 768w, https:\/\/wellcode.de\/home\/wp-content\/uploads\/image027-1024x182.png 1024w\" sizes=\"auto, (max-width: 1128px) 100vw, 1128px\" \/><\/p>\n<p>Beispiel einer Tour \u201ein Fahrt\u201c mit zwei Positionen f\u00fcr Mulden Liefern &amp; Abholen:<\/p>\n<p><img loading=\"lazy\" decoding=\"async\" class=\"alignnone size-full wp-image-749\" src=\"\/home\/wp-content\/uploads\/image029.png\" alt=\"\" width=\"1126\" height=\"169\" srcset=\"https:\/\/wellcode.de\/home\/wp-content\/uploads\/image029.png 1126w, https:\/\/wellcode.de\/home\/wp-content\/uploads\/image029-300x45.png 300w, https:\/\/wellcode.de\/home\/wp-content\/uploads\/image029-768x115.png 768w, https:\/\/wellcode.de\/home\/wp-content\/uploads\/image029-1024x154.png 1024w\" sizes=\"auto, (max-width: 1126px) 100vw, 1126px\" \/><\/p>\n<p>Beispiel einer fertigen Tour mit zwei Positionen f\u00fcr Mulden Liefern &amp; Abholen:<\/p>\n<p><img loading=\"lazy\" decoding=\"async\" class=\"alignnone size-full wp-image-750\" src=\"\/home\/wp-content\/uploads\/image031.png\" alt=\"\" width=\"1126\" height=\"238\" srcset=\"https:\/\/wellcode.de\/home\/wp-content\/uploads\/image031.png 1126w, https:\/\/wellcode.de\/home\/wp-content\/uploads\/image031-300x63.png 300w, https:\/\/wellcode.de\/home\/wp-content\/uploads\/image031-768x162.png 768w, https:\/\/wellcode.de\/home\/wp-content\/uploads\/image031-1024x216.png 1024w\" sizes=\"auto, (max-width: 1126px) 100vw, 1126px\" \/><\/p>\n<h3>Neue Men\u00fcpunkte<\/h3>\n<table>\n<tbody>\n<tr>\n<td>Im Men\u00fc einer Tour erscheinen nun je nach Tourenstatus zwei zus\u00e4tzliche Eintr\u00e4ge<\/td>\n<td>\u00a0<img loading=\"lazy\" decoding=\"async\" width=\"238\" height=\"77\" class=\"alignnone size-full wp-image-752\" src=\"\/home\/wp-content\/uploads\/image033.png\" alt=\"\" \/><\/td>\n<\/tr>\n<\/tbody>\n<\/table>\n<ul>\n<li>Container\/Mulde zuordnen<br \/>\nBeim Aufruf dieser Funktion wird die Artikelsuche mit vorselektierter Artikelgruppe f\u00fcr Container\/Mulden aufgerufen.<\/li>\n<li>Artikel zuordnenBeim Aufruf wird die Artikelsuche ohne Vorselektion aufgerufen und ein beliebiges Artikel kann hinzugef\u00fcgt werden.<\/li>\n<\/ul>\n<h3>Tourenposition \u00e4ndern\/l\u00f6schen\/hinzuf\u00fcgen<\/h3>\n<p>F\u00fcr bekannte Muldenbewegungen werden automatisch Tourenpositionen erzeugt. Diese k\u00f6nnen sp\u00e4ter ge\u00e4ndert, gel\u00f6scht oder neue hinzugef\u00fcgt werden.<\/p>\n<p><img loading=\"lazy\" decoding=\"async\" class=\"alignnone size-full wp-image-754\" src=\"\/home\/wp-content\/uploads\/image034.png\" alt=\"\" width=\"907\" height=\"287\" srcset=\"https:\/\/wellcode.de\/home\/wp-content\/uploads\/image034.png 907w, https:\/\/wellcode.de\/home\/wp-content\/uploads\/image034-300x95.png 300w, https:\/\/wellcode.de\/home\/wp-content\/uploads\/image034-768x243.png 768w\" sizes=\"auto, (max-width: 907px) 100vw, 907px\" \/><\/p>\n<p>Daf\u00fcr ruft man die Hauptansicht der Tour durch Klicken des Logos auf. Dort werden unter \u201eTourenartikel-Liste\u201c alle Positionen in der Tour angezeigt.<\/p>\n<p>Das \u00c4ndern\/L\u00f6schen\/Hinzuf\u00fcgen ist analog zu der Vorgehensweise der restlichen Anwendung.<\/p>\n<p>Im Bestimmungsort kann die Zieladresse ge\u00e4ndert werden. Dort werden m\u00f6gliche Adressen aufgelistet, wie Abstellstandorte der Mulden, Ziel-Baustelle, Kunden- und Mandantenadresse.<\/p>\n<p><img loading=\"lazy\" decoding=\"async\" class=\"alignnone size-full wp-image-755\" src=\"\/home\/wp-content\/uploads\/image036.png\" alt=\"\" width=\"800\" height=\"644\" srcset=\"https:\/\/wellcode.de\/home\/wp-content\/uploads\/image036.png 800w, https:\/\/wellcode.de\/home\/wp-content\/uploads\/image036-300x242.png 300w, https:\/\/wellcode.de\/home\/wp-content\/uploads\/image036-768x618.png 768w\" sizes=\"auto, (max-width: 800px) 100vw, 800px\" \/><\/p>\n<p>Voreingestellt im Bestimmungsort ist jeweils der logische Wert gem\u00e4\u00df der Aktion der Tourenposition.<\/p>\n<h1>Fahreransicht<\/h1>\n<p>Die Fahreransicht wurde so gut wie m\u00f6glich f\u00fcr den Fahrer vereinfacht. Die Zusatzfunktionalit\u00e4t gliedert sich in die bisherige Vorgehensweise f\u00fcr die Tourenmanipulationen.<\/p>\n<p>Wie bereits erw\u00e4hnt, werden anhand der Tour Tourenpositionen f\u00fcr Container- &amp; Muldentransport erzeugt. Die Aufgabe des Fahrers besteht darin, die Nummern der transportierten Mulden &amp; Container einzutragen.<\/p>\n<p>Startet ein Fahrer eine Tour (mit dem Klick des Startbuttons) so erscheinen im bisherigen Dialog die Tourenpositionen zur Best\u00e4tigung und evtl. Eintragung der transportierten Mulden:<\/p>\n<ul>\n<li>In den einzelnen Positionen ohne Mulde\/Container erscheinen zus\u00e4tzlich zwei Buttons zur direkten Eintragung der Mulde.<\/li>\n<\/ul>\n<p>Klickt der Fahrer auf den Button, so erscheint direkt die Artikelsuche mit vorausgew\u00e4hlter Artikelgruppe.<\/p>\n<p><img loading=\"lazy\" decoding=\"async\" class=\"alignnone size-full wp-image-756\" src=\"\/home\/wp-content\/uploads\/image038.png\" alt=\"\" width=\"414\" height=\"738\" srcset=\"https:\/\/wellcode.de\/home\/wp-content\/uploads\/image038.png 414w, https:\/\/wellcode.de\/home\/wp-content\/uploads\/image038-168x300.png 168w\" sizes=\"auto, (max-width: 414px) 100vw, 414px\" \/><\/p>\n<p>Der Fahrer muss nur noch die Nummer der Mulde eintragen und den Dialog best\u00e4tigen.<\/p>\n<p><img loading=\"lazy\" decoding=\"async\" class=\"alignnone size-full wp-image-757\" src=\"\/home\/wp-content\/uploads\/image040.png\" alt=\"\" width=\"414\" height=\"738\" srcset=\"https:\/\/wellcode.de\/home\/wp-content\/uploads\/image040.png 414w, https:\/\/wellcode.de\/home\/wp-content\/uploads\/image040-168x300.png 168w\" sizes=\"auto, (max-width: 414px) 100vw, 414px\" \/><\/p>\n<ul>\n<li>Nach der Auswahl erscheint obiger Dialog mit eingetragener Mulde f\u00fcr den entsprechenden Eintrag.<\/li>\n<\/ul>\n<p><img loading=\"lazy\" decoding=\"async\" class=\"alignnone size-full wp-image-758\" src=\"\/home\/wp-content\/uploads\/image042.png\" alt=\"\" width=\"420\" height=\"743\" srcset=\"https:\/\/wellcode.de\/home\/wp-content\/uploads\/image042.png 420w, https:\/\/wellcode.de\/home\/wp-content\/uploads\/image042-170x300.png 170w\" sizes=\"auto, (max-width: 420px) 100vw, 420px\" \/><\/p>\n<ul>\n<li>Nach dem Antreten der Fahrt erscheint die Tour mit entsprechendem Eintrag f\u00fcr die ausgew\u00e4hlte Mulde<\/li>\n<\/ul>\n<p><img loading=\"lazy\" decoding=\"async\" class=\"alignnone size-full wp-image-759\" src=\"\/home\/wp-content\/uploads\/image044.png\" alt=\"\" width=\"414\" height=\"427\" srcset=\"https:\/\/wellcode.de\/home\/wp-content\/uploads\/image044.png 414w, https:\/\/wellcode.de\/home\/wp-content\/uploads\/image044-291x300.png 291w\" sizes=\"auto, (max-width: 414px) 100vw, 414px\" \/><\/p>\n<p>Der Fahrer kann aber auch zu jeder Zeit die Tourenpositionen aufrufen und nachtr\u00e4glich \u00e4ndern oder gar l\u00f6schen.<\/p>\n<p>Beendet ein Fahrer die Tour, so erscheint der Best\u00e4tigungsdialog analog zum Startdialog mit der Auflistung der Tourenpositionen.<\/p>\n<p>Hier kann der Fahrer, wie beim Start-Button, vorgehen.<\/p>\n<p><img loading=\"lazy\" decoding=\"async\" class=\"alignnone size-full wp-image-760\" src=\"\/home\/wp-content\/uploads\/image046.png\" alt=\"\" width=\"414\" height=\"736\" srcset=\"https:\/\/wellcode.de\/home\/wp-content\/uploads\/image046.png 414w, https:\/\/wellcode.de\/home\/wp-content\/uploads\/image046-169x300.png 169w\" sizes=\"auto, (max-width: 414px) 100vw, 414px\" \/><\/p>\n<p>In der Tourenansicht k\u00f6nnen die Tourenpositionen nachtr\u00e4glich ge\u00e4ndert werden.<\/p>\n<p><img loading=\"lazy\" decoding=\"async\" class=\"alignnone size-full wp-image-762\" src=\"\/home\/wp-content\/uploads\/image048.png\" alt=\"\" width=\"420\" height=\"517\" srcset=\"https:\/\/wellcode.de\/home\/wp-content\/uploads\/image048.png 420w, https:\/\/wellcode.de\/home\/wp-content\/uploads\/image048-244x300.png 244w\" sizes=\"auto, (max-width: 420px) 100vw, 420px\" \/><\/p>\n<p>Die Mulden, die hier geliefert und abgeholt wurden, erscheinen auf der Karte jeweils <span style=\"color: #ffcc00;\">gelb<\/span> -f\u00fcr belegt- und <span style=\"color: #008000;\">gr\u00fcn<\/span> -f\u00fcr verf\u00fcgbar-.<\/p>\n<p><img loading=\"lazy\" decoding=\"async\" class=\"alignnone size-full wp-image-763\" src=\"\/home\/wp-content\/uploads\/image050.png\" alt=\"\" width=\"777\" height=\"760\" srcset=\"https:\/\/wellcode.de\/home\/wp-content\/uploads\/image050.png 777w, https:\/\/wellcode.de\/home\/wp-content\/uploads\/image050-300x293.png 300w, https:\/\/wellcode.de\/home\/wp-content\/uploads\/image050-768x751.png 768w\" sizes=\"auto, (max-width: 777px) 100vw, 777px\" \/><\/p>\n<p>Ebenfalls in jeder Artikelauflistung erscheinen die disponierten Artikel\u00a0mit dem entsprechenden Status:<\/p>\n<p><img loading=\"lazy\" decoding=\"async\" class=\"alignnone size-full wp-image-764\" src=\"\/home\/wp-content\/uploads\/image052.png\" alt=\"\" width=\"853\" height=\"290\" srcset=\"https:\/\/wellcode.de\/home\/wp-content\/uploads\/image052.png 853w, https:\/\/wellcode.de\/home\/wp-content\/uploads\/image052-300x102.png 300w, https:\/\/wellcode.de\/home\/wp-content\/uploads\/image052-768x261.png 768w\" sizes=\"auto, (max-width: 853px) 100vw, 853px\" \/><\/p>\n<h1>Hintergrundprozesse<\/h1>\n<p>Im Wello Windows Service ist ein Dienst integriert, der\u00a0die Tourenpositionen \u00fcberwacht und s\u00e4mtliche GEO-Daten der angelieferten Adressen aktualisiert.<\/p>\n","protected":false},"excerpt":{"rendered":"<p>Mulden- &amp; Containerverwaltung Vorwort Gemeint sind die Mietmulden &amp; -container im Umlauf. D. h. sie werden beim Kunden hingestellt und sp\u00e4ter abgeholt. Die Muldenverwaltung verfolgt folgende Ziele: Wo befinden sich aktuell alle Mulden\/Container \u2013 mit GEO-Karte-? Einfache Handhabung f\u00fcr den Fahrer Selbstkorrigierendes Mechanismus, sollte einmal die Mulde nicht richtig erfasst sein. Automatische Erkennung, ob die &hellip; <a href=\"https:\/\/wellcode.de\/home\/index.php\/de\/wello-container-management-de\/\" class=\"more-link\">Continue reading <span class=\"screen-reader-text\">Wello Container Management  (de)<\/span><\/a><\/p>\n","protected":false},"author":1,"featured_media":0,"parent":0,"menu_order":0,"comment_status":"closed","ping_status":"closed","template":"","meta":{"_monsterinsights_skip_tracking":false,"_monsterinsights_sitenote_active":false,"_monsterinsights_sitenote_note":"","_monsterinsights_sitenote_category":0,"footnotes":""},"class_list":["post-730","page","type-page","status-publish","hentry"],"_links":{"self":[{"href":"https:\/\/wellcode.de\/home\/index.php\/wp-json\/wp\/v2\/pages\/730","targetHints":{"allow":["GET"]}}],"collection":[{"href":"https:\/\/wellcode.de\/home\/index.php\/wp-json\/wp\/v2\/pages"}],"about":[{"href":"https:\/\/wellcode.de\/home\/index.php\/wp-json\/wp\/v2\/types\/page"}],"author":[{"embeddable":true,"href":"https:\/\/wellcode.de\/home\/index.php\/wp-json\/wp\/v2\/users\/1"}],"replies":[{"embeddable":true,"href":"https:\/\/wellcode.de\/home\/index.php\/wp-json\/wp\/v2\/comments?post=730"}],"version-history":[{"count":24,"href":"https:\/\/wellcode.de\/home\/index.php\/wp-json\/wp\/v2\/pages\/730\/revisions"}],"predecessor-version":[{"id":1580,"href":"https:\/\/wellcode.de\/home\/index.php\/wp-json\/wp\/v2\/pages\/730\/revisions\/1580"}],"wp:attachment":[{"href":"https:\/\/wellcode.de\/home\/index.php\/wp-json\/wp\/v2\/media?parent=730"}],"curies":[{"name":"wp","href":"https:\/\/api.w.org\/{rel}","templated":true}]}}