{"id":698,"date":"2017-04-18T13:50:16","date_gmt":"2017-04-18T13:50:16","guid":{"rendered":"http:\/\/www.wellcode.de\/home\/?page_id=698"},"modified":"2021-11-05T01:17:21","modified_gmt":"2021-11-05T01:17:21","slug":"wello-customer-portal-de","status":"publish","type":"page","link":"https:\/\/wellcode.de\/home\/index.php\/de\/wello-customer-portal-de\/","title":{"rendered":"Wello Customer Portal (de)"},"content":{"rendered":"\n<div class=\"wp-block-image size-large is-resized\"><figure class=\"alignright is-resized\"><img loading=\"lazy\" decoding=\"async\" src=\"\/home\/wp-content\/uploads\/Contact_Group.png\" alt=\"\" class=\"wp-image-953\" width=\"120\" height=\"120\" srcset=\"https:\/\/wellcode.de\/home\/wp-content\/uploads\/Contact_Group.png 240w, https:\/\/wellcode.de\/home\/wp-content\/uploads\/Contact_Group-150x150.png 150w\" sizes=\"auto, (max-width: 120px) 100vw, 120px\" \/><\/figure><\/div>\n\n\n\n<p>Wello bietet einen ausgekl\u00fcgelten Kundenzugang an, der u. A. folgende Funktionen umfasst:<\/p>\n\n\n\n<figure class=\"wp-block-image size-large is-resized\"><img loading=\"lazy\" decoding=\"async\" src=\"https:\/\/wellcode.de\/home\/wp-content\/uploads\/kunden-1024x478.png\" alt=\"\" class=\"wp-image-1478\" width=\"700\" height=\"327\" srcset=\"https:\/\/wellcode.de\/home\/wp-content\/uploads\/kunden-1024x478.png 1024w, https:\/\/wellcode.de\/home\/wp-content\/uploads\/kunden-300x140.png 300w, https:\/\/wellcode.de\/home\/wp-content\/uploads\/kunden-768x359.png 768w, https:\/\/wellcode.de\/home\/wp-content\/uploads\/kunden.png 1030w\" sizes=\"auto, (max-width: 700px) 100vw, 700px\" \/><\/figure>\n\n\n\n<ul class=\"wp-block-list\"><li>Kunde kann sich \u00fcber seine Ansprechpartner im System einloggen.<img loading=\"lazy\" decoding=\"async\" class=\"alignnone size-full wp-image-710\" src=\"http:\/\/www.wellcode.de\/home\/wp-content\/uploads\/customerlogin.png\" alt=\"\" width=\"467\" height=\"391\" srcset=\"https:\/\/wellcode.de\/home\/wp-content\/uploads\/customerlogin.png 467w, https:\/\/wellcode.de\/home\/wp-content\/uploads\/customerlogin-300x251.png 300w\" sizes=\"auto, (max-width: 467px) 100vw, 467px\" \/><\/li><li>Kunde kann seine Stammdaten einsehen und selbst \u00e4ndern, u. A. Ansprechpartner, Baustellen, Adressen, Kommunikation.<\/li><li>Kunde kann seine aktuellen Auftr\u00e4ge &amp; Touren einsehen.<\/li><li>Online-Shop f\u00fcr Bestellwesen, Anfragen, Bestellungen, Angebote, etc.<\/li><li>Wiederbestellung eines Auftrags per Knopfdruck.<\/li><li>Die f\u00fcr den Kunden angezeigten Artikel im Online-Shop k\u00f6nnen frei bestimmt werden.<\/li><li>Ausgereifte E-Mail-Benachrichtigungen, viele Aktionen werden automatisch dem Kunden&nbsp;per E-Mail mitgeteilt, wie Bestelleingang, Auftragsbest\u00e4tigung, Tourenstart, etc.<\/li><li>Anmeldungsszenarien f\u00fcr Kunden &amp; Neukunden mit Verlinkung auf der Hauptseite des Unternehmens.<\/li><li>Anpassung an Firmenlayout und nahtlose Integration in der Firmen-Webpr\u00e4senz.<\/li><\/ul>\n","protected":false},"excerpt":{"rendered":"<p>Wello bietet einen ausgekl\u00fcgelten Kundenzugang an, der u. A. folgende Funktionen umfasst: Kunde kann sich \u00fcber seine Ansprechpartner im System einloggen. Kunde kann seine Stammdaten einsehen und selbst \u00e4ndern, u. A. Ansprechpartner, Baustellen, Adressen, Kommunikation. Kunde kann seine aktuellen Auftr\u00e4ge &amp; Touren einsehen. Online-Shop f\u00fcr Bestellwesen, Anfragen, Bestellungen, Angebote, etc. Wiederbestellung eines Auftrags per Knopfdruck. &hellip; <a href=\"https:\/\/wellcode.de\/home\/index.php\/de\/wello-customer-portal-de\/\" class=\"more-link\">Continue reading <span class=\"screen-reader-text\">Wello Customer Portal (de)<\/span><\/a><\/p>\n","protected":false},"author":1,"featured_media":0,"parent":0,"menu_order":0,"comment_status":"closed","ping_status":"closed","template":"","meta":{"_monsterinsights_skip_tracking":false,"_monsterinsights_sitenote_active":false,"_monsterinsights_sitenote_note":"","_monsterinsights_sitenote_category":0,"footnotes":""},"class_list":["post-698","page","type-page","status-publish","hentry"],"_links":{"self":[{"href":"https:\/\/wellcode.de\/home\/index.php\/wp-json\/wp\/v2\/pages\/698","targetHints":{"allow":["GET"]}}],"collection":[{"href":"https:\/\/wellcode.de\/home\/index.php\/wp-json\/wp\/v2\/pages"}],"about":[{"href":"https:\/\/wellcode.de\/home\/index.php\/wp-json\/wp\/v2\/types\/page"}],"author":[{"embeddable":true,"href":"https:\/\/wellcode.de\/home\/index.php\/wp-json\/wp\/v2\/users\/1"}],"replies":[{"embeddable":true,"href":"https:\/\/wellcode.de\/home\/index.php\/wp-json\/wp\/v2\/comments?post=698"}],"version-history":[{"count":15,"href":"https:\/\/wellcode.de\/home\/index.php\/wp-json\/wp\/v2\/pages\/698\/revisions"}],"predecessor-version":[{"id":1677,"href":"https:\/\/wellcode.de\/home\/index.php\/wp-json\/wp\/v2\/pages\/698\/revisions\/1677"}],"wp:attachment":[{"href":"https:\/\/wellcode.de\/home\/index.php\/wp-json\/wp\/v2\/media?parent=698"}],"curies":[{"name":"wp","href":"https:\/\/api.w.org\/{rel}","templated":true}]}}