{"id":621,"date":"2016-06-25T12:36:52","date_gmt":"2016-06-25T12:36:52","guid":{"rendered":"http:\/\/www.wellcode.de\/home\/?page_id=621"},"modified":"2021-11-05T01:14:42","modified_gmt":"2021-11-05T01:14:42","slug":"wello-telematics-de","status":"publish","type":"page","link":"https:\/\/wellcode.de\/home\/index.php\/de\/wello-telematics-de\/","title":{"rendered":"Wello Telematics (de)"},"content":{"rendered":"\n<h1 class=\"wp-block-heading\"><img loading=\"lazy\" decoding=\"async\" class=\"wp-image-889 alignright\" src=\"\/home\/wp-content\/uploads\/GPS@2x.png\" alt=\"\" width=\"107\" height=\"107\" srcset=\"https:\/\/wellcode.de\/home\/wp-content\/uploads\/GPS@2x.png 1600w, https:\/\/wellcode.de\/home\/wp-content\/uploads\/GPS@2x-150x150.png 150w, https:\/\/wellcode.de\/home\/wp-content\/uploads\/GPS@2x-300x300.png 300w, https:\/\/wellcode.de\/home\/wp-content\/uploads\/GPS@2x-768x768.png 768w, https:\/\/wellcode.de\/home\/wp-content\/uploads\/GPS@2x-1024x1024.png 1024w\" sizes=\"auto, (max-width: 107px) 100vw, 107px\" \/><\/h1>\n\n\n\n<p><em>Wello Telematics<\/em> Modul ist eine Erweiterung der&nbsp;<em>Wello Logistics<\/em>&nbsp;L\u00f6sung und befasst sich mit der Ortung, Erkennung, Historisierung und Archivierung abrufbarer Daten von&nbsp;Werteinheiten (z. B. Fahrzeuge), die von den GPS Fleet Providern bereitgestellt werden.<\/p>\n\n\n\n<p>Das Modul verbindet sich&nbsp;mit dem GPS Fleet Provider (bzw.&nbsp;WebFleet) und&nbsp;synchronisiert sich mit den dort abgelegten Daten im Hintergrund. Hierbei werden<\/p>\n\n\n\n<ul class=\"wp-block-list\"><li>Alle im GPS System erfassten Werteinheiten (u. A. Fahrzeuge)&nbsp;eingelesen und automatisch mit den im System befindlichen Fahrzeugen&nbsp;verbunden.<\/li><li>Alle im GPS System erfassten Fahrer werden eingelesen und mit den im System befindlichen Fahrern verbunden.<\/li><li>Alle GPS Positionen der Werteinheiten werden eingelesen und historisch gespeichert.<\/li><li>Status der GPS Werteinheiten werden eingelesen und&nbsp;historisch gespeichert.<\/li><li>Fahrtenb\u00fccher der Fahrer werden eingelesen und historisch archiviert.<\/li><li>Die Synchronisierung l\u00e4uft im Hintergrund und kann&nbsp;zeitlich gesteuert werden. Z. B. aktuelle Positionen k\u00f6nnen min\u00fctlich&nbsp;eingelesen werden.<\/li><li>Optional k\u00f6nnen ge\u00e4nderte&nbsp;Daten ins WebFleet zur\u00fcckgeschrieben werden (bidirektionale Synchronisation).<\/li><\/ul>\n\n\n\n<p>Die o. g. Daten werden bei der Tourenerfassung verwendet und so k\u00f6nnen&nbsp;Aktionen automatisch ausgel\u00f6st werden.<\/p>\n\n\n\n<ul class=\"wp-block-list\"><li>Wenn z. B. ein anderer Fahrer abweichend von der Planung eine Tour f\u00e4hrt, so wird der tats\u00e4chliche&nbsp;Fahrer bei der Ausf\u00fchrung direkt der Tour zugeordnet.<\/li><li>Zu jeder Tour&nbsp;kann&nbsp;die tats\u00e4chliche Route <strong>-weit in der Vergangenheit \/ keine zeitliche Begrenzung-<\/strong> visuell dargestellt werden.<\/li><li>In der <strong>Kundenansicht<\/strong> k\u00f6nnen die Kunden den Status ihrer Auftr\u00e4ge verfolgen und k\u00f6nnen beobachten, wo sich <strong>das Fahrzeug auf dem Weg zu ihnen<\/strong>&nbsp;befindet.<\/li><li>Das Modul berechnet dabei die optimale Route (inkl. alternativen Routen) zum Ziel und zeigt diese automatisch auf der Karte&nbsp;an, durch das Klicken eines Knopfs kann die Navigation&nbsp;auf den mobilen Ger\u00e4ten angesto\u00dfen werden und die Fahrt begonnen werden.<\/li><\/ul>\n\n\n\n<h2 class=\"wp-block-heading\">Auftr\u00e4ge auf Driver-Terminal hochladen<\/h2>\n\n\n\n<p>Optional k\u00f6nnen Touren &amp; Auftr\u00e4ge in das genutzte WebFleet-Portal geschrieben werden, damit ein nahtloser \u00dcbergang zwischen beiden Systemen hergestellt werden kann und verf\u00fcgbare Medien weitergenutzt werden.<\/p>\n\n\n\n<p>Die \u00dcbertragung geschieht bidirektional, insbesondere auch dann wenn der Auftrag in der Disposition erg\u00e4nzt wurde oder neue dazu gekommen sind, das bekommt der Fahrer direkt mit.<\/p>\n\n\n\n<figure class=\"wp-block-image\"><img loading=\"lazy\" decoding=\"async\" width=\"623\" height=\"287\" src=\"http:\/\/www.wellcode.de\/home\/wp-content\/uploads\/Driver-Terminal-Sync.png\" alt=\"\" class=\"wp-image-1281\" srcset=\"https:\/\/wellcode.de\/home\/wp-content\/uploads\/Driver-Terminal-Sync.png 623w, https:\/\/wellcode.de\/home\/wp-content\/uploads\/Driver-Terminal-Sync-300x138.png 300w\" sizes=\"auto, (max-width: 623px) 100vw, 623px\" \/><\/figure>\n\n\n\n<h2 class=\"wp-block-heading\">Automatische Erkennung Tour-Start\/Ende<\/h2>\n\n\n\n<p>Durch die Aktivierung eines Auto-Modus erkennt die Anwendung&nbsp;durch die Verfolgung der Fahrzeug-Route automatisch, wann eine Tour begonnen&nbsp;bzw. beendet wurde. Die Signale sind in der Zentrale sofort sichtbar und so k\u00f6nnen frei werdende Fahrzeuge ohne Zeitverluste neu disponiert werden.<\/p>\n\n\n\n<p>Zusammen mit der Auto-Erkennung des Fahrers eines Fahrzeugs&nbsp;wird das Disponieren ein Kinderspiel.<\/p>\n\n\n\n<h2 class=\"wp-block-heading\">Gleichzeitige Nutzung verschiedener WEB Fleet Systeme<\/h2>\n\n\n\n<p>Alle g\u00e4ngigen Telematic Hersteller mit WEB Fleet Funktionen werden unterst\u00fctzt, wie <a href=\"https:\/\/business.tomtom.com\/webfleet\/\">TomTom<\/a>.<\/p>\n\n\n\n<p>Durch die Entkopplung der Datenermittlung und ihrer&nbsp;Nutzung&nbsp;ist das&nbsp;gleichzeitige Einsetzen&nbsp;von GPS Fleet Ger\u00e4ten verschiedener System und Hersteller&nbsp;problemlos m\u00f6glich.<\/p>\n\n\n\n<p><em>Wello Telematics<\/em> verwendet <a href=\"https:\/\/maps.google.com\/\">Google Maps (c)<\/a> f\u00fcr die Visualisierung und Berechnung der Touren und&nbsp;gibt diesen&nbsp;erstklassigen Service mit seinen unbegrenzten M\u00f6glichkeiten an den Kunden weiter.<\/p>\n\n\n\n<figure class=\"wp-block-image\"><img loading=\"lazy\" decoding=\"async\" width=\"784\" height=\"778\" src=\"http:\/\/www.wellcode.de\/home\/wp-content\/uploads\/tourroudmap.png\" alt=\"tourroudmap\" class=\"wp-image-629\" srcset=\"https:\/\/wellcode.de\/home\/wp-content\/uploads\/tourroudmap.png 784w, https:\/\/wellcode.de\/home\/wp-content\/uploads\/tourroudmap-150x150.png 150w, https:\/\/wellcode.de\/home\/wp-content\/uploads\/tourroudmap-300x298.png 300w, https:\/\/wellcode.de\/home\/wp-content\/uploads\/tourroudmap-768x762.png 768w\" sizes=\"auto, (max-width: 784px) 100vw, 784px\" \/><\/figure>\n\n\n\n<h2 class=\"wp-block-heading\">Performance<\/h2>\n\n\n\n<p><em>Wello Telematics<\/em> Modul unterscheidet sich in einem wesentlichen Punkt von g\u00e4ngigen L\u00f6sungen.<\/p>\n\n\n\n<p>Die Verwendung der&nbsp;GPS-Informationen f\u00fcr die Tourenplanung bzw. Kundenverfolgung&nbsp;geschieht&nbsp;nicht direkt \u00fcber den GPS Provider, vielmehr (wie bereits oben beschrieben)&nbsp;wird auf bereits abgerufene Daten zugegriffen.<\/p>\n\n\n\n<p>Das Bereitstellen der GSP-Informationen ist also losgel\u00f6st von der Verwendung dieser Daten. Sollte der GPS Provider in Spitzenzeiten oder aufgrund technischer Probleme nicht oder teilweise erreichbar sein, so&nbsp;beeintr\u00e4chtigt dies nicht das allt\u00e4gliche Arbeiten.<\/p>\n\n\n\n<p>Das Sammeln von GPS Informationen geschieht separat auf dem daf\u00fcr vorgesehenen Server (als Windows-Service).<\/p>\n","protected":false},"excerpt":{"rendered":"<p>Wello Telematics Modul ist eine Erweiterung der&nbsp;Wello Logistics&nbsp;L\u00f6sung und befasst sich mit der Ortung, Erkennung, Historisierung und Archivierung abrufbarer Daten von&nbsp;Werteinheiten (z. B. Fahrzeuge), die von den GPS Fleet Providern bereitgestellt werden. Das Modul verbindet sich&nbsp;mit dem GPS Fleet Provider (bzw.&nbsp;WebFleet) und&nbsp;synchronisiert sich mit den dort abgelegten Daten im Hintergrund. Hierbei werden Alle im GPS &hellip; <a href=\"https:\/\/wellcode.de\/home\/index.php\/de\/wello-telematics-de\/\" class=\"more-link\">Continue reading <span class=\"screen-reader-text\">Wello Telematics (de)<\/span><\/a><\/p>\n","protected":false},"author":1,"featured_media":0,"parent":0,"menu_order":0,"comment_status":"closed","ping_status":"closed","template":"","meta":{"_monsterinsights_skip_tracking":false,"_monsterinsights_sitenote_active":false,"_monsterinsights_sitenote_note":"","_monsterinsights_sitenote_category":0,"footnotes":""},"class_list":["post-621","page","type-page","status-publish","hentry"],"_links":{"self":[{"href":"https:\/\/wellcode.de\/home\/index.php\/wp-json\/wp\/v2\/pages\/621","targetHints":{"allow":["GET"]}}],"collection":[{"href":"https:\/\/wellcode.de\/home\/index.php\/wp-json\/wp\/v2\/pages"}],"about":[{"href":"https:\/\/wellcode.de\/home\/index.php\/wp-json\/wp\/v2\/types\/page"}],"author":[{"embeddable":true,"href":"https:\/\/wellcode.de\/home\/index.php\/wp-json\/wp\/v2\/users\/1"}],"replies":[{"embeddable":true,"href":"https:\/\/wellcode.de\/home\/index.php\/wp-json\/wp\/v2\/comments?post=621"}],"version-history":[{"count":30,"href":"https:\/\/wellcode.de\/home\/index.php\/wp-json\/wp\/v2\/pages\/621\/revisions"}],"predecessor-version":[{"id":1674,"href":"https:\/\/wellcode.de\/home\/index.php\/wp-json\/wp\/v2\/pages\/621\/revisions\/1674"}],"wp:attachment":[{"href":"https:\/\/wellcode.de\/home\/index.php\/wp-json\/wp\/v2\/media?parent=621"}],"curies":[{"name":"wp","href":"https:\/\/api.w.org\/{rel}","templated":true}]}}