{"id":62,"date":"2015-04-27T18:03:36","date_gmt":"2015-04-27T18:03:36","guid":{"rendered":"http:\/\/www.wellcode.de\/home\/?page_id=62"},"modified":"2025-01-06T01:14:28","modified_gmt":"2025-01-06T01:14:28","slug":"wello-2","status":"publish","type":"page","link":"https:\/\/wellcode.de\/home\/index.php\/de\/wello-2\/","title":{"rendered":"Wello (Wellcode Logistics &#038; Office Manager) (de)"},"content":{"rendered":"\n<p>WELLO (Wellcode Office &amp; Logistics Manager) ist ein ERP-System, das standardisierte Grundmodule zur Informationsverarbeitung beinhaltet und sich dynamisch auf spezialisierte Bed\u00fcrfnisse des Anwenders anpassen kann.<\/p>\n\n\n\n<p>Es ist eine Projekt-, Auftrags-, Warenwirtschafts-, Finanzbuchhaltungs-, Personalwesensoftware, die u. A. folgende Module beinhaltet:<\/p>\n\n\n\n<h3 class=\"wp-block-heading\">Unsere ERP-Anwendung<\/h3>\n\n\n\n<ul class=\"wp-block-list\">\n<li>Mandanten- und Benutzerverwaltung, es k\u00f6nnen beliebig viele Mandanten erfasst werden, die separate Auftragsbearbeitung, Buchhaltung, Personal und Kunden haben.&nbsp;<br>Ideal f\u00fcr Unternehmen mit mehreren GmbHs oder Niederlassungen.<\/li>\n\n\n\n<li>Men\u00fc-Steuerung mit individuellen Zugriffsrechten, auf Rollen-, Gruppen- oder Benutzerebene.<\/li>\n\n\n\n<li>Benutzerdefinierte Zugriffsrollen (Admin, Benutzer, Fahrer, Lageristen, Kunden, Mandant, etc.)<\/li>\n\n\n\n<li>Hintergrunddienste, um Aufgaben im Hintergrund zu erledigen<\/li>\n\n\n\n<li>\u00c4nderungsprotokollierung, alle Benutzer\u00e4nderungen werden protokolliert<\/li>\n\n\n\n<li>100% webbasierte, adaptive und mobilf\u00e4hige Anwendung.<\/li>\n\n\n\n<li>Design-gesteuerter, jedem sein Design.<\/li>\n\n\n\n<li>Internationalisierung, weitere Sprachen neben Deutsch und Englisch. <\/li>\n<\/ul>\n\n\n\n<h3 class=\"wp-block-heading\">Kontaktkartei<\/h3>\n\n\n\n<ul class=\"wp-block-list\">\n<li>Kontaktekartei (Kunden, Lieferanten, Personal, Fahrer, Fahrzeuge) inkl. Ansprechpartner, Adressen, Teledaten.<\/li>\n\n\n\n<li>Rollengesteuert, ein Kontakt kann mehrere Rollen haben<\/li>\n\n\n\n<li>Markierung f\u00fcr elektronischen Rechnungsempfang mit\/ohne Anlagen<\/li>\n<\/ul>\n\n\n\n<h3 class=\"wp-block-heading\">Dokumentenverwaltung (DMS, CMS)<\/h3>\n\n\n\n<ul class=\"wp-block-list\">\n<li>Benutzerdefinierte, Platzhalter gesteuerte Vorlagen (Office, PDF, Bilder, WEB). Office-Dokumente k\u00f6nnen online mit Microsoft Office bearbeitet werden.&nbsp;<\/li>\n\n\n\n<li>Schriftverkehr, Anschreiben, Vertragserfassung, Abbildung des t\u00e4glichen Schriftverkehrs mit integrierten E-Mail-Funktionen zum elektronischen Austausch<\/li>\n\n\n\n<li>Volltextsuche \u00fcber Dokumenteninhalte<\/li>\n\n\n\n<li>Archivierungsfunktionen<\/li>\n\n\n\n<li>Integrierte Texterkennung (OCR), Beleg-To-Text (Office, PDF, Bild)<\/li>\n<\/ul>\n\n\n\n<h3 class=\"wp-block-heading\">Auftragsabwicklung<\/h3>\n\n\n\n<ul class=\"wp-block-list\">\n<li>Alle Stufen der ordnungsgem\u00e4\u00dfen Auftragsbearbeitung (Bestellungen, Anfragen, Angebote, Auftr\u00e4ge, Auftragsbest\u00e4tigungen, Lieferscheine, Rechnungen, Gutschriften)<\/li>\n\n\n\n<li>Integration mit der Finanzbuchhaltung, integrierte Sachkonten und Kostenstellen.<\/li>\n\n\n\n<li>Automatisierte Belegerstellung (Rechenl\u00e4ufe) mit Komprimierung auf verschiedenen Ebenen.<\/li>\n\n\n\n<li>Einstellbare, automatische E-Mail-Benachrichtigungen aller Auftragsstufen<\/li>\n\n\n\n<li>Zustellung per E-Mail mit Anlagen, konfigurierbar f\u00fcr automatische Prozesse<\/li>\n\n\n\n<li>Einkaufspreise, Gewinnmargenberechnung. Bereits in der Positionserfassung werden die richtigen Einkaufspreise ermittelt.<\/li>\n<\/ul>\n\n\n\n<h3 class=\"wp-block-heading\">Eingangsrechnungen &amp; -lieferscheine<\/h3>\n\n\n\n<p>Die Bearbeitung der Eingangsrechnungen (EGR) werden \u00f6fter von der Software \u00fcbersehen, es bleibt in Menschenhand und so werden teure Resourcen in vermeidbare Routinearbeiten verbrannt.<\/p>\n\n\n\n<p>Mehrstufige Bearbeitung der EGR vom einfachen Eilesen der Rechnungssumme bis hin zum vollst\u00e4ndigen Einlesen inkl. Positionen.<\/p>\n\n\n\n<ul class=\"wp-block-list\">\n<li>Mechanismen zum automatischen Einlesen der EGR, wie Hotfolder<\/li>\n\n\n\n<li>Automatische Zuordnung an Zust\u00e4ndige zur Quittierung.<\/li>\n\n\n\n<li>Erkennung von Lieferanten, Rechnungs-, Lieferschein- sowie Kundennummern<\/li>\n\n\n\n<li>Erkennung von Einzelpositionen, inkl. Menge, Einheit, Preis, Auftreise (Dieselfloater), Artikel, Lieferadresse, Fahrzeug.<\/li>\n\n\n\n<li>Teilweise oder vollst\u00e4ndige \u00dcbernahme inkl. Positionen in der Auftragsabwicklung.<\/li>\n\n\n\n<li>Automatische Zuordnung der Einzelpositionen auf Auftrags- und Rechnungsebene.<\/li>\n\n\n\n<li>Farbliche Markierung erledigter Positionen<\/li>\n\n\n\n<li>Wiedervorlage f\u00fcr F\u00e4lligkeiten, um Mahnschreiben zu vermeiden<\/li>\n\n\n\n<li>\u00dcbertragung an die Buchhaltung<\/li>\n\n\n\n<li>Generierung von Zahlungsauftr\u00e4gen mit SEPA-Export.<\/li>\n<\/ul>\n\n\n\n<h3 class=\"wp-block-heading\">Finanzbuchhaltung<\/h3>\n\n\n\n<ul class=\"wp-block-list\">\n<li>Kontenrahmen (Sachkonten) DATEV-konform<\/li>\n\n\n\n<li>Rechnungen &amp; Gutschriften werden an das Buchhaltungsmodul \u00fcbergeben<\/li>\n\n\n\n<li>Einfache E-\u00dc-Rechnung\/Profit-Kalkulation mit diversen Selektionsm\u00f6glichkeiten jederzeit m\u00f6glich<\/li>\n\n\n\n<li>Vereinfachte Eingabemaske f\u00fcr Buchungserfassung<\/li>\n\n\n\n<li>Export-Schnittstelle zum eingesetzten Finanzwesen oder f\u00fcr den Steuerberater.<\/li>\n\n\n\n<li>Automatische \u00dcbergabe digitaler Dokumente an Steuerberater<\/li>\n\n\n\n<li>S\u00e4mtliche DATEV-Funktionen zur automatischen \u00dcbermittlung direkt in DATEV. Wir sind&nbsp;<strong><em>zertifizierter DATEV-Schnittstellenanbieter<\/em><\/strong><\/li>\n\n\n\n<li>Weitere Schnittstellen zu FiBu-Systemen und Lohnabrechnung, wie SAGE und BMD (AT).<\/li>\n<\/ul>\n\n\n\n<h3 class=\"wp-block-heading\">Banking<\/h3>\n\n\n\n<ul class=\"wp-block-list\">\n<li>Bankkonten direkt, periodisch &amp; automatisch aus der Bank einlesen<\/li>\n\n\n\n<li>Zahlungseing\u00e4nge zu Rechnungen zuordnen, automatische Verteilung auf Rechnungspositionen<\/li>\n\n\n\n<li>Suchfunktionen und Summenberechnung der Kontoausz\u00fcge<\/li>\n\n\n\n<li>Erstellung von SEPA-Auftr\u00e4gen<\/li>\n\n\n\n<li>Bankdatenvalidierung (IBAN, BIC)<\/li>\n<\/ul>\n\n\n\n<h3 class=\"wp-block-heading\">Personalwirtschaft (Human Resource)<\/h3>\n\n\n\n<ul class=\"wp-block-list\">\n<li>Mitarbeiter- und Vertragsverwaltung mit Funktionsrollen<\/li>\n\n\n\n<li>Eintritt, Austritt, Wochenstunden, Verbindung zum Steuerberater<\/li>\n\n\n\n<li>Stammdaten- und Lohndaten\u00fcbertragung an den Steuerberater<\/li>\n\n\n\n<li>Vorschussfunktionen inkl. SEPA-Erstellung<\/li>\n\n\n\n<li>\u00dcber integrierte DATEV Lohndatenimportservice &amp; DATEVconnect k\u00f6nnen die Daten direkt in DATEV geschrieben werden.&nbsp;Wir sind&nbsp;<strong><em>zertifizierter DATEV-Schnittstellenanbieter<\/em><\/strong><\/li>\n<\/ul>\n\n\n\n<h3 class=\"wp-block-heading\">Zeiterfassung und Abwesenheitsmanagement<\/h3>\n\n\n\n<ul class=\"wp-block-list\">\n<li>Zeiterfassung per Login, PIN, RFID oder Biometrik (Kamera)<\/li>\n\n\n\n<li>Einrichtung von Schichtterminals analog zu den Firmenabteilungen und Personalgruppen (z. B. Werkstatt, B\u00fcro)<\/li>\n\n\n\n<li>Erfassungspflicht auf Firmengel\u00e4nde (Schichtbeginn\/-ende)<\/li>\n\n\n\n<li>Homeoffice mit optionaler Speicherung der GPS-Location<\/li>\n\n\n\n<li>Separates Mitarbeiter-Men\u00fc &#8220;Mein Portal&#8221; f\u00fcr Krankmeldung, Urlaubsantr\u00e4ge, Zeiterfassung und Stundenkontoabfrage<\/li>\n\n\n\n<li>Sichtbarkeit der An-\/Abwesenheiten in relevanten Modulen, wie Plantafel<\/li>\n\n\n\n<li>Jahresurlaube, Resturlaub, \u00dcbernahme aus vergangenen Jahren<\/li>\n\n\n\n<li>Visuelle Darstellung der An-\/Abwesenheiten auf einer Tafel mit diversen Filterm\u00f6glichkeiten.<\/li>\n\n\n\n<li>In der Logistik integrierte Funktionen, wie\n<ul class=\"wp-block-list\">\n<li>Kontrollmechanismen der Z\u00fcnd- und Arbeitszeit<\/li>\n\n\n\n<li>Tour- und Wiegungs\u00fcbersichten zu den erfassten Arbeitszeiten<\/li>\n<\/ul>\n<\/li>\n\n\n\n<li>Automatische Berechnung und \u00dcbergabe der Arbeitszeiten an das Lohnmodul zur weiteren \u00dcbermittlung an den Steuerberater.<\/li>\n\n\n\n<li>Monatliche Arbeitszeitreports an alle Mitarbeiter und \u00dcbersicht f\u00fcr die GF.<\/li>\n<\/ul>\n\n\n\n<h3 class=\"wp-block-heading\">Lagerverwaltung<\/h3>\n\n\n\n<p>Diverse Lagerfunktionen sind implizit in den anderen Modulen f\u00fcr die dortigen Funktionen integriert.<\/p>\n\n\n\n<ul class=\"wp-block-list\">\n<li>Lagerortverwaltung<\/li>\n\n\n\n<li>Artikelstamm\n<ul class=\"wp-block-list\">\n<li>mit kundengebundenen Mengen- und Preiseinheiten<\/li>\n\n\n\n<li>mit Lieferantengebundenen Mengen- und Preiseinheiten<\/li>\n\n\n\n<li>Barcodes, QR-Codes, Artikelgruppen<\/li>\n<\/ul>\n<\/li>\n\n\n\n<li>Automatische Lagerbewegungen, ausgel\u00f6st aus anderen Modulen<\/li>\n\n\n\n<li>Bestandspflege, Inventurkorrektur<\/li>\n\n\n\n<li>Alle Lagerbewegungen sind im Journal erfasst.<\/li>\n\n\n\n<li>Lagerwertanzeige<\/li>\n\n\n\n<li>Preise f\u00fcr Entnahmeartikel automatisch berechenbar<\/li>\n<\/ul>\n\n\n\n<h3 class=\"wp-block-heading\">Logistik &amp; Disposition<\/h3>\n\n\n\n<ul class=\"wp-block-list\">\n<li>Plantafel, visuelle Disposition der Auftragstouren mit Gesamt\u00fcbersicht, sortiert nach diversen Kriterien (wie Fahrzeug, Fahrer, Kunde, Auftrag).<\/li>\n\n\n\n<li>Fahreransicht, die Fahrer sehen ihre t\u00e4glichen Fahrten sortiert Abarbeitungsreihenfolge und k\u00f6nnen diese antreten und nach Erledigung fertigmarkieren.<\/li>\n\n\n\n<li>Fahrer k\u00f6nnen transportierte Container und Materialien mit Gewicht eintragen.<\/li>\n\n\n\n<li>Fahrer k\u00f6nnen Bilder zu den Touren aufnehmen (Lieferscheine, Bilder vom Transportgut).<\/li>\n\n\n\n<li>Status der Tour ist in der Plantafel sichtbar.<\/li>\n\n\n\n<li>Fahrer werden zu Touren\u00e4nderungen im Tagesgesch\u00e4ft direkt benachrichtigt (Achtung-Effekt).<\/li>\n\n\n\n<li>Google-Maps-Anbindung mit Tourenverlauf und aktueller Position des Fahrzeugs. Erm\u00f6glicht u. A. sp\u00e4teren Nachweis der erbrachten Fahrtleistung.<\/li>\n\n\n\n<li>Fahrzeuge, Fahrer und Container werden in der Kontaktekartei mit zus\u00e4tzlichen separaten Karteien verwaltet.<\/li>\n\n\n\n<li><strong>F\u00fchrerscheinkontrolle<\/strong>, periodisch z. B. jeden 3. Monat. Die Fahrer fotografieren &amp; \u00fcbertragen ihren F\u00fchrerschein \u00fcber ihr Handy. Ein Sachbearbeiter quittiert die G\u00fcltigkeit des F\u00fchrerscheins und tr\u00e4gt die Zeiten ein. Fahrer mit ung\u00fcltigem F\u00fchrerschein erhalten keine Fahrauftr\u00e4ge.<\/li>\n<\/ul>\n\n\n\n<h3 class=\"wp-block-heading\">Transport- &amp; Wiegelieferschein-Assistenz<\/h3>\n\n\n\n<ul class=\"wp-block-list\">\n<li>Werden Lieferscheine in Papierform generiert (z. B. Fremdleistungen), k\u00f6nnen diese automatisch an die entsprechende Fahrleistung per Texterkennung (OCR) oder per Barcode-Aufkleber (mit Auftragsnummer) an die jeweiligen Auftr\u00e4ge zugeordnet werden.<\/li>\n\n\n\n<li>Elektronischer Transportlieferschein &amp; Wiegescheine, E-Signierung durch Fahrer &amp; Kunde (papierlos).<\/li>\n\n\n\n<li>Druck-, Download- Sende- und Teilen-Funktionen f\u00fcr die \u00dcbermittlung der Belege mit Signatur.<\/li>\n\n\n\n<li>Automatische Markierung als Anlage f\u00fcr Rechnungen, Filterung f\u00fcr nicht anlagerelevanten Belege.<\/li>\n<\/ul>\n\n\n\n<h3 class=\"wp-block-heading\">Mautgeb\u00fchren-Automation<\/h3>\n\n\n\n<ul class=\"wp-block-list\">\n<li>Die Mautgeb\u00fchren -aus Tollcollect-, werden im System eingelesen und den Fahrauftr\u00e4gen automatisch zugeordnet.<\/li>\n\n\n\n<li>Mit einer Funktion &#8220;<em>Mautkosten \u00fcbernehmen<\/em>&#8221; werden automatisch die Mautgeb\u00fchren zum Fahrauftrag ermittelt und als Leistungsposition aufgenommen.&nbsp;<\/li>\n\n\n\n<li>Auflistungen der Mautgeb\u00fchren inkl. Ein- und Ausfahrt werden automatisch als PDF-Anlage hinzugef\u00fcgt.<\/li>\n<\/ul>\n\n\n\n<h3 class=\"wp-block-heading\">Container Management<\/h3>\n\n\n\n<ul class=\"wp-block-list\">\n<li>Inventar aller Container mit eindeutigen Nummern, aufgeklebt als Nummer, Barcode oder QR-Code.<\/li>\n\n\n\n<li>Die aktuellen Container-Positionen k\u00f6nnen auf der Karte visuell angesehen werden (gelb zugestellt, gr\u00fcn verf\u00fcgbar).<\/li>\n\n\n\n<li>In einer \u00dcbersicht mit Suchfunktion k\u00f6nnen die Container zu einem Kunden eingesehen werden.<\/li>\n\n\n\n<li>Beim Abtransport &amp; Abholen der Container erkennt das System automatisch die transportierten Container durch den aktiven Auftrag, ansonsten k\u00f6nnen die Container per Hand (Nummer), Barcode- oder QR-Code eingegeben werden.<\/li>\n\n\n\n<li>Ist ein GPS- oder Ortungssender an den Containern angebracht, wird das eingesetzte System angezapft und die Muldenerkennung l\u00e4uft v\u00f6llig automatisch im Hintergrund.<\/li>\n<\/ul>\n\n\n\n<h3 class=\"wp-block-heading\">Flottenmanagement<\/h3>\n\n\n\n<ul class=\"wp-block-list\">\n<li>Anbindung an das eingesetzte WebFleet Management System<\/li>\n\n\n\n<li>Ansicht der Fahrzeugpositionen in der Anwendung<\/li>\n\n\n\n<li>Verfolgung der Fahrtenspur mit Hilfe von Google Maps\u00a9<\/li>\n\n\n\n<li>Kunden k\u00f6nnen ihre Touren verfolgen (mit Fahrzeugposition)<\/li>\n\n\n\n<li>Zu jeder Tour wird die Spur aufgezeichnet f\u00fcr sp\u00e4tere Auswertung oder Beweisaufnahme.<\/li>\n\n\n\n<li>Synchronisation der Kfz- und Fahrerdaten zwischen Wello und eingesetztes Fleet Management.<\/li>\n\n\n\n<li>Hochladen von Auftr\u00e4gen auf die Fahrer-Terminals in der Fahrerkabine.<\/li>\n\n\n\n<li>Nachrichten an Fahrer-Terminals senden.<\/li>\n\n\n\n<li>F\u00fcr Arbeitszeiterfassung werden die Arbeitszeiten und das Fahrtenlogbuch der Fahrer angezapft.<\/li>\n<\/ul>\n\n\n\n<h3 class=\"wp-block-heading\">Waage &amp; Wiegung<\/h3>\n\n\n\n<ul class=\"wp-block-list\">\n<li>Wiegen k\u00f6nnen je nach Konfiguration Fahrer und B\u00fcro.<\/li>\n\n\n\n<li>Selbst\u00e4ndiges Wiegen f\u00fcr Fahrer oder Fremdw\u00e4gung ist ideal bei Latzenzzeiten und au\u00dferhalb von B\u00fcrozeiten.<\/li>\n\n\n\n<li>E-Signierung des Wiegescheins (vom Fahrer &amp; Kunden) \u00fcber das Mobiltelefon des Fahrers.<\/li>\n\n\n\n<li>Zustellungsfunktionen e-signierter Wiegescheine an den Kunden.<\/li>\n\n\n\n<li>ERST\/ZWEIT-Wiegungen mit zwei Waagen, automatisch<\/li>\n\n\n\n<li>Hof-, Tages-, Wochenlisten<\/li>\n\n\n\n<li>Wiegeschein-Zu-Rechnung mit automatischer Komprimierung nach Kunden &amp; Baustelle.<\/li>\n<\/ul>\n\n\n\n<h3 class=\"wp-block-heading\">Abfallregister<\/h3>\n\n\n\n<ul class=\"wp-block-list\">\n<li>Periodische Erstellung, Gruppierung und Sortierung gem\u00e4\u00df gesetzlicher Vorgaben<\/li>\n\n\n\n<li>EAK (EU), AVV-Register (DE)<\/li>\n<\/ul>\n\n\n\n<h3 class=\"wp-block-heading\">BETON2GO<\/h3>\n\n\n\n<ul class=\"wp-block-list\">\n<li>Volle Unterst\u00fctzung<\/li>\n\n\n\n<li>Periodisches Anzapfen der Mischauftr\u00e4ge<\/li>\n\n\n\n<li>Normierte BETON2GO-Lieferscheine<\/li>\n\n\n\n<li>Automatische Lieferschein- &amp; Rechnungserstellung \u00fcber unsere Anwendung<\/li>\n<\/ul>\n\n\n\n<h3 class=\"wp-block-heading\">Tachograph To Web<\/h3>\n\n\n\n<ul class=\"wp-block-list\">\n<li>Automatisches Einlesen der Fahrer- und Fahrzeugkarten aus einem Ablage-Verzeichnis.<\/li>\n\n\n\n<li>Daraus werden s\u00e4mtliche Daten im System aktualisiert, wie G\u00fcltigkeit, Name, Geburtsdatum, Inspektionszeiten.<\/li>\n\n\n\n<li>Gesamtes Datenjournal aus den Karten ist im System sichtbar.<\/li>\n\n\n\n<li>Automatische Erstellung und Zustellung der gesetzlich vorgeschriebenen&nbsp; Schriften f\u00fcr die schwerwiegenden Verst\u00f6\u00dfe der Fahrer.<\/li>\n<\/ul>\n\n\n\n<h3 class=\"wp-block-heading\">Kundenportal, Online Shop<\/h3>\n\n\n\n<ul class=\"wp-block-list\">\n<li>Kundenzugang<\/li>\n\n\n\n<li>Bestellung \u00fcber Internet mit vorgefertigten&nbsp; Masken f\u00fcr verschiedene Produkte<\/li>\n\n\n\n<li>Kunden k\u00f6nnen ihre Bestellungen verfolgen<\/li>\n\n\n\n<li>E-Mail-Benachrichtigungen \u00fcber alle Aktionen<\/li>\n\n\n\n<li>Anonyme Bestellungen ohne Kundenkonto<\/li>\n\n\n\n<li>Online Shop l\u00e4sst sich auf Website-Layout anpassen und in Firmenpr\u00e4senz integrieren<\/li>\n<\/ul>\n\n\n\n<h2 class=\"wp-block-heading\">Kommunikation mit DATEV<\/h2>\n\n\n\n<p>Wir sind zertifizierter\u00a0<em><strong><a href=\"https:\/\/www.datev.de\/web\/de\/marktplatz\/datev-schnittstellen-anbieter\/#:~:text=Wellcode\">DATEV Online API Schnittstellenabieter<\/a><\/strong><\/em>\u00a0und implementieren dar\u00fcberhinaus die Schnittstelle\u00a0<em><strong>DATEVconnect<\/strong><\/em>.<\/p>\n\n\n\n<p>Diese Funktionen sind bereits in unserer Anwendung integriert.<\/p>\n\n\n\n<p>Diesen Service bieten wir zus\u00e4tzlich&nbsp;<strong>extra&nbsp;<\/strong>f\u00fcr&nbsp;<strong>Steuerberater,<\/strong>&nbsp;Unternehmen mit eigener DATEV-Installation sowie&nbsp;<strong>IT-Dienstleister<\/strong>&nbsp;an.<\/p>\n\n\n\n<h3 class=\"wp-block-heading\">DATEV Online API<\/h3>\n\n\n\n<p>Mit dieser Schnittstelle sind wir in der Lage, direkt in DATEV zu schreiben. Der Anwender autorisiert sich \u00fcber seine DATEV-Chipkarte und gibt uns das Recht in sein DATEV-Konto zu schreiben. Folgende Dienste werden dar\u00fcber abgewickelt<\/p>\n\n\n\n<ul class=\"wp-block-list\">\n<li><strong>Buchhaltungsservice<\/strong>, die gebuchten Datens\u00e4tze aus unserer oder jeder anderen Anwendung werden in DATEV in Form von Buchungsstapeln hochgeladen. Der Steuerberater kann sie inspezieren und per Knopfdruck \u00fcbernehmen.<\/li>\n\n\n\n<li><strong>Belegbilderservice<\/strong>, dieser ist eng mit dem Buchhaltungsservice verbunden. Hier werden die Rechnungsbelege in DATEV Unternehmen Online (DUO) bzw. in einer vordefinierten Verzeichnisstruktur hochgeladen.<br>Dabei verkn\u00fcpft unser Programm die Buchungss\u00e4tze mit deren Belegen, so dass der Steuerberater diese sich aus dem Buchungssatz heraus anschauen kann.<\/li>\n\n\n\n<li><strong>Lohndatenimportservice<\/strong>, dar\u00fcber werden die Personalstammdaten und Lohnbuchungen direkt in DATEV geschrieben. Der Steuerberater erh\u00e4lt eine Notiz \u00fcber DATEV auf das Vorhandensein von neuen Daten und kann diese in LODAS oder Lohn &amp; Gehalt \u00fcbernehmen.<\/li>\n<\/ul>\n\n\n\n<h3 class=\"wp-block-heading\">DATEVconnect<\/h3>\n\n\n\n<p><em>Service f\u00fcr den Steuerberater und Unternehmen mit eigener DATEV-Installation.<\/em>&nbsp;Der Steuerberater muss f\u00fcr seine Mandanten&nbsp;<strong>Zug\u00e4nge freischalten<\/strong>, damit dieser Server nutzbar wird.<\/p>\n\n\n\n<p>Mit dieser Schnittstelle ist es m\u00f6glich, mit DATEV bidirektional zu kommunizieren. D. h. es kann dar\u00fcber verbucht oder Daten abgerufen werden.<\/p>\n\n\n\n<p>Wir nutzen diese Schnittstelle zum Abruf folgender Daten (die Daten werden live im Hintergrund abgerufen)<\/p>\n\n\n\n<ul class=\"wp-block-list\">\n<li>OPOS (Offene Posten)<\/li>\n\n\n\n<li>Buchungsjournal, der gesamte Buchungsjournal aus DATEV inkl. dessen Stapel stehen im Wello live zur Verf\u00fcgung<\/li>\n\n\n\n<li>Debitoren &amp; Kreditoren mit Adresse &amp; Teledaten, zum Vergleich mit dem eigenen Bestand<\/li>\n\n\n\n<li>Zahlungsmodalit\u00e4ten, Wello bildet dies intern ab.<\/li>\n\n\n\n<li>Kontenrahmen, hier wird der aktive Kontenrahmen synchronisiert.<\/li>\n\n\n\n<li>Wirtschaftsjahre, Kontol\u00e4nge<\/li>\n<\/ul>\n\n\n\n<h3 class=\"wp-block-heading\">DATEV Data Converter<\/h3>\n\n\n\n<p>Verschiedene Datendateien (CSV, XML, Sortierte Textdateien) werden eingelesen und direkt in die Buchhaltung importiert<\/p>\n\n\n\n<ul class=\"wp-block-list\">\n<li>Buchhaltung<\/li>\n\n\n\n<li>L\u00f6hne<\/li>\n\n\n\n<li>Belege mit Verkn\u00fcpfung zum Buchungssatz<\/li>\n<\/ul>\n\n\n\n<h2 class=\"wp-block-heading\">Try It<\/h2>\n\n\n\n<p>Unter diesem <a href=\"\/WelloDemo\/index.html\" target=\"_blank\" rel=\"noopener\">Link<\/a> k\u00f6nnen Sie sich eine&nbsp;<a href=\"\/WelloDemo\/index.html\" target=\"_blank\" rel=\"noopener\">DEMO<\/a>&nbsp;des Programms anschauen. Es handelt sich um eine Datenbank mit Pseudo- bzw. erfundenen Daten.<\/p>\n","protected":false},"excerpt":{"rendered":"<p>WELLO (Wellcode Office &amp; Logistics Manager) ist ein ERP-System, das standardisierte Grundmodule zur Informationsverarbeitung beinhaltet und sich dynamisch auf spezialisierte Bed\u00fcrfnisse des Anwenders anpassen kann. Es ist eine Projekt-, Auftrags-, Warenwirtschafts-, Finanzbuchhaltungs-, Personalwesensoftware, die u. A. folgende Module beinhaltet: Unsere ERP-Anwendung Kontaktkartei Dokumentenverwaltung (DMS, CMS) Auftragsabwicklung Eingangsrechnungen &amp; -lieferscheine Die Bearbeitung der Eingangsrechnungen (EGR) werden &hellip; <a href=\"https:\/\/wellcode.de\/home\/index.php\/de\/wello-2\/\" class=\"more-link\">Continue reading <span class=\"screen-reader-text\">Wello (Wellcode Logistics &#038; Office Manager) (de)<\/span><\/a><\/p>\n","protected":false},"author":1,"featured_media":1138,"parent":0,"menu_order":0,"comment_status":"open","ping_status":"open","template":"","meta":{"_monsterinsights_skip_tracking":false,"_monsterinsights_sitenote_active":false,"_monsterinsights_sitenote_note":"","_monsterinsights_sitenote_category":0,"footnotes":""},"class_list":["post-62","page","type-page","status-publish","has-post-thumbnail","hentry"],"_links":{"self":[{"href":"https:\/\/wellcode.de\/home\/index.php\/wp-json\/wp\/v2\/pages\/62","targetHints":{"allow":["GET"]}}],"collection":[{"href":"https:\/\/wellcode.de\/home\/index.php\/wp-json\/wp\/v2\/pages"}],"about":[{"href":"https:\/\/wellcode.de\/home\/index.php\/wp-json\/wp\/v2\/types\/page"}],"author":[{"embeddable":true,"href":"https:\/\/wellcode.de\/home\/index.php\/wp-json\/wp\/v2\/users\/1"}],"replies":[{"embeddable":true,"href":"https:\/\/wellcode.de\/home\/index.php\/wp-json\/wp\/v2\/comments?post=62"}],"version-history":[{"count":46,"href":"https:\/\/wellcode.de\/home\/index.php\/wp-json\/wp\/v2\/pages\/62\/revisions"}],"predecessor-version":[{"id":1950,"href":"https:\/\/wellcode.de\/home\/index.php\/wp-json\/wp\/v2\/pages\/62\/revisions\/1950"}],"wp:featuredmedia":[{"embeddable":true,"href":"https:\/\/wellcode.de\/home\/index.php\/wp-json\/wp\/v2\/media\/1138"}],"wp:attachment":[{"href":"https:\/\/wellcode.de\/home\/index.php\/wp-json\/wp\/v2\/media?parent=62"}],"curies":[{"name":"wp","href":"https:\/\/api.w.org\/{rel}","templated":true}]}}