{"id":512,"date":"2016-04-30T21:23:22","date_gmt":"2016-04-30T21:23:22","guid":{"rendered":"http:\/\/www.wellcode.de\/home\/?page_id=512"},"modified":"2018-06-09T01:14:36","modified_gmt":"2018-06-09T01:14:36","slug":"wello-accounting-de","status":"publish","type":"page","link":"https:\/\/wellcode.de\/home\/index.php\/de\/wello-accounting-de\/","title":{"rendered":"Wello Accounting (de)"},"content":{"rendered":"<h1><img loading=\"lazy\" decoding=\"async\" class=\"wp-image-887 alignright\" src=\"http:\/\/www.wellcode.de\/home\/wp-content\/uploads\/ACCOUNTING@2x.png\" alt=\"\" width=\"100\" height=\"100\" srcset=\"https:\/\/wellcode.de\/home\/wp-content\/uploads\/ACCOUNTING@2x.png 1600w, https:\/\/wellcode.de\/home\/wp-content\/uploads\/ACCOUNTING@2x-150x150.png 150w, https:\/\/wellcode.de\/home\/wp-content\/uploads\/ACCOUNTING@2x-300x300.png 300w, https:\/\/wellcode.de\/home\/wp-content\/uploads\/ACCOUNTING@2x-768x768.png 768w, https:\/\/wellcode.de\/home\/wp-content\/uploads\/ACCOUNTING@2x-1024x1024.png 1024w\" sizes=\"auto, (max-width: 100px) 100vw, 100px\" \/><br \/>\nWello Buchhaltung<\/h1>\n<p>&nbsp;<\/p>\n<p>&nbsp;<\/p>\n<p><em>Wello Accounting<\/em> ist ein vereinfachtes Gewinnermittlungsmodul (Einnahme-\u00dcberschuss-Rechnung).<br \/>\n<em>Wello Accounting<\/em> erlaubt die Gewinnermittlung gleich f\u00fcr mehrere Organisationen (Unternehmen, Subunternehmen) zu verwalten.<br \/>\nDie Gewinnermittlung geschieht auf Basis eines intelligenten Filters, der erm\u00f6glich, den Gewinn auf verschiedenste Art und Weise zu ermitteln.<br \/>\nEbenfalls kann die Umsatzsteuervoranmeldung mit Hilfe des Buchhaltungsmoduls errechnet werden.<br \/>\nAuszug aus dem Funktionsumfang des <em>Accounting<\/em> Moduls<\/p>\n<ul>\n<li>Buchhaltung kann f\u00fcr beliebig viele Organisationen erstellt werden<\/li>\n<li>Die Konten k\u00f6nnen nach Belieben und Bed\u00fcrfnissen des Anwenders erg\u00e4nzt werden<\/li>\n<li>Kategorisieren der Konten nach Kostenart (Einnahme, Ausgabe, Bank, Verm\u00f6gen, etc.) ist benutzerdefiniert.<\/li>\n<li>Die Mehrwertsteuers\u00e4tze sind nach Belieben erweiterbar. Die Buchhaltung f\u00fcr ausl\u00e4ndische Standorte kann ohne weiteres abgebildet werden<\/li>\n<li>Jedem Sachkonto kann ein Standard-Mehrwertsteuersatz zugeordnet werden<\/li>\n<li>Buchhaltung ist w\u00e4hrungsunabh\u00e4ngig, ist international einsatzf\u00e4hig<\/li>\n<li>Intelligenter Erfassungsassistent, der neue Eintr\u00e4ge aus den vorherigen Erfassungen voreinstellt<\/li>\n<li>F\u00fcr die Beleg-Nummerierung sind zwei Felder voreinstellbar.<\/li>\n<li>Plausibilierung der erfassten Werte, das Modul kann Analogien erkennen und bei ungew\u00f6hnlichen Abweichungen Warnmeldungen herausgeben<\/li>\n<li>Es m\u00fcssen keine Jahre er\u00f6ffnet oder geschlossen werden. Die Beleg-Z\u00e4hlwerke k\u00f6nnen jahresweise eingestellt<\/li>\n<li>Die Gewinnermittlung kann \u00fcber Suchkriterien nach beliebigen ermittelt werden, z. B. \u00fcber alle Organisationen, Jahre, Begriffe, Sachkonten, etc.<\/li>\n<\/ul>\n<p>Das Modul richtet sich an<\/p>\n<ul>\n<li>Selbst\u00e4ndige und kleinere Unternehmen, denen eine vereinfachte Einnahme-\u00dcberschuss-Rechnung ausreicht<\/li>\n<li>Unternehmen, die den Kapitalfluss genauer kontrollieren wollen.<\/li>\n<\/ul>\n<h2>Interaktion mit Logistik &amp; Auftragsabwicklung<\/h2>\n<p><em>Wello Accounting<\/em> ist ein integraler Bestandteil der Wello Software und interagiert mit anderen Modulen.<br \/>\nSo kann beispielsweise die Buchhaltung aus anderen Modulen (wie Logistik oder Auftragsabwicklung) mit Daten automatisch &#8216;gef\u00fcttert&#8217; werden und per se den Erfolgsstatus im Unternehmen abbilden oder an das Finanzwesen Dritter (Ausdruck, Excel, Datev) \u00fcbermittelt werden.<\/p>\n<h2>Interaktion mit Banking<\/h2>\n<p>Kontobewegungen k\u00f6nnen aus dem Modul <em>Wello Banking<\/em> durch geeignete Filter automatisch an das Modul <em>Wello Accounting<\/em> \u00fcbermittelt werden. Hier werden ebenfalls automatisch Belege erzeugt.<\/p>\n","protected":false},"excerpt":{"rendered":"<p>Wello Buchhaltung &nbsp; &nbsp; Wello Accounting ist ein vereinfachtes Gewinnermittlungsmodul (Einnahme-\u00dcberschuss-Rechnung). Wello Accounting erlaubt die Gewinnermittlung gleich f\u00fcr mehrere Organisationen (Unternehmen, Subunternehmen) zu verwalten. Die Gewinnermittlung geschieht auf Basis eines intelligenten Filters, der erm\u00f6glich, den Gewinn auf verschiedenste Art und Weise zu ermitteln. Ebenfalls kann die Umsatzsteuervoranmeldung mit Hilfe des Buchhaltungsmoduls errechnet werden. Auszug aus &hellip; <a href=\"https:\/\/wellcode.de\/home\/index.php\/de\/wello-accounting-de\/\" class=\"more-link\">Continue reading <span class=\"screen-reader-text\">Wello Accounting (de)<\/span><\/a><\/p>\n","protected":false},"author":1,"featured_media":0,"parent":0,"menu_order":0,"comment_status":"closed","ping_status":"closed","template":"","meta":{"_monsterinsights_skip_tracking":false,"_monsterinsights_sitenote_active":false,"_monsterinsights_sitenote_note":"","_monsterinsights_sitenote_category":0,"footnotes":""},"class_list":["post-512","page","type-page","status-publish","hentry"],"_links":{"self":[{"href":"https:\/\/wellcode.de\/home\/index.php\/wp-json\/wp\/v2\/pages\/512","targetHints":{"allow":["GET"]}}],"collection":[{"href":"https:\/\/wellcode.de\/home\/index.php\/wp-json\/wp\/v2\/pages"}],"about":[{"href":"https:\/\/wellcode.de\/home\/index.php\/wp-json\/wp\/v2\/types\/page"}],"author":[{"embeddable":true,"href":"https:\/\/wellcode.de\/home\/index.php\/wp-json\/wp\/v2\/users\/1"}],"replies":[{"embeddable":true,"href":"https:\/\/wellcode.de\/home\/index.php\/wp-json\/wp\/v2\/comments?post=512"}],"version-history":[{"count":15,"href":"https:\/\/wellcode.de\/home\/index.php\/wp-json\/wp\/v2\/pages\/512\/revisions"}],"predecessor-version":[{"id":1226,"href":"https:\/\/wellcode.de\/home\/index.php\/wp-json\/wp\/v2\/pages\/512\/revisions\/1226"}],"wp:attachment":[{"href":"https:\/\/wellcode.de\/home\/index.php\/wp-json\/wp\/v2\/media?parent=512"}],"curies":[{"name":"wp","href":"https:\/\/api.w.org\/{rel}","templated":true}]}}