{"id":465,"date":"2016-04-30T09:53:52","date_gmt":"2016-04-30T09:53:52","guid":{"rendered":"http:\/\/www.wellcode.de\/home\/?page_id=465"},"modified":"2021-11-05T01:19:15","modified_gmt":"2021-11-05T01:19:15","slug":"wello-warehouse-de","status":"publish","type":"page","link":"https:\/\/wellcode.de\/home\/index.php\/de\/wello-warehouse-de\/","title":{"rendered":"Wello Warehouse (de)"},"content":{"rendered":"\n<div class=\"wp-block-image\"><figure class=\"alignright is-resized\"><img loading=\"lazy\" decoding=\"async\" src=\"\/home\/wp-content\/uploads\/WAREHOUSE@2x.png\" alt=\"\" class=\"wp-image-886\" width=\"133\" height=\"99\" srcset=\"https:\/\/wellcode.de\/home\/wp-content\/uploads\/WAREHOUSE@2x.png 1600w, https:\/\/wellcode.de\/home\/wp-content\/uploads\/WAREHOUSE@2x-300x225.png 300w, https:\/\/wellcode.de\/home\/wp-content\/uploads\/WAREHOUSE@2x-768x576.png 768w, https:\/\/wellcode.de\/home\/wp-content\/uploads\/WAREHOUSE@2x-1024x768.png 1024w\" sizes=\"auto, (max-width: 133px) 100vw, 133px\" \/><\/figure><\/div>\n\n\n\n<p>Wellcode Warehouse Modul ist die Implementierung einer Lagerverwaltung.<\/p>\n\n\n\n<p>Die Lagerverwaltung ist nahtlos in den <em>Wello Modulen<\/em>, wie z. B. <em>Wello Logistics<\/em>, integriert. So k\u00f6nnen \u00fcber die durch den Anwender ausgef\u00fchrten Lagerbewegungen hinaus intern Aktionen -automatisiert- ausgel\u00f6st werden, wie z. B. bei einer Tour oder Auftrag, die Material transportieren oder bewegen k\u00f6nnen.<\/p>\n\n\n\n<h2 class=\"wp-block-heading\">Lagerstandorte<\/h2>\n\n\n\n<p>Mit <em>Wello Warehouse<\/em> k\u00f6nnen<\/p>\n\n\n\n<ul class=\"wp-block-list\"><li>beliebig viele Lagerh\u00e4user verwaltet werden.<\/li><li>Jedes Lagerhaus kann mehrere Standorte beherbergen.<\/li><li>Die Standorte k\u00f6nnen dann in Regale zerlegt werden.<\/li><li>Jeder Regal kann beliebig viele Regalpositionen enthalten.<\/li><li>Die Lagerstandorte k\u00f6nnen hierarchisch aufgebaut werden<\/li><li>Es lassen sich damit u. a. lager\u00e4hnliche Standorte, wie Parkanlagen, Wertstoffh\u00f6fe und des Gleichen abbilden<\/li><li>Alle Lagerh\u00e4user, Standorte, Regale und Regalpositionen k\u00f6nnen durch Bilder erg\u00e4nzt werden<\/li><\/ul>\n\n\n\n<p>Damit l\u00e4\u00dft sich jedes Lagerhaus oder Lagerhauskomplex hierarchisch abbilden.<br><img loading=\"lazy\" decoding=\"async\" class=\"alignnone size-full wp-image-469\" src=\"http:\/\/www.wellcode.de\/home\/wp-content\/uploads\/warehouses.png\" alt=\"warehouses\" width=\"579\" height=\"402\" srcset=\"https:\/\/wellcode.de\/home\/wp-content\/uploads\/warehouses.png 579w, https:\/\/wellcode.de\/home\/wp-content\/uploads\/warehouses-300x208.png 300w\" sizes=\"auto, (max-width: 579px) 100vw, 579px\" \/><\/p>\n\n\n\n<h2 class=\"wp-block-heading\">Artikel- und Materialverwaltung<\/h2>\n\n\n\n<p>Der Artikelstamm beginnt mit der intelligenten standardisierten Suchmaske, ohne die Maske mit Suchfeldeingaben zu \u00fcberladen. Die Multifunktionssuche erlaubt jedes Artikel mit beliebigen Eigenschaften zu finden.<br><img loading=\"lazy\" decoding=\"async\" class=\"alignnone size-full wp-image-476\" src=\"http:\/\/www.wellcode.de\/home\/wp-content\/uploads\/articlefind.png\" alt=\"articlefind\" width=\"987\" height=\"590\" srcset=\"https:\/\/wellcode.de\/home\/wp-content\/uploads\/articlefind.png 987w, https:\/\/wellcode.de\/home\/wp-content\/uploads\/articlefind-300x179.png 300w, https:\/\/wellcode.de\/home\/wp-content\/uploads\/articlefind-768x459.png 768w\" sizes=\"auto, (max-width: 987px) 100vw, 987px\" \/><\/p>\n\n\n\n<p>Zu jedem Artikel k\u00f6nnen<\/p>\n\n\n\n<ul class=\"wp-block-list\"><li>Verkaufseinheiten mit Preis, Menge und Einheit erfasst werden<\/li><li>Liefereinheiten mit Preis, Menge, Einheit und ggf. Lieferant erfasst werden<\/li><li>Es k\u00f6nnen beliebig viele Artikelstandorte verwaltet werden<\/li><li>Der aktuelle Bestand zum Artikel l\u00e4sst sich beobachten<\/li><li>Es lassen sich Mindest-, Maximal- und Bestellmengen, gebunden an verschiedenen Lagerorten, verwalten<\/li><\/ul>\n\n\n\n<p><em>Wello Warehouse<\/em> unterscheidet zwischen Liefer- und Entnahme- bzw. Verkaufseinheiten und erlaubt dem Anwender die Freiheit, diese auf den tats\u00e4chlichen Abl\u00e4uften abzubilden.<br><img loading=\"lazy\" decoding=\"async\" class=\"alignnone size-full wp-image-478\" src=\"http:\/\/www.wellcode.de\/home\/wp-content\/uploads\/articlemgmt.png\" alt=\"articlemgmt\" width=\"987\" height=\"676\" srcset=\"https:\/\/wellcode.de\/home\/wp-content\/uploads\/articlemgmt.png 987w, https:\/\/wellcode.de\/home\/wp-content\/uploads\/articlemgmt-300x205.png 300w, https:\/\/wellcode.de\/home\/wp-content\/uploads\/articlemgmt-768x526.png 768w\" sizes=\"auto, (max-width: 987px) 100vw, 987px\" \/><\/p>\n\n\n\n<h2 class=\"wp-block-heading\">Warenein- &amp; -ausgang<\/h2>\n\n\n\n<p>Die direkten Lagerbewegungen k\u00f6nnen \u00fcber die zentrale Such- und Eingabemaske f\u00fcr Lagerbewegungen abgewickelt werden. In dieser Maske k\u00f6nnen u. a. bisherige Lagerbewegungen angesehen werden.<br><img loading=\"lazy\" decoding=\"async\" class=\"alignnone size-full wp-image-484\" src=\"http:\/\/www.wellcode.de\/home\/wp-content\/uploads\/articlemovementmgmt.png\" alt=\"articlemovementmgmt\" width=\"792\" height=\"453\" srcset=\"https:\/\/wellcode.de\/home\/wp-content\/uploads\/articlemovementmgmt.png 792w, https:\/\/wellcode.de\/home\/wp-content\/uploads\/articlemovementmgmt-300x172.png 300w, https:\/\/wellcode.de\/home\/wp-content\/uploads\/articlemovementmgmt-768x439.png 768w\" sizes=\"auto, (max-width: 792px) 100vw, 792px\" \/><\/p>\n\n\n\n<p>Lagerbewegungen lassen sich zusammenfassen, so k\u00f6nnen gr\u00f6\u00dfere Lieferungen\/Entnahmen zu einem sp\u00e4teren Zeitpunkt genau verfolgt werden.<br><img loading=\"lazy\" decoding=\"async\" class=\"alignnone size-full wp-image-485\" src=\"http:\/\/www.wellcode.de\/home\/wp-content\/uploads\/addarticlemovement.png\" alt=\"addarticlemovement\" width=\"792\" height=\"674\" srcset=\"https:\/\/wellcode.de\/home\/wp-content\/uploads\/addarticlemovement.png 792w, https:\/\/wellcode.de\/home\/wp-content\/uploads\/addarticlemovement-300x255.png 300w, https:\/\/wellcode.de\/home\/wp-content\/uploads\/addarticlemovement-768x654.png 768w\" sizes=\"auto, (max-width: 792px) 100vw, 792px\" \/><\/p>\n\n\n\n<figure class=\"wp-block-image size-large\"><img loading=\"lazy\" decoding=\"async\" width=\"610\" height=\"762\" src=\"https:\/\/wellcode.de\/home\/wp-content\/uploads\/warehouse-de.6.png\" alt=\"\" class=\"wp-image-1474\" srcset=\"https:\/\/wellcode.de\/home\/wp-content\/uploads\/warehouse-de.6.png 610w, https:\/\/wellcode.de\/home\/wp-content\/uploads\/warehouse-de.6-240x300.png 240w\" sizes=\"auto, (max-width: 610px) 100vw, 610px\" \/><\/figure>\n\n\n\n<p>Die einzelnen Positionen einer Lagerbewegung<br><img loading=\"lazy\" decoding=\"async\" class=\"alignnone size-full wp-image-487\" src=\"http:\/\/www.wellcode.de\/home\/wp-content\/uploads\/articlemovements.png\" alt=\"articlemovements\" width=\"982\" height=\"449\" srcset=\"https:\/\/wellcode.de\/home\/wp-content\/uploads\/articlemovements.png 982w, https:\/\/wellcode.de\/home\/wp-content\/uploads\/articlemovements-300x137.png 300w, https:\/\/wellcode.de\/home\/wp-content\/uploads\/articlemovements-768x351.png 768w\" sizes=\"auto, (max-width: 982px) 100vw, 982px\" \/><\/p>\n\n\n\n<p>Die Lagerbewegungsarten lassen sich dar\u00fcber hinaus benutzerdefiniert beliebig erweitern.<\/p>\n\n\n\n<h2 class=\"wp-block-heading\">Lagerbestand<\/h2>\n\n\n\n<p>Der Lagerbestand eines Artikels kann an diversen Stellen im Programm beobachtet und ggf. verwaltet werden.<br>Zus\u00e4tzlich ist eine Such- und Verwaltungsseite mit der standardisierten und intelligenten Suchfunktionalit\u00e4t von <em>Wello<\/em> vorhanden.<br>Der Lagerbestand l\u00e4sst sich nur durch autorisierte Anwender (Rolle Admin) direkt editieren.<br><img loading=\"lazy\" decoding=\"async\" class=\"alignnone size-full wp-image-481\" src=\"http:\/\/www.wellcode.de\/home\/wp-content\/uploads\/stockinventory.png\" alt=\"stockinventory\" width=\"1032\" height=\"448\" srcset=\"https:\/\/wellcode.de\/home\/wp-content\/uploads\/stockinventory.png 1032w, https:\/\/wellcode.de\/home\/wp-content\/uploads\/stockinventory-300x130.png 300w, https:\/\/wellcode.de\/home\/wp-content\/uploads\/stockinventory-768x333.png 768w, https:\/\/wellcode.de\/home\/wp-content\/uploads\/stockinventory-1024x445.png 1024w\" sizes=\"auto, (max-width: 1032px) 100vw, 1032px\" \/><\/p>\n\n\n\n<h2 class=\"wp-block-heading\">Lagerbewegung<\/h2>\n\n\n\n<p>Wie beim Lagerbestand k\u00f6nnen die einzelnen Lagerbewegungen \u00fcbergreifend und im Journal-Stil durchsucht und ggf. ge\u00e4ndert werden. Daf\u00fcr ist ein zentraler Einstieg aus dem Men\u00fc m\u00f6glich. Dort sind detaillierte Suchm\u00f6glichkeiten integriert.<br><img loading=\"lazy\" decoding=\"async\" class=\"alignnone size-full wp-image-489\" src=\"http:\/\/www.wellcode.de\/home\/wp-content\/uploads\/articlemovementjournal.png\" alt=\"articlemovementjournal\" width=\"1429\" height=\"664\" srcset=\"https:\/\/wellcode.de\/home\/wp-content\/uploads\/articlemovementjournal.png 1429w, https:\/\/wellcode.de\/home\/wp-content\/uploads\/articlemovementjournal-300x139.png 300w, https:\/\/wellcode.de\/home\/wp-content\/uploads\/articlemovementjournal-768x357.png 768w, https:\/\/wellcode.de\/home\/wp-content\/uploads\/articlemovementjournal-1024x476.png 1024w\" sizes=\"auto, (max-width: 1429px) 100vw, 1429px\" \/><\/p>\n\n\n\n<h2 class=\"wp-block-heading\">Artikelgruppen<\/h2>\n\n\n\n<p>Hier k\u00f6nnen die Artikelgruppen nach Bedarf konfiguriert werden.<\/p>\n\n\n\n<h2 class=\"wp-block-heading\">Preis- und Liefereinheiten<\/h2>\n\n\n\n<p>Hier k\u00f6nnen die Entnahme- und Liefereinheiten verwaltet werden.<\/p>\n\n\n\n<h2 class=\"wp-block-heading\">Lagerbewegungsarten<\/h2>\n\n\n\n<p>Die Lagerentnahmen oder -eing\u00e4nge lassen sich benutzerdefiniert beliebig erg\u00e4nzen und alle realistischen Lagerbewegungen abbilden.<\/p>\n\n\n\n<h2 class=\"wp-block-heading\">Protokollierung<\/h2>\n\n\n\n<p>Alle \u00c4nderungen in der Lagerverwaltung k\u00f6nnen verfolgt werden, das ist durch die standardisierte und programm\u00fcbergreifend integrierte Protokollierungsfunktion von <em>Wello<\/em> m\u00f6glich.<br>Im <em>Wello<\/em> ist eine Suchmaske f\u00fcr das \u00c4nderungsprotokoll integriert, mit deren Hilfe alle \u00c4nderungen durchsucht werden. Es k\u00f6nnen gezielt \u00c4nderungen gesucht oder einfach die letzten x-beliebigen \u00c4nderungen angezeigt werden.<br>Bei jedem Protokolleintrag sind die \u00c4nderungsaktion, der Benutzer, die Quelle (Computer), das Datum und das ge\u00e4nderte Objekt sichtbar.<br><img loading=\"lazy\" decoding=\"async\" class=\"alignnone size-full wp-image-500\" src=\"http:\/\/www.wellcode.de\/home\/wp-content\/uploads\/changelog.png\" alt=\"changelog\" width=\"948\" height=\"661\" srcset=\"https:\/\/wellcode.de\/home\/wp-content\/uploads\/changelog.png 948w, https:\/\/wellcode.de\/home\/wp-content\/uploads\/changelog-300x209.png 300w, https:\/\/wellcode.de\/home\/wp-content\/uploads\/changelog-768x535.png 768w\" sizes=\"auto, (max-width: 948px) 100vw, 948px\" \/><\/p>\n\n\n\n<p>Wird eine \u00c4nderungshistorie angeklickt, so wird die detaillierte Ansicht der \u00c4nderung angezeigt, u. a. welches Feld (neu, alt) ge\u00e4ndert wurde. Von da aus kann auch das ge\u00e4nderte Objekt angeklickt werden, und dessen aktuellen Inhalt angeschaut werden, so l\u00e4sst sich auf ausgesprochen komfortable Art und Weise jede \u00c4nderung pr\u00e4zise verfolgen.<br><img loading=\"lazy\" decoding=\"async\" class=\"alignnone size-full wp-image-501\" src=\"http:\/\/www.wellcode.de\/home\/wp-content\/uploads\/changedetail.png\" alt=\"changedetail\" width=\"948\" height=\"645\" srcset=\"https:\/\/wellcode.de\/home\/wp-content\/uploads\/changedetail.png 948w, https:\/\/wellcode.de\/home\/wp-content\/uploads\/changedetail-300x204.png 300w, https:\/\/wellcode.de\/home\/wp-content\/uploads\/changedetail-768x523.png 768w\" sizes=\"auto, (max-width: 948px) 100vw, 948px\" \/><\/p>\n\n\n\n<h2 class=\"wp-block-heading\">Mobilger\u00e4tef\u00e4higkeit<\/h2>\n\n\n\n<p><em style=\"color: magenta;\">Mit dem Handy durch die Lagerg\u00e4nge<\/em><br>Alle <em>Wello<\/em> Module sind mobilger\u00e4tef\u00e4hig und lassen sich mit allen g\u00e4ngigen mobilen Ger\u00e4ten bedienen.<br>Bei der Lagerverwaltung ist nochmals besonderen Wert darauf gelegt worden, alle g\u00e4ngigen Aktionen mit den mobilen Ger\u00e4ten komfortabel abzuwickeln. Die Barcode-F\u00e4higkeit diverser Mobilger\u00e4te wird unterst\u00fctzt. Ebenfalls wird das Einsetzen klassischer Barcode-Ger\u00e4te unterst\u00fctzt.<br><img loading=\"lazy\" decoding=\"async\" class=\"alignnone size-full wp-image-505\" src=\"http:\/\/www.wellcode.de\/home\/wp-content\/uploads\/barcode.png\" alt=\"barcode\" width=\"291\" height=\"292\" srcset=\"https:\/\/wellcode.de\/home\/wp-content\/uploads\/barcode.png 291w, https:\/\/wellcode.de\/home\/wp-content\/uploads\/barcode-150x150.png 150w\" sizes=\"auto, (max-width: 291px) 100vw, 291px\" \/><\/p>\n","protected":false},"excerpt":{"rendered":"<p>Wellcode Warehouse Modul ist die Implementierung einer Lagerverwaltung. Die Lagerverwaltung ist nahtlos in den Wello Modulen, wie z. B. Wello Logistics, integriert. So k\u00f6nnen \u00fcber die durch den Anwender ausgef\u00fchrten Lagerbewegungen hinaus intern Aktionen -automatisiert- ausgel\u00f6st werden, wie z. B. bei einer Tour oder Auftrag, die Material transportieren oder bewegen k\u00f6nnen. Lagerstandorte Mit Wello Warehouse &hellip; <a href=\"https:\/\/wellcode.de\/home\/index.php\/de\/wello-warehouse-de\/\" class=\"more-link\">Continue reading <span class=\"screen-reader-text\">Wello Warehouse (de)<\/span><\/a><\/p>\n","protected":false},"author":1,"featured_media":0,"parent":0,"menu_order":0,"comment_status":"closed","ping_status":"closed","template":"","meta":{"_monsterinsights_skip_tracking":false,"_monsterinsights_sitenote_active":false,"_monsterinsights_sitenote_note":"","_monsterinsights_sitenote_category":0,"footnotes":""},"class_list":["post-465","page","type-page","status-publish","hentry"],"_links":{"self":[{"href":"https:\/\/wellcode.de\/home\/index.php\/wp-json\/wp\/v2\/pages\/465","targetHints":{"allow":["GET"]}}],"collection":[{"href":"https:\/\/wellcode.de\/home\/index.php\/wp-json\/wp\/v2\/pages"}],"about":[{"href":"https:\/\/wellcode.de\/home\/index.php\/wp-json\/wp\/v2\/types\/page"}],"author":[{"embeddable":true,"href":"https:\/\/wellcode.de\/home\/index.php\/wp-json\/wp\/v2\/users\/1"}],"replies":[{"embeddable":true,"href":"https:\/\/wellcode.de\/home\/index.php\/wp-json\/wp\/v2\/comments?post=465"}],"version-history":[{"count":36,"href":"https:\/\/wellcode.de\/home\/index.php\/wp-json\/wp\/v2\/pages\/465\/revisions"}],"predecessor-version":[{"id":1679,"href":"https:\/\/wellcode.de\/home\/index.php\/wp-json\/wp\/v2\/pages\/465\/revisions\/1679"}],"wp:attachment":[{"href":"https:\/\/wellcode.de\/home\/index.php\/wp-json\/wp\/v2\/media?parent=465"}],"curies":[{"name":"wp","href":"https:\/\/api.w.org\/{rel}","templated":true}]}}