{"id":46,"date":"2015-04-24T20:34:37","date_gmt":"2015-04-24T20:34:37","guid":{"rendered":"http:\/\/www.wellcode.de\/home\/?page_id=46"},"modified":"2025-01-10T12:11:05","modified_gmt":"2025-01-10T12:11:05","slug":"main-2","status":"publish","type":"page","link":"https:\/\/wellcode.de\/home\/index.php\/de\/main-2\/","title":{"rendered":"Wellcode Software (de)"},"content":{"rendered":"\n<p>Willkommen auf unseren Seiten.<\/p>\n\n\n\n<p>Wellcode Software vertreibt WELLO als ERP-System mit verschiedenen L\u00f6sungen im Bereich Projektmanagement, Warenwirtschaft, Logistik, Fertigung, Handel, Dienstleistungen und Finanzen f\u00fcr Endkunden.<\/p>\n\n\n\n<p>Wir bieten auch <a href=\"\/home\/index.php\/de\/it-de\/\">IT-L\u00f6sungen<\/a> f\u00fcr Software-H\u00e4user in Form von Frameworks und angepassten technischen L\u00f6sungen an.<\/p>\n\n\n\n<p>Unsere Anwendung ist web-basiert und eine der modernsten IT-L\u00f6sungen auf dem Markt.<\/p>\n\n\n\n<section class=\"wp-block-group has-light-gray-background-color has-background\"><div class=\"wp-block-group__inner-container is-layout-constrained wp-block-group-is-layout-constrained\">\n<h2 class=\"wp-block-heading\"><mark style=\"background-color:rgba(0, 0, 0, 0)\" class=\"has-inline-color has-medium-pink-color\">e-Rechnung<\/mark><\/h2>\n\n\n\n<p>In Deutschland ist ab dem 01.01.2025 die Annahme von e-Rechnungen (X-Rechnung) Pflicht. Nach einer \u00dcbergangsfrist m\u00fcssen alle Unternehmen ab 01.01.2027 im B2B und an die Kommunen e-Rechnungen versenden.<\/p>\n\n\n\n<p>In \u00d6sterreich sind e-Rechnungen bei Leistungen an den Bund &amp; \u00f6ffentliche Verwaltung verpflichtend. Aufgrund der neuen Regelungen in Deutschland k\u00f6nnen viele Unternehmen im EU-Raum betroffen und mit der Implementierung des Standards konfrontiert sein.<\/p>\n\n\n\n<h3 class=\"wp-block-heading\">e-Rechnung f\u00fcr Anwender<\/h3>\n\n\n\n<p>In unserer ERP-L\u00f6sung <a href=\"\/home\/index.php\/de\/wello-2\/\" data-type=\"page\" data-id=\"62\">WELLO <\/a>integriert.<\/p>\n\n\n\n<ul class=\"wp-block-list\">\n<li><a href=\"https:\/\/www.ferd-net.de\/standards\/zugferd\">CII-ZUGFeRD\/Factur-X<\/a> f\u00fcr B2B &amp; Kommunen (B2G)<\/li>\n\n\n\n<li><a href=\"https:\/\/www.erechnung.gv.at\/erb\/tec_formats_ubl\">UBL-Rechnung<\/a> \u00fcberwiegend f\u00fcr Kommunen (B2G)<\/li>\n\n\n\n<li>Validierung auf Konformit\u00e4t der E-\/A-Rechnungen (<a href=\"https:\/\/www.erechnung.gv.at\/erb\/de_AT\/info_en16931\">EN 16931<\/a>, X-Rechnung, PEPPOL)<\/li>\n\n\n\n<li>Versenden &amp; Empfangen von e-Rechnungen<\/li>\n\n\n\n<li>Vollst\u00e4ndige Integration und Automatisierung<\/li>\n<\/ul>\n\n\n\n<h3 class=\"wp-block-heading\">e-Rechnung f\u00fcr Software-H\u00e4user<\/h3>\n\n\n\n<ul class=\"wp-block-list\">\n<li>Unterst\u00fctzung bei der Implementierung<\/li>\n\n\n\n<li>Bereitstellung von Modulen und Source-Code<\/li>\n\n\n\n<li>Integration mit <a href=\"https:\/\/pdfium.googlesource.com\/\">Pdfium<\/a> und anderen PDF-Bibliotheken (f\u00fcr ZUGFeRD)<\/li>\n\n\n\n<li>Integration von XSLT- Validatoren f\u00fcr E-\/A-Rechnungen (Konformit\u00e4tspr\u00fcfung <a href=\"https:\/\/www.erechnung.gv.at\/erb\/de_AT\/info_en16931\">EN 16931<\/a>)<\/li>\n<\/ul>\n\n\n\n<p>Mehr dazu finden Sie <a href=\"\/home\/index.php\/de\/e-rechnungen\/\" data-type=\"page\" data-id=\"1877\">hier <\/a>(mit <mark style=\"background-color:rgba(0, 0, 0, 0)\" class=\"has-inline-color has-medium-pink-color\">ONLINE X-Rechnungsvalidator<\/mark>)<\/p>\n\n\n\n<p>Die Dokumentation der Implementierung in userer Anwendung finden Sie <a href=\"https:\/\/wellcode.de\/wellodemo\/help\/eInvoice.xRechnung.html\">hier<\/a>.<\/p>\n<\/div><\/section>\n\n\n\n<h2 class=\"wp-block-heading\"><mark style=\"background-color:rgba(0, 0, 0, 0)\" class=\"has-inline-color has-medium-pink-color\">Zielgruppen<\/mark><\/h2>\n\n\n\n<p>WELLO ERP-Anwendung eignet sich insbesondere f\u00fcr folgende Branchen und Unternehmensgr\u00f6\u00dfen<\/p>\n\n\n\n<ul class=\"wp-block-list\">\n<li>Konzerne, Mittelstand, gr\u00f6\u00dfere Betriebe<\/li>\n\n\n\n<li>Unternehmen mit mehreren Filialen oder GmbHs<\/li>\n\n\n\n<li>Finanz- sowie Dienstleister<\/li>\n\n\n\n<li>Steuerberater<\/li>\n<\/ul>\n\n\n\n<ul class=\"wp-block-list\">\n<li>Transport- und Speditionsunternehmen<\/li>\n\n\n\n<li>Abfallwirtschaft, Deponie<\/li>\n\n\n\n<li>Wertstoffhandel<\/li>\n\n\n\n<li>Unternehmen mit Furhpark<br><\/li>\n\n\n\n<li>Cargo, Shifffahrt<br><\/li>\n\n\n\n<li>gr\u00f6\u00dfere Handwerkerbetriebe<\/li>\n<\/ul>\n\n\n\n<ul class=\"wp-block-list\">\n<li>Hotels &amp; Zimmervermietung<\/li>\n\n\n\n<li>Auto- und Ger\u00e4tevermietung<\/li>\n<\/ul>\n\n\n\n<h2 class=\"wp-block-heading\"><mark style=\"background-color:rgba(0, 0, 0, 0)\" class=\"has-inline-color has-medium-pink-color\">Lizenzierung<\/mark><\/h2>\n\n\n\n<ul class=\"wp-block-list\">\n<li>Standard<\/li>\n\n\n\n<li>Middle Ware<\/li>\n\n\n\n<li>Enterprise<\/li>\n\n\n\n<li>SaaS- &amp; Online-Geb\u00fchren<\/li>\n<\/ul>\n\n\n\n<h2 class=\"wp-block-heading\">Unser Leistungsprofil<\/h2>\n\n\n\n<h3 class=\"wp-block-heading has-medium-pink-color has-text-color\">ERP<\/h3>\n\n\n\n<ul class=\"wp-block-list\">\n<li>Order Management<\/li>\n\n\n\n<li>Warenwirtschaft<\/li>\n\n\n\n<li>Projektverwaltung<\/li>\n\n\n\n<li>Finanzbuchhaltung<\/li>\n\n\n\n<li>Personalwirtschaft<\/li>\n\n\n\n<li>Zeiterfassung<\/li>\n\n\n\n<li>Kundenportal, Online Shop<\/li>\n\n\n\n<li>Banking, SEPA<\/li>\n\n\n\n<li>Digitalisierung der Gesch\u00e4ftsprozesse (papierlos)<\/li>\n\n\n\n<li>Automatisierung der Gesch\u00e4ftsprozesse<\/li>\n<\/ul>\n\n\n\n<ul class=\"wp-block-list\">\n<li>Content-Management-System (CMS)<\/li>\n\n\n\n<li>Kontakmanagement<\/li>\n\n\n\n<li>Dokumentenmanagement (DMS) mit Contentsuche<\/li>\n\n\n\n<li>Betriebsdatenerfassung (BDE)<\/li>\n\n\n\n<li>Produktionsplanungs- und Steuerungssystem (PPS)<\/li>\n\n\n\n<li>Visuelle Plantafel<\/li>\n<\/ul>\n\n\n\n<h3 class=\"wp-block-heading has-medium-pink-color has-text-color\">Logistik<\/h3>\n\n\n\n<ul class=\"wp-block-list\">\n<li>Transport, Logistik, Disposition<\/li>\n\n\n\n<li>Containermanagement<\/li>\n\n\n\n<li>Plantafel f\u00fcr Tourenplanung, Vermietung, Assetbelegung<\/li>\n\n\n\n<li>Fuhrparkmanagement, GPS Tracking<\/li>\n\n\n\n<li>Waagen und Wiegung mit Schrankenanbindung<\/li>\n\n\n\n<li>F\u00fchrerscheinkontrolle<\/li>\n\n\n\n<li>Abfallmanagement, <a href=\"https:\/\/www.bmuv.de\/\">Abfall- &amp; Bef\u00f6rdererregister<\/a>, <a href=\"https:\/\/edm.gv.at\/\">EDM (\u00d6sterreich)<\/a><\/li>\n\n\n\n<li>Tachograph, Kfz- und Fahrerkartenauswertung<\/li>\n\n\n\n<li>Schranken<\/li>\n\n\n\n<li>Schl\u00fcsselschr\u00e4nke (Key Cabinets, u. A. <a href=\"https:\/\/www.traka.com\/\">Traka<\/a>)<\/li>\n\n\n\n<li><a href=\"https:\/\/beton2go.com\/\">BETON2GO<\/a> (Konnektivit\u00e4t &amp; FiBu)<\/li>\n<\/ul>\n\n\n\n<h3 class=\"wp-block-heading has-medium-pink-color has-text-color\">IT-Services<\/h3>\n\n\n\n<p>Wir bieten IT-L\u00f6sungen f\u00fcr Software-H\u00e4user in Form von Frameworks und angepassten technischen L\u00f6sungen an, beispielsweise<\/p>\n\n\n\n<ul class=\"wp-block-list\">\n<li>WellFRAME, WellDBMS, hiermit lassen sich komplette Anwendungen realisieren.<\/li>\n\n\n\n<li>Web-Services und Schnittstellenimplementierung<\/li>\n\n\n\n<li><strong>DATEV(c)<\/strong>&nbsp;Services<\/li>\n\n\n\n<li><strong><mark style=\"background-color:rgba(0, 0, 0, 0)\" class=\"has-inline-color has-medium-pink-color\">PDF-To-Printer<\/mark><\/strong>, damit k\u00f6nnen PDF-Dokumente direkt zum Drucker geschickt werden.<\/li>\n\n\n\n<li>Fachkompetente Beratung und passgenaue L\u00f6sungen<\/li>\n<\/ul>\n\n\n\n<h3 class=\"wp-block-heading has-medium-pink-color has-text-color\">Online Cloud-Services<\/h3>\n\n\n\n<p>Folgende Web-Services k\u00f6nnen \u00fcber die Cloud bezogen werden:<\/p>\n\n\n\n<ul class=\"wp-block-list\">\n<li>WELLO ERP-Software as-a-Service (<mark style=\"background-color:rgba(0, 0, 0, 0)\" class=\"has-inline-color has-medium-pink-color\">SaaS<\/mark>)<\/li>\n\n\n\n<li><mark style=\"background-color:rgba(0, 0, 0, 0)\" class=\"has-inline-color has-medium-pink-color\">Document-to-PDF<\/mark>-Konverter (Office, HTML, Bild zu PDF)<br>Sie schicken uns ein Word-, Excel-, Bild- oder HTML-Dokument, Sie erhalten es als PDF-Dokument zur\u00fcck. <\/li>\n\n\n\n<li><mark style=\"background-color:rgba(0, 0, 0, 0)\" class=\"has-inline-color has-medium-pink-color\">OCR <\/mark>&#8211; kognitive Texterkennung (Office, Bild, PDF zu Text)<br>Sie schicken uns ein Word-, Excel-, Bild- oder HTML-Dokument, Sie erhalten es als Text zur\u00fcck.. <\/li>\n\n\n\n<li><mark style=\"background-color:rgba(0, 0, 0, 0)\" class=\"has-inline-color has-medium-pink-color\">Document-to-e-Note<\/mark> (Bild\/PDF\/Text zu <strong>E-Beleg<\/strong>, <em>strukturiertes Auslesen<\/em>) <br>Damit lassen sich beispielsweise Eingangsrechnungen\/Lieferscheine auf Positionsebene auslesen und elektronisch verarbeiten<\/li>\n<\/ul>\n\n\n\n<h3 class=\"wp-block-heading has-medium-pink-color has-text-color\">Kommunikation mit DATEV(c)<\/h3>\n\n\n\n<p>Wir sind&nbsp;<strong><em><mark style=\"background-color:rgba(0, 0, 0, 0)\" class=\"has-inline-color has-medium-pink-color\">zertifizierter <a href=\"https:\/\/www.datev.de\/web\/de\/marktplatz\/datev-schnittstellen-anbieter\/#:~:text=Wellcode\">DATEV Online API Schnittstellenanbieter<\/a><\/mark><\/em><\/strong>, \u00fcber uns k\u00f6nnen Sie Ihre Buchhaltung, Personalwirtschaft, Zeiterfassung und die Rechnungsbelege automatisiert in DATEV \u00fcbertragen lassen. Sie m\u00fcssen keine E-Mails, ZIP-Dateien oder \u00e4hnliches an Ihren Steuerberater schicken, wir buchen direkt in DATEV ein.<\/p>\n\n\n\n<ul class=\"wp-block-list\">\n<li>Buchhaltungsservice<\/li>\n\n\n\n<li>Belegbilderservice<\/li>\n\n\n\n<li>Lohnimportdatennservice<\/li>\n<\/ul>\n\n\n\n<p>\u00dcber die von uns implementierte Schnittstelle&nbsp;<strong><mark style=\"background-color:rgba(0, 0, 0, 0)\" class=\"has-inline-color has-medium-pink-color\"><em>DATEVconnect<\/em>&nbsp;<\/mark><\/strong>k\u00f6nnen Daten bidirektional mit DATEV ausgetauscht werden, so k\u00f6nnen beispielsweise live zur Verf\u00fcgung gestellt werden:<\/p>\n\n\n\n<ul class=\"wp-block-list\">\n<li>OPOS (offene Posten)<\/li>\n\n\n\n<li>Kontosalden<\/li>\n\n\n\n<li>Buchungsjournal<\/li>\n\n\n\n<li>Zahlungsmodalit\u00e4ten<\/li>\n\n\n\n<li>Stammdaten (Debitoren, Kreditoren, Kontenrahmen)<\/li>\n\n\n\n<li>Personalwesen (Payroll)&nbsp;<\/li>\n<\/ul>\n\n\n\n<hr class=\"wp-block-separator has-alpha-channel-opacity\"\/>\n\n\n\n<h1 class=\"wp-block-heading\">Auszug aus dem Produktkatalog<\/h1>\n\n\n\n<p>Einige L\u00f6sungen aus dem Bereich Warenwirtschaft &amp; Logistik. Weitere Details finden Sie unter <a href=\"\/home\/index.php\/de\/wello-2\/\">WELLO<\/a> und <a href=\"\/home\/index.php\/de\/it-de\/\">IT<\/a>.<\/p>\n\n\n\n<h2 class=\"wp-block-heading\">Wello Order Management (OMS)<\/h2>\n\n\n<div class=\"wp-block-image\">\n<figure class=\"alignright size-large is-resized\"><img decoding=\"async\" src=\"\/home\/wp-content\/uploads\/ORDERS@2x.png\" alt=\"\" style=\"width:241px;height:184px\"\/><\/figure><\/div>\n\n\n<p>Das WELLO OMS bildet die Prozesse der Vorgangsabwicklung ab, beginnend von der Anfrage bis hin zur Auftragsbest\u00e4tigung, Bestellung und Fakturierung. Einzelne Vorg\u00e4nge lassen sich in einen Sammelvorgang zusammenfassen.<br>\u00dcber einen Kundenzugang k\u00f6nnen vorhandene Auftr\u00e4ge eingesehen und neue Auftr\u00e4ge angelegt werden.<br>Das OMS ist international konzipiert. W\u00e4hrung &amp; Steuern lassen sich individuell anpassen. Vorgangsdokumente (wie Rechnungen) werden automatisch nach Kundenvorlagen generiert und k\u00f6nnen direkt editiert und gedruckt werden.<br>S-Kontierung und Rabatte k\u00f6nnen pro Auftrag und Position, gekn\u00fcpft an Zahlungsbedingungen, angegeben werden. Kunden-abh\u00e4ngige Preise &amp; Rabatte k\u00f6nnen im System verwaltet werden.<br>Ein stufenweises Mahnwesen ist Bestandteil des OMS. Wello OMS integriert sich nahtlos in die Wello Logistics, Accounting &amp; Banking Module.<\/p>\n\n\n\n<figure class=\"wp-block-gallery has-nested-images columns-default is-cropped wp-block-gallery-1 is-layout-flex wp-block-gallery-is-layout-flex\">\n<figure class=\"wp-block-image size-large\"><img loading=\"lazy\" decoding=\"async\" width=\"1024\" height=\"809\" data-id=\"875\" src=\"https:\/\/wellcode.de\/home\/wp-content\/uploads\/order.300dpi-1-1024x809.jpg\" alt=\"\" class=\"wp-image-875\" srcset=\"https:\/\/wellcode.de\/home\/wp-content\/uploads\/order.300dpi-1-1024x809.jpg 1024w, https:\/\/wellcode.de\/home\/wp-content\/uploads\/order.300dpi-1-300x237.jpg 300w, https:\/\/wellcode.de\/home\/wp-content\/uploads\/order.300dpi-1-768x607.jpg 768w\" sizes=\"auto, (max-width: 1024px) 100vw, 1024px\" \/><\/figure>\n<\/figure>\n\n\n\n<p><a href=\"\/home\/index.php\/de\/wello-order-management-oms-de\/\" rel=\"noopener\">Mehr &#8230;<\/a><\/p>\n\n\n\n<h2 class=\"wp-block-heading\">Wello Logistics<\/h2>\n\n\n<div class=\"wp-block-image\">\n<figure class=\"alignright size-large is-resized\"><img decoding=\"async\" src=\"\/home\/wp-content\/uploads\/LOGESTICS-2@2x.png\" alt=\"\" style=\"width:168px;height:126px\"\/><\/figure><\/div>\n\n\n<p>Sie sind ein Logistikunternehmen. Sie haben eine beachtliche Gr\u00f6\u00dfe erreicht. Ihre Fahrten &amp; Auftr\u00e4ge k\u00f6nnen mit den vorhandenen Ressourcen mit gr\u00f6\u00dfter M\u00fche organisiert werden. Sie, Ihre Disponenten, Ihre Fahrer bzw. Diensterbinger und Ihre Kunden wollen einen klaren \u00dcberblick \u00fcber den aktuellen Status der Auftr\u00e4ge und Touren haben. Dann sind wir die richtigen Ansprechpartner f\u00fcr Sie. Wir stellen alle zufrieden.<\/p>\n\n\n\n<figure class=\"wp-block-gallery alignright has-nested-images columns-default is-cropped wp-block-gallery-2 is-layout-flex wp-block-gallery-is-layout-flex\">\n<figure class=\"wp-block-image size-large\"><img loading=\"lazy\" decoding=\"async\" width=\"1024\" height=\"853\" data-id=\"921\" src=\"https:\/\/wellcode.de\/home\/wp-content\/uploads\/Vehicles.Wello_-1024x853.png\" alt=\"\" class=\"wp-image-921\" srcset=\"https:\/\/wellcode.de\/home\/wp-content\/uploads\/Vehicles.Wello_.png 1024w, https:\/\/wellcode.de\/home\/wp-content\/uploads\/Vehicles.Wello_-300x250.png 300w, https:\/\/wellcode.de\/home\/wp-content\/uploads\/Vehicles.Wello_-768x640.png 768w\" sizes=\"auto, (max-width: 1024px) 100vw, 1024px\" \/><\/figure>\n<\/figure>\n\n\n\n<p><span style=\"color: #2b8aca;\">Wir schaffen Ergebnisse, die sich positiv auf Ihre Unternehmensprozesse und Ihre Kunden auswirken.<\/span><\/p>\n\n\n\n<p><span style=\"color: #2b8aca;\">&nbsp;<\/span><span style=\"color: #2b8aca;\">Wir projektieren genau Ihre Anforderungen und Ihre individuellen, betriebswirtschaftlichen Parameter in die Wello Software Umgebung.<\/span><\/p>\n\n\n\n<p><span style=\"color: #2b8aca;\">Fahren Sie mit unserem Flottenmanagement. Wir bringen Sie optimal ans Ziel.<\/span><\/p>\n\n\n\n<p><a href=\"http:\/\/www.wellcode.de\/home\/index.php\/de\/logistics-de\/\" rel=\"noopener\">Mehr &#8230;<\/a><\/p>\n\n\n\n<h2 class=\"wp-block-heading\">Wello Container Management<\/h2>\n\n\n<div class=\"wp-block-image\">\n<figure class=\"alignright size-large is-resized\"><img decoding=\"async\" src=\"\/home\/wp-content\/uploads\/CONTAINERS@2x.png\" alt=\"\" style=\"width:173px;height:144px\"\/><\/figure><\/div>\n\n\n<p>Gemeint sind die Mietmulden &amp; -container im Umlauf. Diese werden beim Kunden positioniert und sp\u00e4ter wieder abgeholt. Das Modul verfolgt folgende Ziele:<\/p>\n\n\n\n<ul class=\"wp-block-list\">\n<li>Wo befinden sich aktuell die Container?<\/li>\n\n\n\n<li>Visuelle Darstellung auf der GEO-Karte<\/li>\n\n\n\n<li>Einfache Handhabung f\u00fcr den Fahrer<\/li>\n\n\n\n<li>Automatische Erkennung Stellen, Abholen &amp; Tauschen.<\/li>\n\n\n\n<li>Automatische Erstellung von Positionen in den Touren f\u00fcr Mulden-\/Containertransport.<\/li>\n\n\n\n<li>Automatische Buchung in der Lagerverwaltung<\/li>\n\n\n\n<li>\u00dcbergabe an EDM Erfassungssysteme (eBilanz \u00d6sterreich)<\/li>\n<\/ul>\n\n\n\n<p><a href=\"\/home\/index.php\/de\/wello-container-management-de\/\" rel=\"noopener\">Mehr &#8230;<\/a><\/p>\n\n\n\n<h2 class=\"wp-block-heading\">Wello Telematics<\/h2>\n\n\n<div class=\"wp-block-image\">\n<figure class=\"alignright size-full is-resized\"><img decoding=\"async\" src=\"\/home\/wp-content\/uploads\/GPS@2x.png\" alt=\"\" class=\"wp-image-926\" style=\"width:172px;height:172px\"\/><\/figure><\/div>\n\n\n<p>Wello Telematics Modul ist eine Erweiterung der Wello Logistics L\u00f6sung und befasst sich mit der Ortung, Erkennung, Historisierung und Archivierung abrufbarer Daten von Werteinheiten (Fahrzeugen), die von den GPS Fleet Providern bereitgestellt werden.<br>Das Modul verbindet sich mit dem GPS Fleet Provider (wie TomTom) und synchronisiert sich mit den dort abgelegten Daten im Hintergrund.<\/p>\n\n\n\n<p><a href=\"\/home\/index.php\/de\/wello-telematics-de\/\" rel=\"noopener\">Mehr &#8230;<\/a><\/p>\n\n\n\n<h2 class=\"wp-block-heading\">Wello Customer Portal<img loading=\"lazy\" decoding=\"async\" class=\"size-full wp-image-953 alignright\" src=\"http:\/\/www.wellcode.de\/home\/wp-content\/uploads\/Contact_Group.png\" alt=\"\" width=\"240\" height=\"240\" srcset=\"https:\/\/wellcode.de\/home\/wp-content\/uploads\/Contact_Group.png 240w, https:\/\/wellcode.de\/home\/wp-content\/uploads\/Contact_Group-150x150.png 150w\" sizes=\"auto, (max-width: 240px) 100vw, 240px\" \/><\/h2>\n\n\n\n<p>Wello bietet einen ausgekl\u00fcgelten Kundenzugang, der u. A. folgende Funktionen umfasst:<\/p>\n\n\n\n<p>Kunde kann seine Stammdaten einsehen und selbst \u00e4ndern, u. A. Ansprechpartner, Baustellen, Adressen, Kommunikation.<br>Kunde kann seine aktuellen Auftr\u00e4ge &amp; Touren einsehen.<br>Online-Shop f\u00fcr Bestellwesen, Anfragen, Bestellungen, Angebote, etc.<br>Wiederbestellung eines Auftrags per Knopfdruck.<br>Die f\u00fcr den Kunden angezeigten Artikel im Online-Shop k\u00f6nnen frei bestimmt werden.<br>Ausgereifte E-Mail-Benachrichtigungen, viele Aktionen werden automatisch dem Kunden per E-Mail mitgeteilt, wie Bestelleingang, Auftragsbest\u00e4tigung, Tourenstart, etc.<br>Anmeldungsszenarien f\u00fcr Kunden &amp; Neukunden mit Verlinkung auf der Hauptseite des Unternehmens.<\/p>\n\n\n\n<p><a href=\"\/home\/index.php\/de\/wello-customer-portal-de\/\" rel=\"noopener\">Mehr &#8230;<\/a><\/p>\n\n\n\n<h2 class=\"wp-block-heading\">Wello Warehouse<\/h2>\n\n\n<div class=\"wp-block-image\">\n<figure class=\"alignright size-large is-resized\"><img loading=\"lazy\" decoding=\"async\" width=\"1024\" height=\"768\" src=\"https:\/\/wellcode.de\/home\/wp-content\/uploads\/WAREHOUSE@2x-1024x768.png\" alt=\"\" class=\"wp-image-886\" style=\"width:213px;height:159px\" srcset=\"https:\/\/wellcode.de\/home\/wp-content\/uploads\/WAREHOUSE@2x-1024x768.png 1024w, https:\/\/wellcode.de\/home\/wp-content\/uploads\/WAREHOUSE@2x-300x225.png 300w, https:\/\/wellcode.de\/home\/wp-content\/uploads\/WAREHOUSE@2x-768x576.png 768w, https:\/\/wellcode.de\/home\/wp-content\/uploads\/WAREHOUSE@2x.png 1600w\" sizes=\"auto, (max-width: 1024px) 100vw, 1024px\" \/><\/figure><\/div>\n\n\n<p>Wellcode Warehouse Modul ist die Implementierung einer Lagerverwaltung.<br>Die Lagerverwaltung ist nahtlos in den Wello Modulen, wie z. B. Wello Logistics, integriert. So k\u00f6nnen \u00fcber die durch den Anwender ausgef\u00fchrten Lagerbewegungen hinaus intern Aktionen -automatisiert- ausgel\u00f6st werden, wie z. B. bei einer Tour oder Auftrag, die Material transportieren oder bewegen k\u00f6nnen.<br>Materialbestellungen lassen sich nach billigsten Preisen, Verf\u00fcgbarkeit und Mindestbestand generieren.<\/p>\n\n\n\n<p><a href=\"\/home\/index.php\/de\/wello-warehouse-de\/\" rel=\"noopener\">Mehr &#8230;<\/a><\/p>\n\n\n\n<h2 class=\"wp-block-heading\">Wello Banking<\/h2>\n\n\n<div class=\"wp-block-image\">\n<figure class=\"alignright size-large is-resized\"><img loading=\"lazy\" decoding=\"async\" width=\"1024\" height=\"973\" src=\"https:\/\/wellcode.de\/home\/wp-content\/uploads\/BANKING@2x-1024x973.png\" alt=\"\" class=\"wp-image-947\" style=\"width:189px;height:179px\" srcset=\"https:\/\/wellcode.de\/home\/wp-content\/uploads\/BANKING@2x-1024x973.png 1024w, https:\/\/wellcode.de\/home\/wp-content\/uploads\/BANKING@2x-300x285.png 300w, https:\/\/wellcode.de\/home\/wp-content\/uploads\/BANKING@2x-768x730.png 768w, https:\/\/wellcode.de\/home\/wp-content\/uploads\/BANKING@2x.png 1600w\" sizes=\"auto, (max-width: 1024px) 100vw, 1024px\" \/><\/figure><\/div>\n\n\n<p>Im Wello ist ein Banking-Modul integriert, das die \u00dcbersicht \u00fcber die eigene Kontobewegungen bewahrt und die Kontobewegungen in der Datenbank verwaltet. Das Banking-Modul kann eine beliebige Zahl von Konten verwalten, periodisch abrufen und in einer leistungsstarken Suchumgebung bereitstellen.<\/p>\n\n\n\n<p>Zus\u00e4tzlich k\u00f6nnen eigene Hypotheken und Kredite verwaltet werden.<\/p>\n\n\n\n<ul class=\"wp-block-list\">\n<li>Die Kreditverwaltung zeigt den aktuellen Stand der Kredite (Zinsen, Tilgung, Restwert).<\/li>\n\n\n\n<li>Zus\u00e4tzlich kann der Stand zu einem beliebigen Stichtag errechnet werden<\/li>\n<\/ul>\n\n\n\n<p><a href=\"\/home\/index.php\/de\/wello-banking-de\/\" rel=\"noopener\">Mehr &#8230;<\/a><\/p>\n\n\n\n<h2 class=\"wp-block-heading\">&nbsp;<\/h2>\n\n\n\n<h2 class=\"wp-block-heading\">Wello Accounting<\/h2>\n\n\n<div class=\"wp-block-image\">\n<figure class=\"alignright size-large is-resized\"><img loading=\"lazy\" decoding=\"async\" width=\"1024\" height=\"1024\" src=\"https:\/\/wellcode.de\/home\/wp-content\/uploads\/ACCOUNTING@2x-1024x1024.png\" alt=\"\" class=\"wp-image-887\" style=\"width:154px;height:154px\" srcset=\"https:\/\/wellcode.de\/home\/wp-content\/uploads\/ACCOUNTING@2x-1024x1024.png 1024w, https:\/\/wellcode.de\/home\/wp-content\/uploads\/ACCOUNTING@2x-150x150.png 150w, https:\/\/wellcode.de\/home\/wp-content\/uploads\/ACCOUNTING@2x-300x300.png 300w, https:\/\/wellcode.de\/home\/wp-content\/uploads\/ACCOUNTING@2x-768x768.png 768w, https:\/\/wellcode.de\/home\/wp-content\/uploads\/ACCOUNTING@2x.png 1600w\" sizes=\"auto, (max-width: 1024px) 100vw, 1024px\" \/><\/figure><\/div>\n\n\n<p><br>Wello Accounting ist ein Buchhaltungsmodul konzepiert nack SKR-Standard. Die Kontenrahmen lassen sich individuell und einfach auf Firmenbed\u00fcrfnisse anpassen. Kassenbuch, Bankkonten lassen sich optimal abbilden. Mit dem Modul Banking k\u00f6nnen zudem Zahlungseing\u00e4nge erfasst werden.<br>Dar\u00fcber hinaus verf\u00fcgt das Modul \u00fcber vereinfachte Gewinnermittlungsfunktionen (E-\u00dc-Rechnung) f\u00fcr Kleinunternehmen.<br>Es lassen sich damit u. A. Umsatzsteuervoranmeldungen errechnen.<\/p>\n\n\n\n<p><a href=\"\/home\/index.php\/de\/wello-accounting-de\/\" rel=\"noopener\">Mehr &#8230;<\/a><\/p>\n\n\n\n<h2 class=\"wp-block-heading\">&nbsp;<\/h2>\n\n\n\n<h2 class=\"wp-block-heading\">Demo<\/h2>\n\n\n\n<p><a href=\"http:\/\/wellcode.de\/WelloDemo\/\">Hier <\/a>geht es direkt zur <a href=\"http:\/\/wellcode.de\/WelloDemo\/\"><strong>DEMO<\/strong> von WELLO LOGISTICS<\/a><\/p>\n\n\n\n<figure class=\"wp-block-image is-resized\"><img loading=\"lazy\" decoding=\"async\" width=\"600\" height=\"602\" src=\"\/home\/wp-content\/uploads\/demo-2.png\" alt=\"\" class=\"wp-image-984\" style=\"width:196px;height:197px\" srcset=\"https:\/\/wellcode.de\/home\/wp-content\/uploads\/demo-2.png 600w, https:\/\/wellcode.de\/home\/wp-content\/uploads\/demo-2-150x150.png 150w, https:\/\/wellcode.de\/home\/wp-content\/uploads\/demo-2-300x300.png 300w\" sizes=\"auto, (max-width: 600px) 100vw, 600px\" \/><\/figure>\n\n\n\n<p><a href=\"http:\/\/wellcode.de\/downloads\/First-Steps-Wello-Logistics.pdf\">Hier <\/a>finden Sie die <a href=\"http:\/\/wellcode.de\/downloads\/First-Steps-Wello-Logistics.pdf\">First Steps<\/a> zu WELLO LOGISTICS.<\/p>\n\n\n\n<h2 class=\"wp-block-heading\"><strong>Flyer &amp; Brosch\u00fcren<\/strong><\/h2>\n\n\n\n<p><strong><a href=\"\/downloads\/Flyer-Wellogistik.A4.2018.pdf\">Aktueller Flyer Wello Logistics<br><img loading=\"lazy\" decoding=\"async\" class=\"alignnone size-full wp-image-1245\" src=\"\/home\/wp-content\/uploads\/Flyer-Wellogistik.2018.png\" alt=\"\" width=\"279\" height=\"392\" srcset=\"https:\/\/wellcode.de\/home\/wp-content\/uploads\/Flyer-Wellogistik.2018.png 279w, https:\/\/wellcode.de\/home\/wp-content\/uploads\/Flyer-Wellogistik.2018-214x300.png 214w\" sizes=\"auto, (max-width: 279px) 100vw, 279px\" \/><\/a><br><\/strong><\/p>\n\n\n\n<p><strong><a href=\"\/downloads\/Flyer-Wellogistik.A4.Half.pdf\" target=\"_blank\" rel=\"noopener noreferrer\">Bisheriger Flyer Wello Logistics<br><img loading=\"lazy\" decoding=\"async\" class=\"size-medium wp-image-453 alignnone\" src=\"\/home\/wp-content\/uploads\/Flyer-106x300.png\" alt=\"Flyer\" width=\"106\" height=\"300\" srcset=\"https:\/\/wellcode.de\/home\/wp-content\/uploads\/Flyer-106x300.png 106w, https:\/\/wellcode.de\/home\/wp-content\/uploads\/Flyer.png 297w\" sizes=\"auto, (max-width: 106px) 100vw, 106px\" \/><br><\/a><br><\/strong><\/p>\n","protected":false},"excerpt":{"rendered":"<p>Willkommen auf unseren Seiten. Wellcode Software vertreibt WELLO als ERP-System mit verschiedenen L\u00f6sungen im Bereich Projektmanagement, Warenwirtschaft, Logistik, Fertigung, Handel, Dienstleistungen und Finanzen f\u00fcr Endkunden. Wir bieten auch IT-L\u00f6sungen f\u00fcr Software-H\u00e4user in Form von Frameworks und angepassten technischen L\u00f6sungen an. Unsere Anwendung ist web-basiert und eine der modernsten IT-L\u00f6sungen auf dem Markt. e-Rechnung In Deutschland &hellip; <a href=\"https:\/\/wellcode.de\/home\/index.php\/de\/main-2\/\" class=\"more-link\">Continue reading <span class=\"screen-reader-text\">Wellcode Software (de)<\/span><\/a><\/p>\n","protected":false},"author":1,"featured_media":1138,"parent":0,"menu_order":0,"comment_status":"open","ping_status":"open","template":"","meta":{"_monsterinsights_skip_tracking":false,"_monsterinsights_sitenote_active":false,"_monsterinsights_sitenote_note":"","_monsterinsights_sitenote_category":0,"footnotes":""},"class_list":["post-46","page","type-page","status-publish","has-post-thumbnail","hentry"],"_links":{"self":[{"href":"https:\/\/wellcode.de\/home\/index.php\/wp-json\/wp\/v2\/pages\/46","targetHints":{"allow":["GET"]}}],"collection":[{"href":"https:\/\/wellcode.de\/home\/index.php\/wp-json\/wp\/v2\/pages"}],"about":[{"href":"https:\/\/wellcode.de\/home\/index.php\/wp-json\/wp\/v2\/types\/page"}],"author":[{"embeddable":true,"href":"https:\/\/wellcode.de\/home\/index.php\/wp-json\/wp\/v2\/users\/1"}],"replies":[{"embeddable":true,"href":"https:\/\/wellcode.de\/home\/index.php\/wp-json\/wp\/v2\/comments?post=46"}],"version-history":[{"count":116,"href":"https:\/\/wellcode.de\/home\/index.php\/wp-json\/wp\/v2\/pages\/46\/revisions"}],"predecessor-version":[{"id":1952,"href":"https:\/\/wellcode.de\/home\/index.php\/wp-json\/wp\/v2\/pages\/46\/revisions\/1952"}],"wp:featuredmedia":[{"embeddable":true,"href":"https:\/\/wellcode.de\/home\/index.php\/wp-json\/wp\/v2\/media\/1138"}],"wp:attachment":[{"href":"https:\/\/wellcode.de\/home\/index.php\/wp-json\/wp\/v2\/media?parent=46"}],"curies":[{"name":"wp","href":"https:\/\/api.w.org\/{rel}","templated":true}]}}