{"id":409,"date":"2015-11-22T19:35:06","date_gmt":"2015-11-22T19:35:06","guid":{"rendered":"http:\/\/www.wellcode.de\/home\/?page_id=409"},"modified":"2023-01-06T22:40:11","modified_gmt":"2023-01-06T22:40:11","slug":"vertrieb","status":"publish","type":"page","link":"https:\/\/wellcode.de\/home\/index.php\/de\/vertrieb\/","title":{"rendered":"Vertrieb"},"content":{"rendered":"\n<p><strong><a href=\"\/downloads\/Flyer-Wellogistik.A4.2018.pdf\">Hier finden Sie unseren Flyer zu Wello Logistics<br><img loading=\"lazy\" decoding=\"async\" width=\"279\" height=\"392\" class=\"alignnone size-full wp-image-1245\" src=\"http:\/\/www.wellcode.de\/home\/wp-content\/uploads\/Flyer-Wellogistik.2018.png\" alt=\"\" srcset=\"https:\/\/wellcode.de\/home\/wp-content\/uploads\/Flyer-Wellogistik.2018.png 279w, https:\/\/wellcode.de\/home\/wp-content\/uploads\/Flyer-Wellogistik.2018-214x300.png 214w\" sizes=\"auto, (max-width: 279px) 100vw, 279px\" \/><\/a><br><\/strong><\/p>\n\n\n\n<h2 class=\"wp-block-heading\">Suche<\/h2>\n\n\n\n<p>Wir sind dar\u00fcber hinaus auf der Suche nach engagierten selbst\u00e4ndigen Vertrieblern.<\/p>\n\n\n\n<p>Sollten Sie sich angesprochen f\u00fchlen und im Bereich der Speditions- und Office-L\u00f6sungen Erfahrung mitbringen, so freuen wir uns \u00fcber Ihren Kontakt. Sie k\u00f6nnen uns per Email an <a href=\"mailto:info@wellcode.de\">info@wellcode.de<\/a> kontaktieren.<\/p>\n","protected":false},"excerpt":{"rendered":"<p>Hier finden Sie unseren Flyer zu Wello Logistics Suche Wir sind dar\u00fcber hinaus auf der Suche nach engagierten selbst\u00e4ndigen Vertrieblern. Sollten Sie sich angesprochen f\u00fchlen und im Bereich der Speditions- und Office-L\u00f6sungen Erfahrung mitbringen, so freuen wir uns \u00fcber Ihren Kontakt. Sie k\u00f6nnen uns per Email an info@wellcode.de kontaktieren.<\/p>\n","protected":false},"author":1,"featured_media":0,"parent":0,"menu_order":0,"comment_status":"closed","ping_status":"closed","template":"","meta":{"_monsterinsights_skip_tracking":false,"_monsterinsights_sitenote_active":false,"_monsterinsights_sitenote_note":"","_monsterinsights_sitenote_category":0,"footnotes":""},"class_list":["post-409","page","type-page","status-publish","hentry"],"_links":{"self":[{"href":"https:\/\/wellcode.de\/home\/index.php\/wp-json\/wp\/v2\/pages\/409","targetHints":{"allow":["GET"]}}],"collection":[{"href":"https:\/\/wellcode.de\/home\/index.php\/wp-json\/wp\/v2\/pages"}],"about":[{"href":"https:\/\/wellcode.de\/home\/index.php\/wp-json\/wp\/v2\/types\/page"}],"author":[{"embeddable":true,"href":"https:\/\/wellcode.de\/home\/index.php\/wp-json\/wp\/v2\/users\/1"}],"replies":[{"embeddable":true,"href":"https:\/\/wellcode.de\/home\/index.php\/wp-json\/wp\/v2\/comments?post=409"}],"version-history":[{"count":8,"href":"https:\/\/wellcode.de\/home\/index.php\/wp-json\/wp\/v2\/pages\/409\/revisions"}],"predecessor-version":[{"id":1734,"href":"https:\/\/wellcode.de\/home\/index.php\/wp-json\/wp\/v2\/pages\/409\/revisions\/1734"}],"wp:attachment":[{"href":"https:\/\/wellcode.de\/home\/index.php\/wp-json\/wp\/v2\/media?parent=409"}],"curies":[{"name":"wp","href":"https:\/\/api.w.org\/{rel}","templated":true}]}}