{"id":238,"date":"2015-11-18T11:45:13","date_gmt":"2015-11-18T11:45:13","guid":{"rendered":"http:\/\/www.wellcode.de\/home\/?page_id=238"},"modified":"2021-11-05T01:08:30","modified_gmt":"2021-11-05T01:08:30","slug":"logistics-de","status":"publish","type":"page","link":"https:\/\/wellcode.de\/home\/index.php\/de\/logistics-de\/","title":{"rendered":"Wello Logistics (de)"},"content":{"rendered":"\n<h1 class=\"has-text-align-right wp-block-heading\"><img loading=\"lazy\" decoding=\"async\" width=\"130\" height=\"98\" class=\"wp-image-934 alignright\" src=\"\/home\/wp-content\/uploads\/LOGESTICS-2@2x.png\" alt=\"\" srcset=\"https:\/\/wellcode.de\/home\/wp-content\/uploads\/LOGESTICS-2@2x.png 1598w, https:\/\/wellcode.de\/home\/wp-content\/uploads\/LOGESTICS-2@2x-300x225.png 300w, https:\/\/wellcode.de\/home\/wp-content\/uploads\/LOGESTICS-2@2x-768x577.png 768w, https:\/\/wellcode.de\/home\/wp-content\/uploads\/LOGESTICS-2@2x-1024x769.png 1024w\" sizes=\"auto, (max-width: 130px) 100vw, 130px\" \/><\/h1>\n\n\n\n<p><em>Wello Logistics<\/em> Modul ist eine 100-prozentige Webl\u00f6sung zur Befriedigung der t\u00e4glichen Herausforderungen f\u00fcr kleinere und gr\u00f6\u00dfere Speditionen bzw. Logistik-Unternehmen.<\/p>\n\n\n\n<h2 class=\"wp-block-heading\">Info Material<\/h2>\n\n\n\n<p><strong><a href=\"\/downloads\/Flyer-Wellogistik.A4.2018.pdf\">Aktueller Flyer Wello Logistics<br><img loading=\"lazy\" decoding=\"async\" class=\"alignnone size-full wp-image-1245\" src=\"\/home\/wp-content\/uploads\/Flyer-Wellogistik.2018.png\" alt=\"\" width=\"279\" height=\"392\" srcset=\"https:\/\/wellcode.de\/home\/wp-content\/uploads\/Flyer-Wellogistik.2018.png 279w, https:\/\/wellcode.de\/home\/wp-content\/uploads\/Flyer-Wellogistik.2018-214x300.png 214w\" sizes=\"auto, (max-width: 279px) 100vw, 279px\" \/><\/a><br><\/strong><\/p>\n\n\n\n<p><strong>Unseren bisherigen Flyer finden Sie <a href=\"\/downloads\/Flyer-Wellogistik.A4.Half.pdf\" target=\"_blank\" rel=\"noopener noreferrer\">hier<\/a><\/strong><\/p>\n\n\n\n<p>Weitere Infos gern auf Anfrage.<\/p>\n\n\n\n<h2 class=\"wp-block-heading\">Funktionen &#8211; Snapshot<\/h2>\n\n\n\n<ul class=\"wp-block-list\"><li>Die gesamte Anwendung ist <strong>Mobilger\u00e4te-f\u00e4hig<\/strong> und passt sich automatisch an die Ger\u00e4te an, die die Seite aufrufen.<\/li><li>Kunden, Zielobjekte, Artikel und Auftr\u00e4ge beliebig kombinierbar<\/li><li>Verkn\u00fcpfungen zwischen Fahrern und Fahrzeugen<\/li><li>Verkn\u00fcpfung zwischen den Fahrzeugen (Sattelzug, Auflieger, Anh\u00e4nger), z. B. welches Fahrzeug schleppt welchen Anh\u00e4nger oder Auflieger.<\/li><li>Abwesenheitskalender f\u00fcr Fahrer<\/li><li>Inspektionskalender f\u00fcr Fahrzeuge<\/li><li>Visuelle Disposition der Auftr\u00e4ge und Touren mit den verf\u00fcgbaren Fahrzeugen und Fahrern.<\/li><li>Ausdruck bzw. Seriendruck der Touren\/Fahrten f\u00fcr Fahrer, z. B. Druck aller heutigen Fahrten.<\/li><li>Vorausplanung, Touren k\u00f6nnen direkt nach Auftragseingang geplant werden. Touren k\u00f6nnen mit Hilfe von Planspuren, virtuellen Fahrzeugen und Fahrern geplant werden, die sp\u00e4ter auf die Fahrzeuge und Fahrer verteilt werden.<\/li><li>Fahrer k\u00f6nnen online \u00fcber ihre Mobiltelefone ihre aktuellen Fahrten abrufen.<\/li><li>Fahrer k\u00f6nnen den Status ihrer Tour aktualisieren.<\/li><li>Benachrichtigungsfunktion f\u00fcr Fahrer, B\u00fcro und Kunde via Email.<\/li><li>Tourenverfolgung, Kunden k\u00f6nnen direkt ihre Touren anschauen und verfolgen, ohne sich anmelden zu m\u00fcssen.<\/li><li>Integrierter Kunden-, Artikel- und Wartenwirtschaft. Das Programm kann selbstverst\u00e4ndlich eigenst\u00e4ndig und ohne Fremdverbindung einer externen Warenwirtschaft eingesetzt werden.<\/li><li>Direkte Anbindung an vorhandene Warenwirtschaft (wie <strong>e:maxx<\/strong>, <strong>Microsoft Dynamics Nav (Navision)<\/strong>, <strong>SAP<\/strong>).<\/li><li>Direkte bzw. aggregierte Aufnahme der Auftr\u00e4ge aus der Warenwirtschaft in die Disposition. Aggregiert bedeutet die implizite \u00dcbernahme aller abh\u00e4ngigen Daten, wie Kunde, Zieladressen, Adressen, Kontaktpersonen, etc.<\/li><li>Automatischer Import von Artikelstamm und Kundenstamm aus fremder Warenwirtschaft.<\/li><li>Import und Synchronisation der Fahrer\/Mitarbeiter direkt aus beliebigen Zeiterfassungssystemen (wie&nbsp;<strong>RAINER SCT)<\/strong>. Dabei werden Mitarbeiter automatisch im Wello samt Bilder importiert. <strong>Anwesenheiten<\/strong> und Abwesenheiten werden ebenfalls im Wello importiert und sind direkt in der Disposition sichtbar. D. h. die Disponenten k\u00f6nnen sehen, welche Fahrer aktiv im Betrieb anwesend sind.<\/li><li>Import der Fahrer und Fahrzeuge direkt aus aus den&nbsp;<strong>Fahrer- und Fahrzeug-Karten<\/strong>.<\/li><li>Es ist ein <strong>Tachograph<\/strong>-Modul im System verf\u00fcgbar. Die Karten-Lesung geschieht neben der manuellen M\u00f6glichkeit automatisch im Hintergrund, sobald eine Karte eingelesen und im globalen Verzeichnis abgelegt wird.<\/li><li>Mit den weiteren Modulen von Wellcode, wie das Banken-Modul, haben Sie die perfekte L\u00f6sung f\u00fcr Ihr Gesch\u00e4ftsumfeld. So k\u00f6nnen z. B. \u00fcber das Banken-Modul Zahlungseing\u00e4nge eingelesen und automatisch in ihre Warenwirtschaft zugeordnet werden; u. A. Rechnungen k\u00f6nnen als bezahlt markiert werden.<\/li><li>Alle oben genannten Austausch-Prozeduren, E-Mail-Benachrichtigungen und \u00e4hnliche automatische Prozesse geschehen im Hintergrund (Windows-Dienst). Die Synchronisationsh\u00e4ufigkeit kann per Einstellung je nach Aufgabe vorgegeben werden.<\/li><\/ul>\n\n\n\n<h2 class=\"wp-block-heading\">In The Cloud<\/h2>\n\n\n\n<ul class=\"wp-block-list\"><li>Mit der Web-F\u00e4higkeit der L\u00f6sungen von Wellcode sind Cloud-L\u00f6sungen problemlos zu realisieren. Insbesondere f\u00fcr Unternehmen, die sich den intensiven Aufwand der System- und Datenverwaltung enteignen und Kosten sparen wollen.Wellcode bietet hierf\u00fcr eigene Komplettl\u00f6sungen an, die von der Einrichtung einer Service gef\u00fchrten komplexeren L\u00f6sung (z. B. auf Google Cloud Platform, Microsoft\/Cloud Services, Amazon\/AWS) bis hin zur Einrichtung eines einfachen Servers (z. B. bei STRATO) im Internet zielen.<\/li><\/ul>\n\n\n\n<h2 class=\"wp-block-heading\">Lizensierung<\/h2>\n\n\n\n<p>Wellcode Office &amp; Logistics Solutions kann individuell mit anderen Modulen erworben werden. Die Hauptlizenformen sind:<\/p>\n\n\n\n<ul class=\"wp-block-list\"><li><strong>Enterprise<\/strong><br>Eine mandantenf\u00e4hige und individuell an die Firmenbed\u00fcrfnisse angepasstes Version. Anbindung an vorh. Warenwirtschaftssoftware, bis hin zur Gruppierung von Fahrzeugen, Fahrern und Endkunden.<\/li><li><strong>Middle Ware<\/strong><br>Richtet sich an mittlere Unternehmen. Eine an die Firmenbed\u00fcrfnisse optimierte Version. M\u00f6glichkeit der Anbindung an vorh. Warenwirtschaftssoftware muss individuell gepr\u00fcft werden, falls es nicht bereits unterst\u00fctzt wird.<\/li><li><strong>Standard<\/strong><br>Eine vorkonfigurierte Version mit Installationsanleitung, die vom Kunden auf seine Bed\u00fcrfnisse angepasst werden kann.<\/li><\/ul>\n\n\n\n<p>Zu allen Versionen k\u00f6nnen Wartungsvertr\u00e4ge abgeschlossen und Zusatzpakete zugebucht werden.<\/p>\n\n\n\n<h3 class=\"wp-block-heading\">Web Services<\/h3>\n\n\n\n<p>Dar\u00fcber hinaus werden Cloud-Pakete f\u00fcr die o. g. Lizensierungsmodelle angeboten. Wellcode \u00fcbernimmt die Einrichtung und Verwaltung der Datenhaltung im Internet.<\/p>\n\n\n\n<h2 class=\"wp-block-heading\">Zielgruppen<\/h2>\n\n\n\n<ul class=\"wp-block-list\"><li>Speditionen<\/li><li>Logistikzentren mit Fuhrparken<\/li><li>Lieferkuriere (z. B. Apothekenkurier)<\/li><li>Firmen mit eigenem Fuhrpark<\/li><li>Andere \u00e4hnliche Betriebe<\/li><\/ul>\n\n\n\n<h2 class=\"wp-block-heading\">Screenshots &#8211; Bilder<\/h2>\n\n\n\n<h3 class=\"wp-block-heading\">Auszug aus den Men\u00fcs und Funktionen des Wellcode Logistics Moduls<\/h3>\n\n\n\n<h3 class=\"wp-block-heading\">Suchen<\/h3>\n\n\n\n<p>Im Suchbereich k\u00f6nnen Kontakte (Kunden, Zielobjekte, Fahrer, Fahrzeuge gesucht und bearbeitet werden), Touren, Auftr\u00e4ge, Artikel oder die Auftr\u00e4ge in einer externen Warenwirtschaft (live Verbindung mit der Oracle- oder SQL Server-Datenbank) gesucht werden.<\/p>\n\n\n\n<figure class=\"wp-block-image\"><a href=\"\/home\/wp-content\/uploads\/find.png\"><img loading=\"lazy\" decoding=\"async\" width=\"991\" height=\"447\" src=\"\/home\/wp-content\/uploads\/find.png\" alt=\"find\" class=\"wp-image-255\"\/><\/a><\/figure>\n\n\n\n<h3 class=\"wp-block-heading\">Disposition<\/h3>\n\n\n\n<p>Im Dispositionsbereich k\u00f6nnen alle Funktionen um die Disposition im Schnellzugriff aufgerufen werden. Darunter die visuelle Disposition.<\/p>\n\n\n\n<figure class=\"wp-block-image\"><a href=\"\/home\/wp-content\/uploads\/dispositionarea.png\"><img loading=\"lazy\" decoding=\"async\" width=\"973\" height=\"548\" src=\"\/home\/wp-content\/uploads\/dispositionarea.png\" alt=\"dispositionarea\" class=\"wp-image-259\"\/><\/a><\/figure>\n\n\n\n<h3 class=\"wp-block-heading\">Einstellungen<\/h3>\n\n\n\n<p>Im Bereich der Einstellungen zur Spedition k\u00f6nnen Artikelstamm, Fahrtenstatus und Importfunktionen aufgerufen werden.<\/p>\n\n\n\n<h3 class=\"wp-block-heading\">Sprachen<\/h3>\n\n\n\n<p>Wellcode Office &amp; Logistics Solutions ist multisprachf\u00e4hig und passt sich automatisch beim Aufruf der Seiten auf die Lokale des Aufrufers an.<br>Dar\u00fcber hinaus k\u00f6nnen Sprachpakete importiert und exportiert werden,<\/p>\n\n\n\n<figure class=\"wp-block-image\"><a href=\"\/home\/wp-content\/uploads\/translation.png\"><img loading=\"lazy\" decoding=\"async\" width=\"974\" height=\"545\" src=\"\/home\/wp-content\/uploads\/translation.png\" alt=\"translation\" class=\"wp-image-263\"\/><\/a><\/figure>\n\n\n\n<h3 class=\"wp-block-heading\">Visuelle Disposition<\/h3>\n\n\n\n<p>Aufruf der Disposition und \u00dcbersicht der Fahrten. Rechts werden die verf\u00fcgbaren Fahrer und aktuelle Auftr\u00e4ge (direkt aus der Warenwirtschaft) angezeigt und k\u00f6nnen graphisch disponiert werden.<br>Die Farbdarstellung kann vom Benutzer nach Belieben angepasst werden. \u00dcberschneidungen werden versetzt dargestellt.<\/p>\n\n\n\n<figure class=\"wp-block-image\"><a href=\"\/home\/wp-content\/uploads\/disposition.png\"><img loading=\"lazy\" decoding=\"async\" width=\"480\" height=\"260\" src=\"\/home\/wp-content\/uploads\/disposition.png\" alt=\"disposition\" class=\"wp-image-267\"\/><\/a><\/figure>\n\n\n\n<h3 class=\"wp-block-heading\">Fahreransicht<\/h3>\n\n\n\n<p>In der Fahreransicht kann der Fahrer seine aktuellen Fahrten ansehen und bearbeiten. Der Fahrer kann nur die Felder \u00e4ndern\/ansehen, auf die er Zugriff hat. So kann z. B. der Status der Tour aktualisiert oder eine Bemerkung hinzugef\u00fcgt werden.<\/p>\n\n\n\n<figure class=\"wp-block-image is-resized\"><a href=\"\/home\/wp-content\/uploads\/driverview.png\"><img loading=\"lazy\" decoding=\"async\" src=\"\/home\/wp-content\/uploads\/driverview.png\" alt=\"driverview\" class=\"wp-image-273\" width=\"536\" height=\"986\"\/><\/a><\/figure>\n\n\n\n<p>Fahrer hat Zugriff nur auf bestimmte Felder<\/p>\n\n\n\n<figure class=\"wp-block-image is-resized\"><a href=\"\/home\/wp-content\/uploads\/driveredit.png\"><img loading=\"lazy\" decoding=\"async\" src=\"\/home\/wp-content\/uploads\/driveredit.png\" alt=\"driveredit\" class=\"wp-image-277\" width=\"533\" height=\"988\"\/><\/a><\/figure>\n\n\n\n<h3 class=\"wp-block-heading\">Darstellung<\/h3>\n\n\n\n<p>Intelligente Darstellung der Objekte, wie z. B. bei Kontakten werden die n\u00f6tigen Daten rechts dargestellt. Mit dem Klick auf eine Kommunikation wird die im System installierte App aufgerufen. So wird z. B. eine angeklickte Telefonnummer direkt an die Telefonanlage \u00fcbergeben und kann angerufen werden, ohne diese einzutippen.<br>Analog dazu werden alle anderen Objekte dargestellt.<\/p>\n\n\n\n<p><a href=\"\/home\/wp-content\/uploads\/vitems.png\"><img decoding=\"async\" width=\"800\" class=\"wp-image-284 alignnone\" src=\"\/home\/wp-content\/uploads\/vitems.png\" alt=\"vitems\"><\/a><\/p>\n\n\n\n<div>\n<h2>Demo<\/h2>\n<p>Besuchen Sie unsere&nbsp;<a href=\"\/WelloDemo\/index.html\" target=\"_blank\" rel=\"noopener noreferrer\">Demo-Anwendung<\/a>.<\/p>\n<h2>Video Erste Schritte<\/h2>\n<p>Im Video sehen Sie, wie<\/p>\n<ul>\n<li>man sich einloggt,<\/li>\n<li>ein neuer Kunde angelegt wird,<\/li>\n<li>wie ein Container-Auftrag erstellt wird,<\/li>\n<li>wie eine Auftrags-Tour erstellt wird.<\/li>\n<\/ul>\n<p><video src=\"\/downloads\/WelloLogistics-Trailer.mp4\" muted=\"\" controls=\"controls\" width=\"100%\" height=\"unset\"><\/video><\/p>\n<\/div>\n\n\n\n<h2 class=\"wp-block-heading\">Video Muldenauftrag &#8211; Schnellerfassung<\/h2>\n\n\n\n<p>Im Video sehen Sie:<\/p>\n\n\n\n<ul class=\"wp-block-list\"><li>Kunden- und Baustellenaufnahme mit Hilfe von Google Maps(@) &amp; Places(@),<\/li><li>Container- &amp; Muldenauftr\u00e4ge in der Schnellerfassung erstellen,<\/li><li>Tourenplanung gekoppelt an Auftragserfassung,<\/li><li>Disposition neuer Touren.<\/li><li>Wie ein Fahrer eine Tour ausf\u00fchrt.<\/li><\/ul>\n\n\n\n<p><video src=\"\/downloads\/QuickContainerOrder.mp4\" muted=\"\" controls=\"controls\" width=\"100%\" height=\"unset\"><\/video><\/p>\n\n\n\n<h2 class=\"wp-block-heading\">Kontakt<\/h2>\n\n\n\n<p>F\u00fcr weitere Informationen kontaktieren Sie uns auf <a href=\"mailto:info@wellcode.de\">info@wellcode.de<\/a><\/p>\n\n\n\n<p>Wir freuen uns \u00fcber Ihren Kontakt!<\/p>\n","protected":false},"excerpt":{"rendered":"<p>Wello Logistics Modul ist eine 100-prozentige Webl\u00f6sung zur Befriedigung der t\u00e4glichen Herausforderungen f\u00fcr kleinere und gr\u00f6\u00dfere Speditionen bzw. Logistik-Unternehmen. Info Material Aktueller Flyer Wello Logistics Unseren bisherigen Flyer finden Sie hier Weitere Infos gern auf Anfrage. Funktionen &#8211; Snapshot Die gesamte Anwendung ist Mobilger\u00e4te-f\u00e4hig und passt sich automatisch an die Ger\u00e4te an, die die Seite &hellip; <a href=\"https:\/\/wellcode.de\/home\/index.php\/de\/logistics-de\/\" class=\"more-link\">Continue reading <span class=\"screen-reader-text\">Wello Logistics (de)<\/span><\/a><\/p>\n","protected":false},"author":1,"featured_media":0,"parent":0,"menu_order":0,"comment_status":"closed","ping_status":"closed","template":"","meta":{"_monsterinsights_skip_tracking":false,"_monsterinsights_sitenote_active":false,"_monsterinsights_sitenote_note":"","_monsterinsights_sitenote_category":0,"footnotes":""},"class_list":["post-238","page","type-page","status-publish","hentry"],"_links":{"self":[{"href":"https:\/\/wellcode.de\/home\/index.php\/wp-json\/wp\/v2\/pages\/238","targetHints":{"allow":["GET"]}}],"collection":[{"href":"https:\/\/wellcode.de\/home\/index.php\/wp-json\/wp\/v2\/pages"}],"about":[{"href":"https:\/\/wellcode.de\/home\/index.php\/wp-json\/wp\/v2\/types\/page"}],"author":[{"embeddable":true,"href":"https:\/\/wellcode.de\/home\/index.php\/wp-json\/wp\/v2\/users\/1"}],"replies":[{"embeddable":true,"href":"https:\/\/wellcode.de\/home\/index.php\/wp-json\/wp\/v2\/comments?post=238"}],"version-history":[{"count":114,"href":"https:\/\/wellcode.de\/home\/index.php\/wp-json\/wp\/v2\/pages\/238\/revisions"}],"predecessor-version":[{"id":1672,"href":"https:\/\/wellcode.de\/home\/index.php\/wp-json\/wp\/v2\/pages\/238\/revisions\/1672"}],"wp:attachment":[{"href":"https:\/\/wellcode.de\/home\/index.php\/wp-json\/wp\/v2\/media?parent=238"}],"curies":[{"name":"wp","href":"https:\/\/api.w.org\/{rel}","templated":true}]}}