{"id":1877,"date":"2025-01-02T00:30:59","date_gmt":"2025-01-02T00:30:59","guid":{"rendered":"https:\/\/wellcode.de\/home\/?page_id=1877"},"modified":"2025-10-05T10:20:33","modified_gmt":"2025-10-05T10:20:33","slug":"e-rechnungen","status":"publish","type":"page","link":"https:\/\/wellcode.de\/home\/index.php\/de\/e-rechnungen\/","title":{"rendered":"E-Rechnungen (X-Rechnung)"},"content":{"rendered":"<div class=\"wp-block-image\">\n<figure class=\"alignright size-full is-resized\"><img loading=\"lazy\" decoding=\"async\" width=\"224\" height=\"224\" src=\"https:\/\/wellcode.de\/home\/wp-content\/uploads\/eInvoice.png\" alt=\"eInvoice\" class=\"wp-image-1941\" style=\"width:159px;height:auto\" srcset=\"https:\/\/wellcode.de\/home\/wp-content\/uploads\/eInvoice.png 224w, https:\/\/wellcode.de\/home\/wp-content\/uploads\/eInvoice-150x150.png 150w\" sizes=\"auto, (max-width: 224px) 100vw, 224px\" \/><\/figure><\/div>\n\n\n<p>In Deutschland ist ab dem 01.01.2025 die Annahme von e-Rechnungen (X-Rechnung) Pflicht. Nach einer \u00dcbergangsfrist m\u00fcssen alle Unternehmen ab 01.01.2027 im B2B und an die Kommunen e-Rechnungen versenden.<\/p>\n\n\n\n<p>In \u00d6sterreich sind e-Rechnungen bei Leistungen an den Bund &amp; \u00f6ffentliche Verwaltung verpflichtend. Aufgrund der neuen Regelungen in Deutschland k\u00f6nnen viele Unternehmen im EU-Raum betroffen und mit der Implementierung des Standards konfrontiert sein.<\/p>\n\n\n\n<h2 class=\"wp-block-heading\">e-Rechnung f\u00fcr Anwender<\/h2>\n\n\n\n<p>In unserer ERP-L\u00f6sung WELLO integriert.<\/p>\n\n\n\n<ul class=\"wp-block-list\">\n<li><a href=\"https:\/\/www.ferd-net.de\/standards\/zugferd\">CII-ZUGFeRD\/Factur-X<\/a> f\u00fcr B2B &amp; Kommunen (B2G)<\/li>\n\n\n\n<li><a href=\"https:\/\/www.erechnung.gv.at\/erb\/tec_formats_ubl\">UBL-Rechnung<\/a> \u00fcberwiegend f\u00fcr Kommunen (B2G)<\/li>\n\n\n\n<li>Validierung auf Konformit\u00e4t der E-\/A-Rechnungen (<a href=\"https:\/\/www.erechnung.gv.at\/erb\/de_AT\/info_en16931\">EN 16931<\/a>)<\/li>\n\n\n\n<li>Versenden &amp; Empfangen von e-Rechnungen<\/li>\n\n\n\n<li>Vollst\u00e4ndige Integration und Automatisierung<\/li>\n<\/ul>\n\n\n\n<h2 class=\"wp-block-heading\">ONLINE e-Rechnungsvalidator<\/h2>\n\n\n\n<p>Folgende Standards werden unterst\u00fctzt &amp; gepr\u00fcft.<\/p>\n\n\n\n<ul class=\"wp-block-list\">\n<li>ZUGFERD (Extended, EN16931, BASIC\/WL)<\/li>\n\n\n\n<li>UBL-Rechnung<\/li>\n\n\n\n<li><a href=\"https:\/\/www.e-rechnung-bund.de\/ubertragungskanale\/peppol\/\">PEPPOL<\/a>-Regeln<\/li>\n<\/ul>\n\n\n\n<p>Der Validator erkennt automatisch den richtigen Standard aus dem hochgeladenen Inhalt.<\/p>\n\n\n\n<p>Im u. s. Dialog k\u00f6nnen Sie eine X-Rechnung im PDF- oder XML-Format angeben auf auf Konformit\u00e4t pr\u00fcfen oder eine visuelle PDF-Sichtkopie herunterladen.<\/p>\n\n\n<style>\n       .errordiv { padding:10px; margin:10px; border: 1px solid #555555;color: #000000;background-color: #f8f8f8; width:500px; }#advanced_iframe {visibility:visible;opacity:1;vertical-align:top;}.ai-info-bottom-iframe { position: fixed; z-index: 10000; bottom:0; left: 0; margin: 0px; text-align: center; width: 100%; background-color: #ff9999; padding-left: 5px;padding-bottom: 5px; border-top: 1px solid #aaa } a.ai-bold {font-weight: bold;}#ai-layer-div-advanced_iframe p {height:100%;margin:0;padding:0}<\/style><script type=\"text\/javascript\">var ai_iframe_width_advanced_iframe = 0;var ai_iframe_height_advanced_iframe = 0;function aiReceiveMessageadvanced_iframe(event) {  aiProcessMessage(event,\"advanced_iframe\", \"true\");}if (window.addEventListener) {  window.addEventListener(\"message\", aiReceiveMessageadvanced_iframe);} else if (el.attachEvent)  {  el.attachEvent(\"message\", aiReceiveMessageadvanced_iframe);}var aiOnloadScrollTop=\"true\";var aiShowDebug=false;\n\t\tif (typeof aiReadyCallbacks === 'undefined') {\n\t\t\tvar aiReadyCallbacks = [];\n\t\t} else if (!(aiReadyCallbacks instanceof Array)) {\n\t\t\tvar aiReadyCallbacks = [];\n\t\t}    function aiShowIframeId(id_iframe) { jQuery(\"#\"+id_iframe).css(\"visibility\", \"visible\");    }    function aiResizeIframeHeight(height) { aiResizeIframeHeight(height,advanced_iframe); }    function aiResizeIframeHeightId(height,width,id) {aiResizeIframeHeightById(id,height);}<\/script><iframe id=\"advanced_iframe\"  name=\"advanced_iframe\"  src=\"\/wellodemo\/?v=-&#038;EntityName=Einvoice&#038;eInvoice=1&#038;redirect=1\"  width=\"100%\"  height=\"600\"  frameborder=\"0\"  border=\"0\"  allowtransparency=\"true\"  loading=\"lazy\"  style=\";border-width: 0px;;border: none;;width:100%;height:600px;\" ><\/iframe><script type=\"text\/javascript\">var ifrm_advanced_iframe = document.getElementById(\"advanced_iframe\");var hiddenTabsDoneadvanced_iframe = false;\nfunction resizeCallbackadvanced_iframe() {}<\/script><script type=\"text\/javascript\"><\/script><p style=\"display:block !important; visibility:visible !important;margin: -18px 14px 0 0;padding-left: 3px;padding-top:3px;background: white; overflow: hidden; position: relative; line-height:15px;width: fit-content;\"><small style=\"display:block !important;visibility:visible !important\">powered by Advanced iFrame<\/small><\/p>\n\n\n<h2 class=\"wp-block-heading\">Funktionsumfang des ONLINE Validators<\/h2>\n\n\n\n<p>Drei Funktionen stehen zur Verf\u00fcgung:<\/p>\n\n\n\n<ul class=\"wp-block-list\">\n<li>X-Rechnung Pr\u00fcfen auf Konformit\u00e4t<\/li>\n\n\n\n<li>Visuelle Auslegung der X-Rechnung als PDF herunterladen<\/li>\n\n\n\n<li>XML-Teil herunterladen, soweit es sich um eine ZUGFeRD-PDF-Datei handelt.<\/li>\n<\/ul>\n\n\n\n<p>Der Dialog zeigt die Anzahl der heutigen Aufrufe an. Sowie eine kleine Statistik \u00fcber erfolgreiche oder misslungene Pr\u00fcfungen \/ Visualisierungen.<\/p>\n\n\n\n<p>Der Online Service steht jedem frei zur Verf\u00fcgung. <\/p>\n\n\n\n<p>Diese Funktion ist in unserer <a href=\"\/WelloDemo\">DEMO<\/a> verf\u00fcgbar. Dort k\u00f6nnen weitere Funktionen evaluiert werden, beispielsweise<\/p>\n\n\n\n<ul class=\"wp-block-list\">\n<li>eine E-Rechnung als Eingangsrechnung auslesen.<\/li>\n\n\n\n<li>Lieferantenstammdaten (Name, Adresse, Kommunikation, Telebanking, etc.) aus der E-Rechnung aufnehmen<\/li>\n\n\n\n<li>Alle in der DEMO erstellten Rechnungen sind standardm\u00e4\u00dfig im ZUGFeRD-EXTENDED Format. Diese k\u00f6nnen herunterladen und auf Konformit\u00e4t gepr\u00fcft werden.<\/li>\n\n\n\n<li>Im Kundenstamm l\u00e4\u00dft sich konfigurieren, welchen Standard (ZUGFeRD\/Extended oder Ubl-Rechnung) der Rechnungsempf\u00e4nger bekommt.<\/li>\n<\/ul>\n\n\n\n<h2 class=\"wp-block-heading\">API Schnittstelle<\/h2>\n\n\n\n<p>Fordern Sie heute noch unsere vereinfachte API-Schnittstelle mit dem kompletten Funktionsumfang an. <\/p>\n\n\n\n<p>Sie erhalten einen Zugriffstoken, damit kann die Schnittstelle einen Monat lang getestet werden.<\/p>\n\n\n\n<p>Folgender Code zeigt, wie die E-Rechnung (XML-Daten) mit Hilfe unserer Pdfium-Erweiterung in ein PDF-Dokument  injiziert wird:<\/p>\n\n\n\n<pre class=\"wp-block-code\"><code>&#91;DllImport(\"pdfium\", CallingConvention = CallingConvention.Cdecl)]\npublic static extern IntPtr FPDFDoc_AddZugferd(IntPtr document, &#91;MarshalAs(UnmanagedType.LPWStr)] string filename,\n            &#91;MarshalAs(UnmanagedType.LPArray)] byte&#91;] xml, ulong xmllen,\n            &#91;MarshalAs(UnmanagedType.LPArray)] byte&#91;] meta, ulong metalen);\n\n\/\/ doc PDF-Dokument (Rechnugnsbeleg)\n\/\/ attFilename Anhangsname (factur-x.xml)\n\/\/ xmlBytes E-Rechnung\n\/\/ metaBytes XML-Metadaten                    \nPdfiumLib.FPDFDoc_AddZugferd(doc, attFilename,\n                        xmlBytes, (ulong)xmlBytes.Length,\n                        metaBytes, (ulong)metaBytes.Length);\n<\/code><\/pre>\n\n\n\n<h2 class=\"wp-block-heading\">Disclaimer<\/h2>\n\n\n\n<p>Alle hier zur Verf\u00fcgung gestellten Funktionen dienen der Evaluierung und sind nicht rechtsverbindlich. Wir \u00fcbernehmen keine Haftung f\u00fcr die Richtigkeit der Inhalte.<\/p>\n\n\n\n<p>Alle hochgeladenen Daten werden mit der der R\u00fcckantwort gel\u00f6scht, es bleiben keine Daten auf unsern Servern gespeichert.<\/p>\n\n\n\n<h2 class=\"wp-block-heading\">Links<\/h2>\n\n\n\n<ul class=\"wp-block-list\">\n<li><a href=\"https:\/\/xeinkauf.de\/\">XStandards Einkauf<\/a><\/li>\n\n\n\n<li><a href=\"https:\/\/www.ferd-net.de\/\">FeRD NET<\/a> rund um ZUGFeRD<\/li>\n\n\n\n<li><a href=\"https:\/\/interoperable-europe.ec.europa.eu\/\">Interoperable Europe Portal<\/a> rund um den UBL-Standard<\/li>\n\n\n\n<li><a href=\"https:\/\/www.e-rechnung-bund.de\/ubertragungskanale\/peppol\/\">Peppol f\u00fcr die \u00f6ffentliche Hand und gr\u00f6\u00dfere Unternehmen<\/a> <\/li>\n<\/ul>\n\n\n\n<h2 class=\"wp-block-heading\">Copy-Rights (c)<\/h2>\n\n\n\n<ul class=\"wp-block-list\">\n<li><a href=\"https:\/\/pdfium.googlesource.com\/\">Google Pdfium<\/a><\/li>\n<\/ul>\n\n\n\n<p><\/p>\n","protected":false},"excerpt":{"rendered":"<p>In Deutschland ist ab dem 01.01.2025 die Annahme von e-Rechnungen (X-Rechnung) Pflicht. Nach einer \u00dcbergangsfrist m\u00fcssen alle Unternehmen ab 01.01.2027 im B2B und an die Kommunen e-Rechnungen versenden. In \u00d6sterreich sind e-Rechnungen bei Leistungen an den Bund &amp; \u00f6ffentliche Verwaltung verpflichtend. Aufgrund der neuen Regelungen in Deutschland k\u00f6nnen viele Unternehmen im EU-Raum betroffen und mit &hellip; <a href=\"https:\/\/wellcode.de\/home\/index.php\/de\/e-rechnungen\/\" class=\"more-link\">Continue reading <span class=\"screen-reader-text\">E-Rechnungen (X-Rechnung)<\/span><\/a><\/p>\n","protected":false},"author":1,"featured_media":0,"parent":0,"menu_order":0,"comment_status":"closed","ping_status":"closed","template":"","meta":{"_monsterinsights_skip_tracking":false,"_monsterinsights_sitenote_active":false,"_monsterinsights_sitenote_note":"","_monsterinsights_sitenote_category":0,"footnotes":""},"class_list":["post-1877","page","type-page","status-publish","hentry"],"_links":{"self":[{"href":"https:\/\/wellcode.de\/home\/index.php\/wp-json\/wp\/v2\/pages\/1877","targetHints":{"allow":["GET"]}}],"collection":[{"href":"https:\/\/wellcode.de\/home\/index.php\/wp-json\/wp\/v2\/pages"}],"about":[{"href":"https:\/\/wellcode.de\/home\/index.php\/wp-json\/wp\/v2\/types\/page"}],"author":[{"embeddable":true,"href":"https:\/\/wellcode.de\/home\/index.php\/wp-json\/wp\/v2\/users\/1"}],"replies":[{"embeddable":true,"href":"https:\/\/wellcode.de\/home\/index.php\/wp-json\/wp\/v2\/comments?post=1877"}],"version-history":[{"count":36,"href":"https:\/\/wellcode.de\/home\/index.php\/wp-json\/wp\/v2\/pages\/1877\/revisions"}],"predecessor-version":[{"id":2031,"href":"https:\/\/wellcode.de\/home\/index.php\/wp-json\/wp\/v2\/pages\/1877\/revisions\/2031"}],"wp:attachment":[{"href":"https:\/\/wellcode.de\/home\/index.php\/wp-json\/wp\/v2\/media?parent=1877"}],"curies":[{"name":"wp","href":"https:\/\/api.w.org\/{rel}","templated":true}]}}