{"id":1438,"date":"2020-05-01T09:01:27","date_gmt":"2020-05-01T09:01:27","guid":{"rendered":"https:\/\/wellcode.de\/home\/?page_id=1438"},"modified":"2020-05-08T08:13:06","modified_gmt":"2020-05-08T08:13:06","slug":"datenschutz-dsgvo","status":"publish","type":"page","link":"https:\/\/wellcode.de\/home\/index.php\/de\/datenschutz-dsgvo\/","title":{"rendered":"Datenschutz DSGVO"},"content":{"rendered":"\n<p>Letzte Aktualisierung: 01.05.2020<\/p>\n\n\n\n<p>Die nachfolgende Datenschutzerkl\u00e4rung gilt f\u00fcr die Nutzung unseres Online-Angebots wellcode.de, wellcode.at oder wellcode.net  (nachfolgend \u201eWebsite\u201c).<\/p>\n\n\n\n<p>Wir messen dem Datenschutz gro\u00dfe Bedeutung bei. Die Erhebung und Verarbeitung Ihrer personenbezogenen Daten geschieht unter Beachtung der geltenden datenschutzrechtlichen Vorschriften, insbesondere der Datenschutzgrundverordnung (DSGVO). Wir erheben und verarbeiten Ihre personenbezogenen Daten, um Ihnen das oben genannten Portal anbieten zu k\u00f6nnen. Diese Erkl\u00e4rung beschreibt, wie und zu welchem Zweck Ihre Daten erfasst und genutzt werden und welche Wahlm\u00f6glichkeiten Sie im Zusammenhang mit pers\u00f6nlichen Daten haben.<\/p>\n\n\n\n<p>Durch Ihre Verwendung dieser Website stimmen Sie der Erfassung, Nutzung und \u00dcbertragung Ihrer Daten gem\u00e4\u00df dieser Datenschutzerkl\u00e4rung zu.<\/p>\n\n\n\n<h3 class=\"wp-block-heading\">1. Verantwortlicher<\/h3>\n\n\n\n<p>Verantwortlicher f\u00fcr die Erhebung, Verarbeitung und Nutzung Ihrer personenbezogenen Daten im Sinne von Art. 4 Nr. 7 DSGVO ist<br><\/p>\n\n\n\n<p>Diplom-Informatiker<br>Khamis Abuelkomboz<br><\/p>\n\n\n\n<p>Sofern Sie der Erhebung, Verarbeitung oder Nutzung Ihrer Daten durch uns nach Ma\u00dfgabe dieser Datenschutzbestimmungen insgesamt oder f\u00fcr einzelne Ma\u00dfnahmen widersprechen wollen, k\u00f6nnen Sie Ihren Widerspruch an den Verantwortlichen richten.<br>Sie k\u00f6nnen diese Datenschutzerkl\u00e4rung jederzeit speichern und ausdrucken.<\/p>\n\n\n\n<h3 class=\"wp-block-heading\">2. Allgemeine Nutzung der Website<\/h3>\n\n\n\n<h4 class=\"wp-block-heading\">2.1. Hosting<\/h4>\n\n\n\n<p>Die von uns in Anspruch genommenen Hosting-Leistungen dienen der Zurverf\u00fcgungstellung der folgenden Leistungen: Infrastruktur- und Plattformdienstleistungen, Rechenkapazit\u00e4t, Speicherplatz und Datenbankdienste, Sicherheitsleistungen sowie technische Wartungsleistungen, die wir zum Zwecke des Betriebs der Website einsetzen.<\/p>\n\n\n\n<p>Hierbei verarbeiten wir, bzw. unser Hostinganbieter Bestandsdaten, Kontaktdaten, Inhaltsdaten, Vertragsdaten, Nutzungsdaten, Meta- und Kommunikationsdaten von Kunden, Interessenten und Besuchern dieses Onlineangebotes auf Grundlage unserer berechtigten Interessen an einer effizienten und sicheren Zurverf\u00fcgungstellung dieses Onlineangebotes gem. Art. 6 Abs. 1 S. 1 f) DSGVO i.V.m. Art. 28 DSGVO.<\/p>\n\n\n\n<h4 class=\"wp-block-heading\">2.2. Zugriffsdaten<\/h4>\n\n\n\n<p>Wir sammeln Informationen \u00fcber Sie, wenn Sie diese Website nutzen. Wir erfassen automatisch Informationen \u00fcber Ihr Nutzungsverhalten und Ihre Interaktion mit uns und registrieren Daten zu Ihrem Computer oder Mobilger\u00e4t. Wir erheben, speichern und nutzen Daten \u00fcber jeden Zugriff auf unser Onlineangebot (sogenannte Serverlogfiles). Zu den Zugriffsdaten geh\u00f6ren:<\/p>\n\n\n\n<p>Name und URL der abgerufenen Datei<\/p>\n\n\n\n<p>Datum und Uhrzeit des Abrufs<\/p>\n\n\n\n<p>\u00fcbertragene Datenmenge<\/p>\n\n\n\n<p>PMeldung \u00fcber erfolgreichen Abruf (HTTP response code)<\/p>\n\n\n\n<p>Browsertyp und Browserversion<\/p>\n\n\n\n<p>Betriebssystem<\/p>\n\n\n\n<p>Referer URL (d.h. die zuvor besuchte Seite)<\/p>\n\n\n\n<p>Websites, die vom System des Nutzers \u00fcber unsere Website aufgerufen werden<\/p>\n\n\n\n<p>Internet-Service-Provider des Nutzers<\/p>\n\n\n\n<p>IP-Adresse und der anfragende Provider<\/p>\n\n\n\n<p>Wir nutzen diese Protokolldaten ohne Zuordnung zu Ihrer Person oder sonstiger Profilerstellung f\u00fcr statistische Auswertungen zum Zweck des Betriebs, der Sicherheit und der Optimierung unseres Onlineangebotes, aber auch zur anonymen Erfassung der Anzahl der Besucher auf unserer Website (traffic) sowie zum Umfang und zur Art der Nutzung unserer Website und Dienste. Aufgrund dieser Informationen k\u00f6nnen wir personalisierte und standortbezogene Inhalte zur Verf\u00fcgung stellen und den Datenverkehr analysieren, Fehler suchen und beheben und unsere Dienste verbessern.<\/p>\n\n\n\n<p>Hierin liegt auch unser berechtigtes Interesse gem\u00e4\u00df Art 6 Abs. 1 S. 1 f) DSGVO.<\/p>\n\n\n\n<p>Wir behalten uns vor, die Protokolldaten nachtr\u00e4glich zu \u00fcberpr\u00fcfen, wenn aufgrund konkreter Anhaltspunkte der berechtigte Verdacht einer rechtswidrigen Nutzung besteht. IP-Adressen speichern wir f\u00fcr einen begrenzten Zeitraum in den Logfiles, wenn dies f\u00fcr Sicherheitszwecke erforderlich oder f\u00fcr die Leistungserbringung oder die Abrechnung einer Leistung n\u00f6tig ist, z. B. wenn Sie eines unserer Angebote nutzen. Nach Abbruch des Vorgangs der Bestellung oder nach Zahlungseingang l\u00f6schen wir die IP-Adresse, wenn diese f\u00fcr Sicherheitszwecke nicht mehr erforderlich ist. IP-Adressen speichern wir auch dann, wenn wir den konkreten Verdacht einer Straftat im Zusammenhang mit der Nutzung unserer Website haben. Au\u00dferdem speichern wir als Teil Ihres Accounts das Datum Ihres letzten Besuchs (z.B. bei Registrierung, Login, Klicken von Links etc.).<\/p>\n\n\n\n<h4 class=\"wp-block-heading\">2.3. Cookies<\/h4>\n\n\n\n<p>Wir verwenden sogenannte Session-Cookies, um unser Onlineangebot zu optimieren. Ein Session-Cookie ist eine kleine Textdatei, die von den jeweiligen Servern beim Besuch einer Internetseite verschickt und auf Ihrer Festplatte zwischengespeichert wird. Diese Datei als solche enth\u00e4lt eine sogenannte Session-ID, mit welcher sich verschiedene Anfragen Ihres Browsers der gemeinsamen Sitzung zuordnen lassen. Dadurch kann Ihr Rechner wiedererkannt werden, wenn Sie auf unsere Website zur\u00fcckkehren. Diese Cookies werden gel\u00f6scht, nachdem Sie Ihren Browser schlie\u00dfen.<\/p>\n\n\n\n<p>Wir verwenden in geringem Umfang auch persistente Cookies (ebenfalls kleine Textdateien, die auf Ihrem Endger\u00e4t abgelegt werden), die auf Ihrem Endger\u00e4t verbleiben und es uns erm\u00f6glichen, Ihren Browser beim n\u00e4chsten Besuch wiederzuerkennen. Diese Cookies werden auf Ihrer Festplatte gespeichert und l\u00f6schen sich nach der vorgegebenen Zeit von allein. Ihre Lebensdauer betr\u00e4gt 1 Monat bis 10 Jahre. So k\u00f6nnen wir Ihnen unser Angebot nutzerfreundlicher, effektiver und sicherer pr\u00e4sentieren und Ihnen beispielsweise speziell auf Ihre Interessen abgestimmte Informationen auf der Seite anzeigen.<\/p>\n\n\n\n<p>Unser berechtigtes Interesse an der Nutzung der Cookies gem\u00e4\u00df Art 6 Abs. 1 S. 1 f) DSGVO liegt darin, unsere Website nutzerfreundlicher, effektiver und sicherer zu machen.<\/p>\n\n\n\n<p>Wir sammeln Informationen \u00fcber Sie, wenn Sie diese Website nutzen. Wir erfassen automatisch Informationen \u00fcber Ihr Nutzungsverhalten und Ihre Interaktion mit uns und registrieren Daten zu Ihrem Computer oder Mobilger\u00e4t. Wir erheben, speichern und nutzen Daten \u00fcber jeden Zugriff auf unser Onlineangebot (sogenannte Serverlogfiles). Zu den Zugriffsdaten geh\u00f6ren:<\/p>\n\n\n\n<p>Spracheinstellungen<\/p>\n\n\n\n<p>eingegebene Suchbegriffe<\/p>\n\n\n\n<p>Informationen \u00fcber die Anzahl der Aufrufe unserer Website sowie Nutzung einzelner Funktionen unseres Internetauftritts.<\/p>\n\n\n\n<p>Bei Aktivierung des Cookies wird diesem eine Identifikationsnummer zugewiesen und eine Zuordnung Ihrer personenbezogenen Daten zu dieser Identifikationsnummer wird nicht vorgenommen. Ihr Name, Ihre IP-Adresse oder \u00e4hnliche Daten, die eine Zuordnung des Cookies zu Ihnen erm\u00f6glichen w\u00fcrden, werden nicht in den Cookie eingelegt. Auf Basis der Cookie-Technologie erhalten wir lediglich pseudonymisierte Informationen, beispielsweise dar\u00fcber, welche Seiten unserer Website besucht wurden, welche Produkte angesehen wurden, etc.<\/p>\n\n\n\n<p>Sie k\u00f6nnen Ihren Browser so einstellen, dass Sie \u00fcber das Setzen von Cookies vorab informiert werden und im Einzelfall entscheiden k\u00f6nnen, ob Sie die Annahme von Cookies f\u00fcr bestimmte F\u00e4lle oder generell ausschlie\u00dfen, oder dass Cookies komplett verhindert werden. Dadurch kann die Funktionalit\u00e4t der Website eingeschr\u00e4nkt werden.<\/p>\n\n\n\n<h4 class=\"wp-block-heading\">2.4. E-Mail Kontakt<\/h4>\n\n\n\n<p>Wenn Sie mit uns in Kontakt treten (z. B. per Kontaktformular oder E-Mail), speichern wir Ihre Angaben zur Bearbeitung der Anfrage sowie f\u00fcr den Fall, dass Anschlussfragen entstehen.<\/p>\n\n\n\n<p>Hierin liegt auch unser berechtigtes Interesse gem\u00e4\u00df Art 6 Abs. 1 S. 1 f) DSGVO.<\/p>\n\n\n\n<p>Weitere personenbezogene Daten speichern und nutzen wir nur, wenn Sie dazu einwilligen oder dies ohne besondere Einwilligung gesetzlich zul\u00e4ssig ist.<\/p>\n\n\n\n<h4 class=\"wp-block-heading\">2.5. Speicherdauer<\/h4>\n\n\n\n<p>Sofern nicht spezifisch angegeben speichern wir personenbezogene Daten nur so lange, wie dies zur Erf\u00fcllung der verfolgten Zwecke notwendig ist.<\/p>\n\n\n\n<h3 class=\"wp-block-heading\">3. Ihre Rechte als von der Datenverarbeitung Betroffener<\/h3>\n\n\n\n<p>Nach den anwendbaren Gesetzen haben Sie verschiedene Rechte bez\u00fcglich Ihrer personenbezogenen Daten. M\u00f6chten Sie diese Rechte geltend machen, so richten Sie Ihre Anfrage bitte per E-Mail oder per Post unter eindeutiger Identifizierung Ihrer Person an die in Ziffer 1 genannte Adresse.<\/p>\n\n\n\n<p>Nachfolgend finden Sie eine \u00dcbersicht \u00fcber Ihre Rechte.<\/p>\n\n\n\n<h4 class=\"wp-block-heading\">3.1. Recht auf Best\u00e4tigung und Auskunft<\/h4>\n\n\n\n<p>Sie haben jederzeit das Recht, von uns eine Best\u00e4tigung dar\u00fcber zu erhalten, ob Sie betreffende personenbezogene Daten verarbeitet werden. Ist dies der Fall, so haben Sie das Recht, von uns eine unentgeltliche Auskunft \u00fcber die zu Ihnen gespeicherten personenbezogenen Daten nebst einer Kopie dieser Daten zu verlangen. Des Weiteren besteht ein Recht auf wfolgende Informationen:<\/p>\n\n\n\n<p>die Verarbeitungszwecke; die Kategorien personenbezogener Daten, die verarbeitet werden; die Empf\u00e4nger oder Kategorien von Empf\u00e4ngern, gegen\u00fcber denen die personenbezogenen Daten offengelegt worden sind oder noch offengelegt werden, insbesondere bei Empf\u00e4ngern in Drittl\u00e4ndern oder bei internationalen Organisationen; falls m\u00f6glich, die geplante Dauer, f\u00fcr die die personenbezogenen Daten gespeichert werden, oder, falls dies nicht m\u00f6glich ist, die Kriterien f\u00fcr die Festlegung dieser Dauer; das Bestehen eines Rechts auf Berichtigung oder L\u00f6schung der Sie betreffenden personenbezogenen Daten oder auf Einschr\u00e4nkung der Verarbeitung durch den Verantwortlichen oder eines Widerspruchsrechts gegen diese Verarbeitung; das Bestehen eines Beschwerderechts bei einer Aufsichtsbeh\u00f6rde; wenn die personenbezogenen Daten nicht bei Ihnen erhoben werden, alle verf\u00fcgbaren Informationen \u00fcber die Herkunft der Daten; das Bestehen einer automatisierten Entscheidungsfindung einschlie\u00dflich Profiling gem\u00e4\u00df&nbsp;Artikel 22&nbsp;Abs\u00e4tze 1 und 4 DSGVO und \u2013 zumindest in diesen F\u00e4llen \u2013 aussagekr\u00e4ftige Informationen \u00fcber die involvierte Logik sowie die Tragweite und die angestrebten Auswirkungen einer derartigen Verarbeitung f\u00fcr Sie.<\/p>\n\n\n\n<p>Werden personenbezogene Daten an ein Drittland oder an eine internationale Organisation \u00fcbermittelt, so haben Sie das Recht, \u00fcber die geeigneten Garantien gem\u00e4\u00df Art. 46 DSGVO im Zusammenhang mit der \u00dcbermittlung unterrichtet zu werden.<\/p>\n\n\n\n<h4 class=\"wp-block-heading\">3.2. Recht auf Berichtigung<\/h4>\n\n\n\n<p>Sie haben das Recht, von uns unverz\u00fcglich die Berichtigung Sie betreffender unrichtiger personenbezogener Daten zu verlangen. Unter Ber\u00fccksichtigung der Zwecke der Verarbeitung haben Sie das Recht, die Vervollst\u00e4ndigung unvollst\u00e4ndiger personenbezogener Daten \u2013 auch mittels einer erg\u00e4nzenden Erkl\u00e4rung \u2013 zu verlangen.<\/p>\n\n\n\n<h4 class=\"wp-block-heading\">3.3. Recht auf L\u00f6schung (\u201eRecht auf Vergessenwerden\u201c)<\/h4>\n\n\n\n<p>Sie haben gem\u00e4\u00df Art. 17 Abs. 1 DSGVO das Recht, von uns zu verlangen, dass Sie betreffende personenbezogene Daten unverz\u00fcglich gel\u00f6scht werden, und wir sind verpflichtet, personenbezogene Daten unverz\u00fcglich zu l\u00f6schen, sofern einer der folgenden Gr\u00fcnde zutrifft:<\/p>\n\n\n\n<ol class=\"wp-block-list\"><li>Die personenbezogenen Daten sind f\u00fcr die Zwecke, f\u00fcr die sie erhoben oder auf sonstige Weise verarbeitet wurden, nicht mehr notwendig.<\/li><li>Sie widerrufen Ihre Einwilligung, auf die sich die Verarbeitung gem\u00e4\u00df&nbsp;Art. 6&nbsp;Abs. 1 S. 1 a) DSGVO oder&nbsp;Art. 9&nbsp;Abs. 2 a) DSGVO st\u00fctzte, und es fehlt an einer anderweitigen Rechtsgrundlage f\u00fcr die Verarbeitung.<\/li><li>Sie legen gem\u00e4\u00df&nbsp;Art. 21&nbsp;Abs. 1 DSGVO Widerspruch gegen die Verarbeitung ein und es liegen keine vorrangigen berechtigten Gr\u00fcnde f\u00fcr die Verarbeitung vor, oder Sie legen gem\u00e4\u00df&nbsp;Art. 21&nbsp;Abs. 2 DSGVO Widerspruch gegen die Verarbeitung ein.<\/li><li>Die personenbezogenen Daten wurden unrechtm\u00e4\u00dfig verarbeitet.<\/li><li>Die L\u00f6schung der personenbezogenen Daten ist zur Erf\u00fcllung einer rechtlichen Verpflichtung nach dem Unionsrecht oder dem Recht der Mitgliedstaaten erforderlich, dem wir unterliegen.<\/li><li>Die personenbezogenen Daten wurden in Bezug auf angebotene Dienste der Informationsgesellschaft gem\u00e4\u00df&nbsp;Art. 8&nbsp;Abs. 1 DSGVO erhoben.<\/li><\/ol>\n\n\n\n<p>Haben wir die personenbezogenen Daten \u00f6ffentlich gemacht und sind wir gem\u00e4\u00df Art. 17 Abs. 1 DSGVO zu deren L\u00f6schung verpflichtet, so treffen wir unter Ber\u00fccksichtigung der verf\u00fcgbaren Technologie und der Implementierungskosten angemessene Ma\u00dfnahmen, auch technischer Art, um f\u00fcr die Datenverarbeitung Verantwortliche, die die personenbezogenen Daten verarbeiten, dar\u00fcber zu informieren, dass Sie von ihnen die L\u00f6schung aller Links zu diesen personenbezogenen Daten oder von Kopien oder Replikationen dieser personenbezogenen Daten verlangt haben.<\/p>\n\n\n\n<h4 class=\"wp-block-heading\">3.4. Recht auf Einschr\u00e4nkung der Verarbeitung<\/h4>\n\n\n\n<p>Sie haben das Recht, von uns die Einschr\u00e4nkung der Verarbeitung zu verlangen, wenn eine der folgenden Voraussetzungen gegeben ist:<\/p>\n\n\n\n<ol class=\"wp-block-list\"><li>die Richtigkeit der personenbezogenen Daten wird von Ihnen bestritten, und zwar f\u00fcr eine Dauer, die es uns erm\u00f6glicht, die Richtigkeit der personenbezogenen Daten zu \u00fcberpr\u00fcfen,<\/li><li>die Verarbeitung unrechtm\u00e4\u00dfig ist und Sie die L\u00f6schung der personenbezogenen Daten ablehnten und stattdessen die Einschr\u00e4nkung der Nutzung der personenbezogenen Daten verlangt haben;<\/li><li>wir die personenbezogenen Daten f\u00fcr die Zwecke der Verarbeitung nicht l\u00e4nger ben\u00f6tigen, Sie die Daten jedoch zur Geltendmachung, Aus\u00fcbung oder Verteidigung von Rechtsanspr\u00fcchen ben\u00f6tigen, oder<\/li><li>Sie Widerspruch gegen die Verarbeitung gem\u00e4\u00df&nbsp;Art. 21&nbsp;Abs. 1 DSGVO eingelegt haben, solange noch nicht feststeht, ob die berechtigten Gr\u00fcnde unseres Unternehmens gegen\u00fcber den Ihren \u00fcberwiegen.<\/li><\/ol>\n\n\n\n<h4 class=\"wp-block-heading\">3.5. Recht auf Daten\u00fcbertragbarkeit<\/h4>\n\n\n\n<p>Sie haben das Recht, die Sie betreffenden personenbezogenen Daten, die Sie uns bereitgestellt haben, in einem strukturierten, g\u00e4ngigen und maschinenlesbaren Format zu erhalten, und Sie haben das Recht, diese Daten einem anderen Verantwortlichen ohne Behinderung durch uns zu \u00fcbermitteln, sofern<\/p>\n\n\n\n<ol class=\"wp-block-list\"><li>die Verarbeitung auf einer Einwilligung gem\u00e4\u00df&nbsp;Art. 6&nbsp;Abs. 1 S. 1 a) DSGVO oder&nbsp;Art. 9&nbsp;Abs. 2 a) DSGVO oder auf einem Vertrag gem\u00e4\u00df&nbsp;Art. 6&nbsp;Abs. 1 S. 1 b) DSGVO beruht und<\/li><li>die Verarbeitung mithilfe automatisierter Verfahren erfolgt.<\/li><\/ol>\n\n\n\n<p>Bei der Aus\u00fcbung Ihres Rechts auf Daten\u00fcbertragbarkeit gem\u00e4\u00df Absatz 1 haben Sie das Recht, zu erwirken, dass die personenbezogenen Daten direkt von uns einem anderen Verantwortlichen \u00fcbermittelt werden, soweit dies technisch machbar ist.<\/p>\n\n\n\n<h4 class=\"wp-block-heading\">3.6. Widerspruchsrecht<\/h4>\n\n\n\n<p>Sie haben das Recht, aus Gr\u00fcnden, die sich aus Ihrer besonderen Situation ergeben, jederzeit gegen die Verarbeitung Sie betreffender personenbezogener Daten, die aufgrund von&nbsp;Art. 6&nbsp;Abs. 1 S. 1 e) oder f) DSGVO erfolgt, Widerspruch einzulegen; dies gilt auch f\u00fcr ein auf diese Bestimmungen gest\u00fctztes Profiling. Wir verarbeiten die personenbezogenen Daten nicht mehr, es sei denn, wir k\u00f6nnen zwingende schutzw\u00fcrdige Gr\u00fcnde f\u00fcr die Verarbeitung nachweisen, die Ihre Interessen, Rechte und Freiheiten \u00fcberwiegen, oder die Verarbeitung dient der Geltendmachung, Aus\u00fcbung oder Verteidigung von Rechtsanspr\u00fcchen.<\/p>\n\n\n\n<p>Werden personenbezogene Daten von uns verarbeitet, um Direktwerbung zu betreiben, so haben Sie das Recht, jederzeit Widerspruch gegen die Verarbeitung Sie betreffender personenbezogener Daten zum Zwecke derartiger Werbung einzulegen; dies gilt auch f\u00fcr das Profiling, soweit es mit solcher Direktwerbung in Verbindung steht.<\/p>\n\n\n\n<p>Sie haben das Recht, aus Gr\u00fcnden, die sich aus Ihrer besonderen Situation ergeben, gegen die Sie betreffende Verarbeitung Sie betreffender personenbezogener Daten, die zu wissenschaftlichen oder historischen Forschungszwecken oder zu statistischen Zwecken gem\u00e4\u00df&nbsp;Art. 89&nbsp;Abs. 1 DSGVO erfolgt, Widerspruch einzulegen, es sei denn, die Verarbeitung ist zur Erf\u00fcllung einer im \u00f6ffentlichen Interesse liegenden Aufgabe erforderlich.<\/p>\n\n\n\n<h4 class=\"wp-block-heading\">3.7. Automatisierte Entscheidungen einschlie\u00dflich Profiling<\/h4>\n\n\n\n<p>Sie haben das Recht, nicht einer ausschlie\u00dflich auf einer automatisierten Verarbeitung \u2013 einschlie\u00dflich Profiling \u2013 beruhenden Entscheidung unterworfen zu werden, die Ihnen gegen\u00fcber rechtliche Wirkung entfaltet oder Sie in \u00e4hnlicher Weise erheblich beeintr\u00e4chtigt.<\/p>\n\n\n\n<p>Eine automatisierte Entscheidungsfindung auf der Grundlage der erhobenen personenbezogenen Daten findet nicht statt.<\/p>\n\n\n\n<h4 class=\"wp-block-heading\">3.8. Recht auf Widerruf einer datenschutzrechtlichen Einwilligung<\/h4>\n\n\n\n<p>Sie haben das Recht, eine Einwilligung zur Verarbeitung personenbezogener Daten jederzeit zu widerrufen.<\/p>\n\n\n\n<h4 class=\"wp-block-heading\">3.9. Recht auf Beschwerde bei einer Aufsichtsbeh\u00f6rde<\/h4>\n\n\n\n<p>Sie haben das Recht auf Beschwerde bei einer Aufsichtsbeh\u00f6rde, insbesondere in dem Mitgliedstaat Ihres Aufenthaltsorts, Ihres Arbeitsplatzes oder des Orts des mutma\u00dflichen Versto\u00dfes, wenn Sie der Ansicht sind, dass die Verarbeitung der Sie betreffenden personenbezogenen Daten rechtswidrig ist.<\/p>\n\n\n\n<h3 class=\"wp-block-heading\">4. Datensicherheit<\/h3>\n\n\n\n<p>Wir sind um die Sicherheit Ihrer Daten im Rahmen der geltenden Datenschutzgesetze und technischen M\u00f6glichkeiten maximal bem\u00fcht.<\/p>\n\n\n\n<p>Ihre pers\u00f6nlichen Daten werden bei uns verschl\u00fcsselt \u00fcbertragen. Dies gilt f\u00fcr Ihre Bestellungen und auch f\u00fcr das Kundenlogin. Wir nutzen das Codierungssystem SSL (Secure Socket Layer), weisen jedoch darauf hin, dass die Daten\u00fcbertragung im Internet (z.B. bei der Kommunikation per E-Mail) Sicherheitsl\u00fccken aufweisen kann. Ein l\u00fcckenloser Schutz der Daten vor dem Zugriff durch Dritte ist nicht m\u00f6glich.<\/p>\n\n\n\n<p>Zur Sicherung Ihrer Daten unterhalten wir technische und organisatorische Sicherungsma\u00dfnahmen entsprechend Art. 32 DSGVO, die wir immer wieder dem Stand der Technik anpassen.<\/p>\n\n\n\n<p>Wir gew\u00e4hrleisten au\u00dferdem nicht, dass unser Angebot zu bestimmten Zeiten zur Verf\u00fcgung steht; St\u00f6rungen, Unterbrechungen oder Ausf\u00e4lle k\u00f6nnen nicht ausgeschlossen werden. Die von uns verwendeten Server werden regelm\u00e4\u00dfig sorgf\u00e4ltig gesichert.<\/p>\n\n\n\n<h3 class=\"wp-block-heading\">5. Weitergabe von Daten an Dritte<\/h3>\n\n\n\n<p>Grunds\u00e4tzlich verwenden wir Ihre personenbezogenen Daten nur innerhalb unseres Unternehmens.<\/p>\n\n\n\n<p>Wenn und soweit wir Dritte im Rahmen der Erf\u00fcllung von Vertr\u00e4gen einschalten (etwa Logistik-Dienstleister), erhalten diese personenbezogene Daten nur in dem Umfang, in welchem die \u00dcbermittlung f\u00fcr die entsprechende Leistung erforderlich ist.<\/p>\n\n\n\n<p>F\u00fcr den Fall, dass wir bestimmte Teile der Datenverarbeitung auslagern (\u201eAuftragsverarbeitung\u201c), verpflichten wir Auftragsverarbeiter vertraglich dazu, personenbezogene Daten nur im Einklang mit den Anforderungen der Datenschutzgesetze zu verwenden und den Schutz der Rechte der betroffenen Person zu gew\u00e4hrleisten.<\/p>\n\n\n\n<p><\/p>\n","protected":false},"excerpt":{"rendered":"<p>Letzte Aktualisierung: 01.05.2020 Die nachfolgende Datenschutzerkl\u00e4rung gilt f\u00fcr die Nutzung unseres Online-Angebots wellcode.de, wellcode.at oder wellcode.net (nachfolgend \u201eWebsite\u201c). Wir messen dem Datenschutz gro\u00dfe Bedeutung bei. Die Erhebung und Verarbeitung Ihrer personenbezogenen Daten geschieht unter Beachtung der geltenden datenschutzrechtlichen Vorschriften, insbesondere der Datenschutzgrundverordnung (DSGVO). Wir erheben und verarbeiten Ihre personenbezogenen Daten, um Ihnen das oben genannten &hellip; <a href=\"https:\/\/wellcode.de\/home\/index.php\/de\/datenschutz-dsgvo\/\" class=\"more-link\">Continue reading <span class=\"screen-reader-text\">Datenschutz DSGVO<\/span><\/a><\/p>\n","protected":false},"author":1,"featured_media":0,"parent":0,"menu_order":0,"comment_status":"closed","ping_status":"closed","template":"","meta":{"_monsterinsights_skip_tracking":false,"_monsterinsights_sitenote_active":false,"_monsterinsights_sitenote_note":"","_monsterinsights_sitenote_category":0,"footnotes":""},"class_list":["post-1438","page","type-page","status-publish","hentry"],"_links":{"self":[{"href":"https:\/\/wellcode.de\/home\/index.php\/wp-json\/wp\/v2\/pages\/1438","targetHints":{"allow":["GET"]}}],"collection":[{"href":"https:\/\/wellcode.de\/home\/index.php\/wp-json\/wp\/v2\/pages"}],"about":[{"href":"https:\/\/wellcode.de\/home\/index.php\/wp-json\/wp\/v2\/types\/page"}],"author":[{"embeddable":true,"href":"https:\/\/wellcode.de\/home\/index.php\/wp-json\/wp\/v2\/users\/1"}],"replies":[{"embeddable":true,"href":"https:\/\/wellcode.de\/home\/index.php\/wp-json\/wp\/v2\/comments?post=1438"}],"version-history":[{"count":5,"href":"https:\/\/wellcode.de\/home\/index.php\/wp-json\/wp\/v2\/pages\/1438\/revisions"}],"predecessor-version":[{"id":1465,"href":"https:\/\/wellcode.de\/home\/index.php\/wp-json\/wp\/v2\/pages\/1438\/revisions\/1465"}],"wp:attachment":[{"href":"https:\/\/wellcode.de\/home\/index.php\/wp-json\/wp\/v2\/media?parent=1438"}],"curies":[{"name":"wp","href":"https:\/\/api.w.org\/{rel}","templated":true}]}}