{"id":1162,"date":"2018-06-08T16:22:53","date_gmt":"2018-06-08T16:22:53","guid":{"rendered":"http:\/\/www.wellcode.de\/home\/?page_id=1162"},"modified":"2021-11-05T01:15:58","modified_gmt":"2021-11-05T01:15:58","slug":"wello-order-management-oms-de","status":"publish","type":"page","link":"https:\/\/wellcode.de\/home\/index.php\/de\/wello-order-management-oms-de\/","title":{"rendered":"Wello Order Management (OMS) (de)"},"content":{"rendered":"\n<h2 class=\"wp-block-heading\"><img loading=\"lazy\" decoding=\"async\" width=\"136\" height=\"105\" class=\"wp-image-950 alignright\" src=\"\/home\/wp-content\/uploads\/ORDERS@2x-1.png\" alt=\"\" srcset=\"https:\/\/wellcode.de\/home\/wp-content\/uploads\/ORDERS@2x-1.png 1601w, https:\/\/wellcode.de\/home\/wp-content\/uploads\/ORDERS@2x-1-300x231.png 300w, https:\/\/wellcode.de\/home\/wp-content\/uploads\/ORDERS@2x-1-768x591.png 768w, https:\/\/wellcode.de\/home\/wp-content\/uploads\/ORDERS@2x-1-1024x788.png 1024w\" sizes=\"auto, (max-width: 136px) 100vw, 136px\" \/><\/h2>\n\n\n\n<p>Das WELLO OMS bildet die Prozesse der Vorgangsabwicklung ab, beginnend von der Anfrage bis hin zur Auftragsbest\u00e4tigung, Bestellung und Fakturierung. Einzelne Vorg\u00e4nge lassen sich in einen Sammelvorgang zusammenfassen.<br>\u00dcber einen Kundenzugang k\u00f6nnen vorhandene Auftr\u00e4ge eingesehen und neue Auftr\u00e4ge angelegt werden.<br>Das OMS ist international konzipiert. W\u00e4hrung &amp; Steuern lassen sich individuell anpassen.Vorgangsdokumente (wie Rechnungen) werden automatisch nach Kundenvorlagen generiert und k\u00f6nnen direkt editiert und gedruckt werden.<br>S-Kontierung und Rabatte k\u00f6nnen pro Auftrag und Position, gekn\u00fcpft an Zahlungsbedingungen, angegeben werden. Kunden-abh\u00e4ngige Preise &amp; Rabatte k\u00f6nnen im System verwaltet werden.<\/p>\n\n\n\n<div class=\"wp-block-image\"><figure class=\"aligncenter\"><a href=\"\/home\/wp-content\/uploads\/order.png\"><img decoding=\"async\" src=\"\/home\/wp-content\/uploads\/order.png\" alt=\"\" class=\"wp-image-1040\"\/><\/a><\/figure><\/div>\n\n\n\n<p>Vorgangsdokumente (Auftragsbest\u00e4tigung, Lieferschein, Rechnung, &#8230;) k\u00f6nnen per benutzerdefinierten Word-Vorlagen automatisch angelegt, vorab live editiert oder direkt gedruckt werden. Es k\u00f6nnen andere Vorlagen (wie HTML) benutzt werden, die Makro-gesteuert gef\u00fcllt werden und per Browser oder offline gedruckt oder per Email als PDF gesendet werden. Alle Vorlagen sind benutzerdefiniert und k\u00f6nnen an das Firmenlayout angepasst werden.<\/p>\n\n\n\n<div class=\"wp-block-image\"><figure class=\"aligncenter\"><a href=\"http:\/\/www.wellcode.de\/home\/wp-content\/uploads\/OrderInvoice.png\"><img loading=\"lazy\" decoding=\"async\" width=\"708\" height=\"913\" src=\"http:\/\/www.wellcode.de\/home\/wp-content\/uploads\/OrderInvoice.png\" alt=\"Rechnung\" class=\"wp-image-1239\" srcset=\"https:\/\/wellcode.de\/home\/wp-content\/uploads\/OrderInvoice.png 708w, https:\/\/wellcode.de\/home\/wp-content\/uploads\/OrderInvoice-233x300.png 233w\" sizes=\"auto, (max-width: 708px) 100vw, 708px\" \/><\/a><figcaption>Beispiel Rechnung<\/figcaption><\/figure><\/div>\n\n\n\n<p>Ein stufenweises Mahnwesen ist Bestandteil des OMS. Wello OMS integriert sich nahtlos in die Wello Logistics, Accounting &amp; Banking Module.<\/p>\n","protected":false},"excerpt":{"rendered":"<p>Das WELLO OMS bildet die Prozesse der Vorgangsabwicklung ab, beginnend von der Anfrage bis hin zur Auftragsbest\u00e4tigung, Bestellung und Fakturierung. Einzelne Vorg\u00e4nge lassen sich in einen Sammelvorgang zusammenfassen.\u00dcber einen Kundenzugang k\u00f6nnen vorhandene Auftr\u00e4ge eingesehen und neue Auftr\u00e4ge angelegt werden.Das OMS ist international konzipiert. W\u00e4hrung &amp; Steuern lassen sich individuell anpassen.Vorgangsdokumente (wie Rechnungen) werden automatisch nach &hellip; <a href=\"https:\/\/wellcode.de\/home\/index.php\/de\/wello-order-management-oms-de\/\" class=\"more-link\">Continue reading <span class=\"screen-reader-text\">Wello Order Management (OMS) (de)<\/span><\/a><\/p>\n","protected":false},"author":1,"featured_media":0,"parent":0,"menu_order":0,"comment_status":"closed","ping_status":"closed","template":"","meta":{"_monsterinsights_skip_tracking":false,"_monsterinsights_sitenote_active":false,"_monsterinsights_sitenote_note":"","_monsterinsights_sitenote_category":0,"footnotes":""},"class_list":["post-1162","page","type-page","status-publish","hentry"],"_links":{"self":[{"href":"https:\/\/wellcode.de\/home\/index.php\/wp-json\/wp\/v2\/pages\/1162","targetHints":{"allow":["GET"]}}],"collection":[{"href":"https:\/\/wellcode.de\/home\/index.php\/wp-json\/wp\/v2\/pages"}],"about":[{"href":"https:\/\/wellcode.de\/home\/index.php\/wp-json\/wp\/v2\/types\/page"}],"author":[{"embeddable":true,"href":"https:\/\/wellcode.de\/home\/index.php\/wp-json\/wp\/v2\/users\/1"}],"replies":[{"embeddable":true,"href":"https:\/\/wellcode.de\/home\/index.php\/wp-json\/wp\/v2\/comments?post=1162"}],"version-history":[{"count":7,"href":"https:\/\/wellcode.de\/home\/index.php\/wp-json\/wp\/v2\/pages\/1162\/revisions"}],"predecessor-version":[{"id":1675,"href":"https:\/\/wellcode.de\/home\/index.php\/wp-json\/wp\/v2\/pages\/1162\/revisions\/1675"}],"wp:attachment":[{"href":"https:\/\/wellcode.de\/home\/index.php\/wp-json\/wp\/v2\/media?parent=1162"}],"curies":[{"name":"wp","href":"https:\/\/api.w.org\/{rel}","templated":true}]}}